{"id":24,"date":"2005-10-26T15:04:13","date_gmt":"2005-10-26T14:04:13","guid":{"rendered":"http:\/\/www.danholtjensen.dk\/lhven\/?page_id=24"},"modified":"2011-04-17T17:51:13","modified_gmt":"2011-04-17T16:51:13","slug":"nyhedsbrev-juni-2005","status":"publish","type":"page","link":"http:\/\/lh-ven.dk\/?page_id=24","title":{"rendered":"Nyhedsbrev juni 2005"},"content":{"rendered":"<p>S\u00e5 er LH\u2019s Venner igen gaden med et nyhedsbrev. Det er efterh\u00e5nden lidt siden at I har h\u00f8rt nyt, men til geng\u00e6ld er der sket mange ting siden sidst. F\u00f8rst og fremmest har der v\u00e6ret konvent, hvilket traditionen tro har givet en ny bestyrelse, der blandt andet byder p\u00e5 4 nye medlemmer og et farvel til en enkelt efter 14 \u00bd \u00e5r. Den nye bestyrelse har allerede holdt f\u00f8rste bestyrelsesm\u00f8de, hvilke initiativer de har taget kan du l\u00e6se meget mere om i dette nyhedsbrev.<\/p>\n<p>Du kan ogs\u00e5 l\u00e6se mere om, hvad LH\u2019ere g\u00e5r og foretager sig, hvilket blandt andet byder p\u00e5 et m\u00e5ske farvel til R\u00e5dmandsgade. <\/p>\n<p><strong>Konventet:<\/strong><\/p>\n<p>\u00c5rets konvent blev afholdt som s\u00e6dvanligt i vennernes foretrukne vinstue, nemlig Toga. Dog var der det til forandring i \u00e5r at der var lavet en st\u00f8rre ombygning af Kongestuen s\u00e5 nu havde man lige pludselig mulighed for at f\u00e5 alle med. Og ikke som tidligere \u00e5r, hvor man har v\u00e6ret n\u00f8s til at sige nej til deltagere grundet plads mangel. <\/p>\n<p>Igen i \u00e5r havde man et pragtfuldt vejr, hvilket ikke var med til at mindske v\u00e6ske indtagelsen.<\/p>\n<p>Efter konventet p\u00e5 Toga, gik turen videre til en af K\u00f8benhavns mest attraktive golf baner, dette var selvf\u00f8lgelig Amar Minigolf, hvor det blev muligt for de forskellige at dyste mellem hinanden, det er dog ikke muligt for os at n\u00e6vne vinderen da vi ikke helt kan huske dette. En ting st\u00e5r dog klart, en havenisse m\u00e5tte lade livet i Vicepr\u00e6sidentens kamp for at opn\u00e5 f\u00f8rste pladsen.<\/p>\n<p>Med hvad er en dag uden mad &#038; drikke.<\/p>\n<p>Da dagens varme sol var ved at g\u00e5 ned, gik turen videre til aftenens spisested, og dette blev i \u00e5r til noget Mexicansk, Los Arcos.<\/p>\n<p>Herefter er det lidt sl\u00f8ret hvad der s\u00e5 skete med de forskellige, men en del forsatte dagens begivenheder p\u00e5 K\u00f8nig &#038; Becker. Hvor aftenen for de fleste sluttede.<\/p>\n<p>Og ja der er kommet ny bestyrelse. Den ser ud som flg.<\/p>\n<p>\u2022\tPr\u00e6sident: Karin Dinsen<br \/>\n\u2022\tVicepr\u00e6sident: Kasper Kaufmann<br \/>\n\u2022\tIndt\u00e6gtsadministrator: Per Loft Rasmussen<br \/>\n\u2022\tOrganisationssekret\u00e6r: Morten Dixen<\/p>\n<p>Bestyrelse:<br \/>\n\u2022\tDan Holt Jensen<br \/>\n\u2022\tKaren Nilaus<br \/>\n\u2022\tMathias N\u00f8rvig<br \/>\n\u2022\tRasmus Corneliussen<br \/>\n\u2022\tJeanne Ellegaard.<br \/>\n\u2022\tHenrik Larsen<\/p>\n<p>Det betyder at valget bet\u00f8d et farvel til i alt 4 bestyrelsesmedlemmer. Vi siger tak til Morten Kruse, der trak sig efter et \u00e5r som organisations sekret\u00e6r, vi takker for den store indsats! <\/p>\n<p>Derudover siger vi farvel til Shawn Kelly, der er tr\u00e5d ned i r\u00e6kkerne og f\u00e5et et retr\u00e6te job som sek-leder hos junior klubber samt Martin &#8220;Folket&#8221; J\u00f8rgensen der sagde farvel efter en \u00e5rr\u00e6kke i Vennerne bestyrelse. <\/p>\n<p>En \u00e5rr\u00e6kke kan man ogs\u00e5 kalde Steen V. Jensen\u2019s bestyrelses periode. Han fik sagde farvel efter 14 \u00bd \u00e5r, og som den sidste der havde sidste der havde siddet i bestyrelsen siden starten.<\/p>\n<p><strong>LH`s flytte planer..<\/strong><\/p>\n<p>Igennem l\u00e6ngere tid har LH i samarbejde med de andre elevorganisationer, EEO, DSE, DGS og LAK, arbejdet med projektet &#8220;Elevbev\u00e6gelsens Hus&#8221;. <\/p>\n<p>SiD og KAD har, som det m\u00e5ske er nogle bekendt, valgt at l\u00e6gge sig sammen til 3F, og derfor lukker en masse af de gamle specialafdelinger. En af disse afdelinger havde et hus p\u00e5 N\u00f8rrebro, n\u00e6rmer betegnet Glentevej, som passer perfekt til form\u00e5let. 3 adskilte etager, masser af m\u00f8delokaler, og ogs\u00e5 plads til en lille &#8220;hyggekrog&#8221;, hvis det er det man er til. <\/p>\n<p>Problemet i denne sammenh\u00e6ng ligger i finansieringen. Det er dog s\u00e5 heldigt at DUF har en pulje der st\u00f8tter organisationer der k\u00f8ber ejendom, kaldet etableringstilskud. Den har LH s\u00f8gt 1. juni, men behandlingstiden for ans\u00f8gningerne ligger p\u00e5 ca. 4 m\u00e5neder. Derfor ved LH ikke endnu om de kan k\u00f8be huset, da man uden st\u00f8tten skal betale en del mere end muligt. <\/p>\n<p>S\u00e5 indtil videre har LH en aftale med s\u00e6lgerne, der betyder at man kan k\u00f8be huset. Men kun hvis DUF st\u00f8tter projektet. Derfor er der ikke taget nogen beslutninger endnu, men der krydser b\u00e5de fingre og andet godt for at det skal lykkes.<\/p>\n<p>N\u00e5r man skulle v\u00e6re s\u00e5 heldige at f\u00e5 bevilget bel\u00f8bet vil huset st\u00e5 til overtagelse d.1. maj 2006<\/p>\n<p><strong>Arrangementer:<\/strong><\/p>\n<p>Ja Ogs\u00e5 i \u00e5r kommer der arrangementer i LH\u00b4s venner.<br \/>\nSkulle du v\u00e6re interesseret i at f\u00e5 et nyhedsbrev via mail. Kan du tilmelde dig dette p\u00e5 lh-ven@lh-ven.dk<\/p>\n<p>Aften rundtur i Zoologisk have KBH.<br \/>\nPris 135 kr. per person.<br \/>\nVarighed 2 timer<br \/>\nStarter med en lille medbragt madpakke. Kl. 18:00.<br \/>\nOnsdag d 7. september.<\/p>\n<p>Bingo aften p\u00e5 toga<br \/>\nJa hvad er et liv uden bingo.<br \/>\nS\u00e5 Tirsdag d 22. september er der Bingo p\u00e5 Toga.<br \/>\nDer vil v\u00e6re mulighed for at vinde gode pr\u00e6mier.<br \/>\nStart kl. 19:00<\/p>\n<p>Mange andre aktiviteter vil komme p\u00e5 programmet i \u00e5rets l\u00f8b, husk at l\u00f8bende tjekke vores hjemmeside www.lh-ven.dk. Tilmeld dig nu p\u00e5 lh-ven@lh-ven.dk<\/p>\n<p><strong>Studenter<\/strong><\/p>\n<p>Ja s\u00e5 er skole\u00e5ret jo g\u00e5et, og der er kommet en del studenter ud af dette. Her skal der lyde et STORT tillykke til de LH`er som har f\u00e5et huen. <\/p>\n<p>Flere hovedbestyrelsesmedlemmer har f\u00e5et hue p\u00e5, og fra FU siger vi tillykke til n\u00e6stformanden Kristian Bernth og FU-medlem Kasper Dyremose.<\/p>\n<p>For f\u00f8rste gang i Vennernes historier har et bestyrelsesmedlem af Vennerne ogs\u00e5 f\u00e5et hue p\u00e5 \u2013 dog en forkert farve -, men alligevel, tillykke til Karen Nilaus.<\/p>\n<p><strong>LH har s\u00f8gt!<\/strong><\/p>\n<p>Ja i \u00e5r har LH s\u00f8gt om penge til et professionelt udviklet power point show, som de skal havde med ud p\u00e5 alle skolerne til Intro starten.<\/p>\n<p>Vennerne har med gl\u00e6de valgt at st\u00f8tte dette projekt med 8.000 Kr.<br \/>\nHvad g\u00f8r man ikke for venner.<\/p>\n<p><strong>Klubberne<\/strong><\/p>\n<p><strong>Bowling Klubben<\/strong><\/p>\n<p>Ja som hvert \u00e5r foreskriver skal der jo afholdes et mesterskab i vennernes bowling klub. Dette blev ogs\u00e5 afholdt i \u00e5r, men da sidste \u00e5rs tidligere mester, Vi vil ikke n\u00e6vne navne her (Vicepr\u00e6sidenten) Ikke turde at stille op m\u00e5tte de tilstede v\u00e6rende jo dystet om titlen.<\/p>\n<p>Alt dette udmundede sig i at efter flere timers sved blod og t\u00e5re vandt Erling finale runden med 280 point. Dette var 3 point mere end Steen V.<\/p>\n<p>Bowling klubben holder nu sommerpause, men er klar igen straks efter nyt\u00e5r, s\u00e5 f\u00f8lg med p\u00e5 hjemmesiden.<\/p>\n<p><strong>Poker Klubben.<\/strong><\/p>\n<p>En ny klub har fundet dagens lys i vennerne. Dette er en pokker klub som er stiftet at den nye SEK-leder, samt tidligere formand for LH Dan Holt Jensen.<\/p>\n<p>Hvis man skulle havde interesse i at deltage i denne, er man mere end velkommen til at skrive til SK@handelselever.dk  <\/p>\n<p><strong>Nyt fra ungerne.<\/strong><\/p>\n<p>\u00c5rets Intro-intro bliver i \u00e5r afholdt p\u00e5 Esbjerg H\u00f8jskole. Ronald Kofoed har den prestige fyldte opgave at uddanne de unge mennesker s\u00e5 de er rustet godt p\u00e5 n\u00e5r de kommer ud p\u00e5 skolerne.<\/p>\n<p>Man er i \u00e5r oppe p\u00e5 18 deltagere. Og for at ligge lidt pres p\u00e5 de kommende intro underviser har man allerede f\u00e5et booket 25 skoler. Dette m\u00e5 siges at v\u00e6re et godt stykke arbejde foretaget af LH.<\/p>\n<p><strong>Elevr\u00e5dsh\u00e5ndbog<\/strong><\/p>\n<p>Man har igennem l\u00e6ngere tid \u00f8nsket at f\u00e5 lavet en elevr\u00e5dsh\u00e5ndbog til de mange handelsskoler s\u00e5 de havde noget der kunne hj\u00e6lpe dem i deres daglige gang.<\/p>\n<p>Dette har man s\u00e5 s\u00f8gt om \u00f8konomisk st\u00f8tte til via DUF. Hertil har man f\u00e5et bevilget 45.000 kr.<\/p>\n<p>S\u00e5 inden l\u00e6nge vil de danske handelsskoler havde de nye og friskpresset elevr\u00e5dsh\u00e5ndb\u00f8ger liggende p\u00e5 skoler.<br \/>\nHvilket LH h\u00e5ber, er med til at hj\u00e6lpe dem igennem deres daglige arbejde i elevr\u00e5det.<\/p>\n<p><strong>Kort Nyt!!<\/strong><\/p>\n<p>Steen Wrist \u00d8rts. Havde den store \u00e6re af at blive Far. D 25. Maj kl. 03:54 til en &#8220;lille&#8221; dreng p\u00e5 52 cm og 3300 kg \u00f8hh Gram..<\/p>\n<p>M\u00f8nsted skal giftes d 2. juli samme med Berit H Madsen. Ja s\u00e5 skal man ikke sige at et konvent aldrig har f\u00f8rt til noget godt:-)<\/p>\n<p>Jacob Tietge havde ligeledes den store \u00e6re af at blive far den 10. juni ved 14 tiden.<\/p>\n<p>Tidligere Formand Mark Stokholm, kan i disse dage ses p\u00e5 TV2 Finans som sommerafl\u00f8ser.<\/p>\n<p>Et STORT TILLYKKE skal der lyde til jer alle!<\/p>\n<p>Og ja s\u00e5 til endnu en af vennernes undskyldninger.<\/p>\n<p>Ja det var jo bare et sp\u00f8rgsm\u00e5l om tid: Karin Dinsen, som vi tidligere havde sendt til Skt Thomas for at f\u00e5 lidt ro herhjemme. Er imidlertidigt p\u00e5 vej hjem igen.<\/p>\n<p>Dette skyldes at det rejsebureau hun var ansat for har valgt at indgive deres konkurs beg\u00e6ring.<\/p>\n<p>Om dette har noget med Pr\u00e6sidentens ans\u00e6ttelse f\u00e5 m\u00e5neder f\u00f8r at g\u00f8re, vides ikke.<br \/>\nUNDSKYLD Dansk Vest Indisk Rejseselskab. Undskyld. Nu beholder vi hende i Danmark.<\/p>\n<p><strong>1. maj<\/strong><\/p>\n<p>Ja som det er de fleste bekendt havde vennerne igen i \u00e5r den \u00e6re at f\u00e5 den opgave at st\u00e5 for det praktiske i forbindelse med afholdelsen af 1. maj i f\u00e6lledparken.<\/p>\n<p>Vi vil gerne takke alle de tidligere og nuv\u00e6rende LH\u2019ere der stillede op og igen i \u00e5r gave en hj\u00e6lpende h\u00e5nd med 1. maj.<\/p>\n<p>1. maj er jo et af de arrangementer der er med til at st\u00f8tte vores forening. LH\u2019s Venner kan jo altid bruge penge til at kunne st\u00f8tte de danske handelsskolelever med, s\u00e5 hvis du sidder derude og t\u00e6nker at du har brug for noget hj\u00e6lp til en eller anden opgave, ja s\u00e5 husk p\u00e5 os. Der er intet der er for sm\u00e5t til os. Vi st\u00e5r for alt fra Barned\u00e5b til Begravelse.<\/p>\n<p>Send os en mail og vi giver et tilbud ingen kan matche.<\/p>\n<p>Og dette g\u00e6lder alle slags opgaver. <\/p>\n<p><strong>Vennerne fylder 15 \u00c5r!<\/strong><\/p>\n<p>Ja d.10. november 2005 fylder LH`s venner 15 \u00e5r. Dette skulle jo n\u00e6sten gerne udmunde i en reception, i vores faste lokaler i K\u00f8benhavn men da vi lige skal havde lagt de sidste h\u00e6nder p\u00e5 v\u00e6rket, vil vi tillade os at sende n\u00e6rmer informationer senere.<\/p>\n","protected":false},"excerpt":{"rendered":"<p>S\u00e5 er LH\u2019s Venner igen gaden med et nyhedsbrev. Det er efterh\u00e5nden lidt siden at I har h\u00f8rt nyt, men til geng\u00e6ld er der sket mange ting siden sidst. F\u00f8rst og fremmest har der v\u00e6ret konvent, hvilket traditionen tro har givet en ny bestyrelse, der blandt andet byder p\u00e5 4 nye medlemmer og et farvel [&hellip;]<\/p>\n","protected":false},"author":1,"featured_media":0,"parent":189,"menu_order":3,"comment_status":"open","ping_status":"open","template":"","meta":{"footnotes":""},"_links":{"self":[{"href":"http:\/\/lh-ven.dk\/index.php?rest_route=\/wp\/v2\/pages\/24"}],"collection":[{"href":"http:\/\/lh-ven.dk\/index.php?rest_route=\/wp\/v2\/pages"}],"about":[{"href":"http:\/\/lh-ven.dk\/index.php?rest_route=\/wp\/v2\/types\/page"}],"author":[{"embeddable":true,"href":"http:\/\/lh-ven.dk\/index.php?rest_route=\/wp\/v2\/users\/1"}],"replies":[{"embeddable":true,"href":"http:\/\/lh-ven.dk\/index.php?rest_route=%2Fwp%2Fv2%2Fcomments&post=24"}],"version-history":[{"count":2,"href":"http:\/\/lh-ven.dk\/index.php?rest_route=\/wp\/v2\/pages\/24\/revisions"}],"predecessor-version":[{"id":219,"href":"http:\/\/lh-ven.dk\/index.php?rest_route=\/wp\/v2\/pages\/24\/revisions\/219"}],"up":[{"embeddable":true,"href":"http:\/\/lh-ven.dk\/index.php?rest_route=\/wp\/v2\/pages\/189"}],"wp:attachment":[{"href":"http:\/\/lh-ven.dk\/index.php?rest_route=%2Fwp%2Fv2%2Fmedia&parent=24"}],"curies":[{"name":"wp","href":"https:\/\/api.w.org\/{rel}","templated":true}]}}