{"id":25,"date":"2005-10-26T15:06:03","date_gmt":"2005-10-26T14:06:03","guid":{"rendered":"http:\/\/www.danholtjensen.dk\/lhven\/?page_id=25"},"modified":"2011-04-17T17:52:06","modified_gmt":"2011-04-17T16:52:06","slug":"nyhedsbrev-september-2004","status":"publish","type":"page","link":"http:\/\/lh-ven.dk\/?page_id=25","title":{"rendered":"Nyhedsbrev 2004"},"content":{"rendered":"<h3>September 2004<\/h3>\n<p><strong>LH\u2019s Venners nyhedsbrev, september 2004<\/strong><\/p>\n<p>Sommeren er slut, og verden er s\u00e5 sm\u00e5t begyndt at starte op igen. Dermed er det tid til at h\u00f8re fra LH\u2019s Venner igen. Det er et vigtigt efter\u00e5r vi g\u00e5r ind i, da den 9. november er dagen for LH\u2019s 25 \u00e5rs stiftelse.<\/p>\n<p><strong>LH\u2019s Venners 15. konvent<\/strong><\/p>\n<p>S\u00f8ndag den 30. maj afholdte LH\u2019s Venners sit 15. konvent. I lighed med tidligere \u00e5r var den mere formelle del henlagt til Toga Vinstue i den indre K\u00f8benhavn. I Pr\u00e6sidentens frav\u00e6r (l\u00e6s mere herom senere), afholdt Organisations sekret\u00e6r Kasper Kaufmann beretningen. <\/p>\n<p>Efter et veloverst\u00e5et m\u00f8de drog forsamlingen ud til \u00e5rets kulturelle begivenhed, en rundfart i K\u00f8benhavns Havn, som sluttede i, ja g\u00e6t 3 gange.. Nyhavn, her var der rig mulighed for, at \u00f8ge det kulturelle input som var m\u00e5let med turen. <\/p>\n<p>Efter et par timer i Nyhavn, gik turen videre til Mama Rosa, der var \u00e5rets udvalgte til at servere \u00e5rets konvents menu. Aften sluttede i festligt lag p\u00e5 Toga Vinstue med den nyvalgte Vicepr\u00e6sident Kasper Kaufmann bag baren (du skylder 25 omgange)<\/p>\n<p>Vi sender i \u00f8vrigt en tak til den lokale p\u00f8lsemand \u2013 Knud \u2013 for at have sponseret det fjernsyn, der desv\u00e6rre gik tabt under festivitasen.<\/p>\n<p>Som den kvikke l\u00e6ser(vi ved i er der) har bem\u00e6rket, skete der udskiftning i bestyrelsen. Efter en del \u00e5r, sagde Vicepr\u00e6sident Helene Jensen farvel og blev afl\u00f8st af Kasper Kaufmann, ny organisationssekret\u00e6r blev tidligere FU-medlem Morten Kruse. Fra bestyrelsen sagde Lisbet Dinsen og Christian M\u00f8nsted farvel. De blev afl\u00f8st af Karen Nilaus og Shawn Kelly tidl. n\u00e6stformand.<\/p>\n<p>Billederne fra konventet, kan du naturligvis se p\u00e5 vennernes hjemmeside, www.lh-ven.dk<\/p>\n<p><strong><br \/>\nLH bliver 25 \u00e5r<\/strong><\/p>\n<p>Vi n\u00e6rmer os den 9. november 2004, hvor det, som bekendt er 25 \u00e5r siden, at vores lille juniorklub, ogs\u00e5 kaldet LH blev stiftet p\u00e5 et m\u00f8de i Skanderborg.<\/p>\n<p>Verdens begivenhed skal jo naturligvis ikke g\u00e5 uset hen. B\u00e5de LH og LH\u2019s Venner fejrer denne dag p\u00e5 bedst t\u00e6nkelig m\u00e5de. Juniorklubben har i respekt for anledningen valgt at afholde \u00e5rets repr\u00e6sentantskabsm\u00f8de p\u00e5 Skanderborg Handelsskole, der er desv\u00e6rre ikke midler til at bo p\u00e5 Vandrehjemmet og den gamle kantine er blevet lavet om til computerrum (hvor forsvandt skrivemaskinerne hen), s\u00e5 m\u00f8det bliver afholdt i deres nye m\u00f8desal \u2013 men alligevel er det jo som at komme hjem igen! Som traditionen foreskriver, inviterer LH tidligere form\u00e6nd og ansatte til festen om l\u00f8rdagen.<\/p>\n<p>Et par dage efter repm\u00f8det, tirsdag den 9. november, er det jo den officielle f\u00f8s\u00b4dag for juniorklubben. Det bliver naturligvis markeret ved en reception p\u00e5 dagen. Du kan senere l\u00e6se meget mere om den p\u00e5 vennernes hjemmeside.<\/p>\n<p>Men et er juniorklubbens markering p\u00e5 repm\u00f8det og receptionen et par dage efter, men hele ugen kulminere med LH\u2019s Venners store jubil\u00e6umsfest fredag den 13. november. Der invitere LH\u2019s Venner \u2013 i lighed med for 5 \u00e5r siden \u2013 til stor jubil\u00e6umsfest p\u00e5 Niels Brocks afdeling p\u00e5 Kultorvet i K\u00f8benhavn, du kan l\u00e6se meget mere i den vedlagte invitation.  <\/p>\n<p><strong>Bowling Klubben<\/strong><\/p>\n<p>Som sagt er efter\u00e5ret kommet til landet, og dermed er LH\u2019s Venners bowling s\u00e6son ved at starte, datoerne ligger ikke helt p\u00e5 plads endnu, men f\u00f8lg med p\u00e5 www.lh-ven.dk. Det kr\u00e6ver skarp tr\u00e6ning gennem hele \u00e5ret, hvis pokalen skal vristes ud af h\u00e6nderne p\u00e5 Vicepr\u00e6sidenten.<\/p>\n<p><strong>Slaget p\u00e5 F\u00e6lleden<\/strong><\/p>\n<p>Igen i \u00e5r blev det den 1. maj, og LH\u2019s Venner var klar med cirka 20 folk til at hj\u00e6lpe folk ind i parken, samle syge teenagere op, svare p\u00e5 sp\u00f8rgsm\u00e5l og meget mere. Udover det reddede 6 Venner med f\u00e5 timers varsel dagen, ved at stille hegn op p\u00e5 pladsen \u2013 tak til alle for den store hj\u00e6lp.<\/p>\n<p><strong>Juniorklubben<\/strong><\/p>\n<p>Som s\u00e6dvanlig skal vi jo ogs\u00e5 have lidt nyt fra Juniorklubben. Siden sidst har vi v\u00e6ret p\u00e5 landskonference i Roskilde, hvor cirka 80 deltagere brugte det meste af tiden p\u00e5 debatter om fremtidens handelsskole i workshops. Ligesom sidst, da der var landskonference i Roskilde b\u00f8d konferencen i \u00e5r p\u00e5 et formandsskift. Kenneth Skovg\u00e5rd afl\u00f8ste Jeanette Pedersen, der valgte at g\u00e5 af. <\/p>\n<p>Siden landskonference har Kenneth valgt at stoppe, og i stedet har hovedbestyrelsen valgt Anders Friis-Hansen som ny formand, Anders har lovet at blive som formand resten af \u00e5ret\u2026.. vi afventer sp\u00e6ndt<\/p>\n<p>Til geng\u00e6ld har Morten Buch valgt at opsige sin stilling som sekretariatsleder pr. 30. september, efter cirka halvandet \u00e5r p\u00e5 posten, vi siger tak for samarbejdet <\/p>\n<p>LH har heldigvis lavet andet end at skifte folk ud. I juli m\u00e5ned afholdte LH deres \u00e5rlige intro-intro kursus p\u00e5 efterskolen i B\u00e6lum, Nordjylland. I \u00e5r var der \u2013 n\u00e6sten rekord mange &#8211; i alt 15 deltager p\u00e5 kurset. LH\u2019s Venner var naturligvis p\u00e5 pletten med PG\u2019ere der stod for bespisningen. <\/p>\n<p><strong>Udlandet<\/strong><\/p>\n<p>Der er igen i \u00e5r sket \u00e6ndringer i bemandingen i LH\u2019s Venners repr\u00e6sentationer i udlandet. Vores mange \u00e5rig repr\u00e6sentant i Dubai, Asbj\u00f8rn Christiansen, er vendt hjem igen. Til geng\u00e6ld har vores Pr\u00e6sident valgt at tage ophold i udlandet, pt. p\u00e5 Malta, hvor du vil kunne opleve hende som guide, hvis du vil bes\u00f8ge \u00f8en med Dansk Folkeferie.<\/p>\n","protected":false},"excerpt":{"rendered":"<p>September 2004 LH\u2019s Venners nyhedsbrev, september 2004 Sommeren er slut, og verden er s\u00e5 sm\u00e5t begyndt at starte op igen. Dermed er det tid til at h\u00f8re fra LH\u2019s Venner igen. Det er et vigtigt efter\u00e5r vi g\u00e5r ind i, da den 9. november er dagen for LH\u2019s 25 \u00e5rs stiftelse. LH\u2019s Venners 15. konvent [&hellip;]<\/p>\n","protected":false},"author":1,"featured_media":0,"parent":4,"menu_order":4,"comment_status":"open","ping_status":"open","template":"","meta":{"footnotes":""},"_links":{"self":[{"href":"http:\/\/lh-ven.dk\/index.php?rest_route=\/wp\/v2\/pages\/25"}],"collection":[{"href":"http:\/\/lh-ven.dk\/index.php?rest_route=\/wp\/v2\/pages"}],"about":[{"href":"http:\/\/lh-ven.dk\/index.php?rest_route=\/wp\/v2\/types\/page"}],"author":[{"embeddable":true,"href":"http:\/\/lh-ven.dk\/index.php?rest_route=\/wp\/v2\/users\/1"}],"replies":[{"embeddable":true,"href":"http:\/\/lh-ven.dk\/index.php?rest_route=%2Fwp%2Fv2%2Fcomments&post=25"}],"version-history":[{"count":2,"href":"http:\/\/lh-ven.dk\/index.php?rest_route=\/wp\/v2\/pages\/25\/revisions"}],"predecessor-version":[{"id":221,"href":"http:\/\/lh-ven.dk\/index.php?rest_route=\/wp\/v2\/pages\/25\/revisions\/221"}],"up":[{"embeddable":true,"href":"http:\/\/lh-ven.dk\/index.php?rest_route=\/wp\/v2\/pages\/4"}],"wp:attachment":[{"href":"http:\/\/lh-ven.dk\/index.php?rest_route=%2Fwp%2Fv2%2Fmedia&parent=25"}],"curies":[{"name":"wp","href":"https:\/\/api.w.org\/{rel}","templated":true}]}}