{"id":26,"date":"2005-10-26T15:08:44","date_gmt":"2005-10-26T14:08:44","guid":{"rendered":"http:\/\/www.danholtjensen.dk\/lhven\/?page_id=26"},"modified":"2011-04-17T17:36:13","modified_gmt":"2011-04-17T16:36:13","slug":"nyhedsbrev-september-2003","status":"publish","type":"page","link":"http:\/\/lh-ven.dk\/?page_id=26","title":{"rendered":"Nyhedsbrev september 2003"},"content":{"rendered":"<p><strong>LHs Venners Nyhedsbrev<\/strong><\/p>\n<p>Sommeren g\u00e5r p\u00e5 h\u00e6ld og LHs venner er ved at v\u00e6re f\u00e6rdig med at sidde p\u00e5 s\u00f8cafeen, og bowlingbanerne og Toga vil bringe glade stunder i det kommende halv\u00e5r.<\/p>\n<p><strong>Konventet<\/strong><br \/>\nFredag den 16. maj afholdte vi vores 13. konvent, der traditionen tro afholdes p\u00e5 Toga Vinstue i det indre K\u00f8benhavn.<\/p>\n<p>Bes\u00f8gstallet var som altid p\u00e5 ca. fyldt Kongestue + en del flere.<\/p>\n<p>Alle traditionerne blev n\u00f8je fulgt. Jakob Tietge og Johnny Tang blev valgt til dirigenter. Meget overraskende skete det dog i \u00e5r, at Jakob Tietge faktisk dukkede op! Dog fandt han sig hurtigt til rette bagerst i baren, s\u00e5 han ikke forstyrrede selve konventet. <\/p>\n<p>Vores \u00c6rede Pr\u00e6sident, Karin Dinsen, afholdte i flot stil sin beretning, der p\u00e5 mystisk vis ikke engang varede de 15 min. der var sat af. Det gav plads en h\u00e5ndfuld ekstra sk\u00e5ltaler, som blev modtaget med stor gl\u00e6de.<\/p>\n<p>Der blev blandt andet budt varmt velkommen til LHs venners nye s\u00f8sterorganisation: Mindfriends, som vil organisere tidl. og nuv\u00e6rende kursusdeltagere og aktive i Mindscope. LHs venner har flere gange deltaget som PG team p\u00e5 Mindcope kurser, s\u00e5 det var en naturlighed at LHs venner besluttede at melde sig ind i Mindfriends.<\/p>\n<p>Traditionen tro var der ogs\u00e5 en bestyrelse der skulle v\u00e6lges og et pr\u00e6sidium der skulle k\u00e5res. Listen over de nyvalgte kan l\u00e6ses senere i dette nyhedsbrev.<\/p>\n<p>Efter konventet gik turen videre til S\u00f8cafeen i Tivoli, hvor der blev fortalt historier fra gamle dage og sk\u00e5let en del.<\/p>\n<p>Efter at have indtaget en st\u00f8rre asiatisk buffet, sluttede aftenen for mange i det tilst\u00f8dende karaokelokale, hvor der blevet sunget sange fra dengang hvor Boney M og Danseorkesteret hittede.<\/p>\n<p>F\u00e5 fortsatte vammelturen videre i det k\u00f8benhavnske natteliv\u2026 og herfra er ingen i stand til at huske hvad der er h\u00e6ndt\u2026<\/p>\n<p>Men tak til alle deltagere for en hyggelig og yderst festlig dag. Vi gl\u00e6der os allerede til at vi ses igen n\u00e6ste \u00e5r. <\/p>\n<p>LHs venners nye bestyrelse:<\/p>\n<p>Pr\u00e6sident<br \/>\nKarin Dinsen, Thisted-Hurup Handelsskole\t\tRegion 2<br \/>\nVicepr\u00e6sident<br \/>\nHelene Jensen, Herning Handelsskole\t\tRegion 4<br \/>\nIndt\u00e6gtsadministrator<br \/>\n\tPer Loft Rasmussen, Hiller\u00f8d Handelsskole\t\tRegion 11<br \/>\nOrganisationssekret\u00e6r<br \/>\nKasper Kaufmann Jacobsen, Holstebro Handelsskole\tRegion 4<\/p>\n<p>Bestyrelsesmedlemmer:<br \/>\nLisbeth Dinsen, Thisted-Hurup Handelsskole\tRegion 2<br \/>\n\tDan Holt Jensen, Ikast Handelsskole og Niels Brock\tRegion 4,11<br \/>\n\tFolket aka Martin J\u00f8rgensen,Svendborg Handelsskole\tRegion 8<br \/>\n\tMorten Dixen, Tietgenskolen i Odense\t\tRegion 8<br \/>\n\tSteen V. Jensen, Kalundborg Handelsskole\t\tRegion 10<br \/>\n\tChristian M\u00f8nsted, en r\u00f8d-hue\t\t\tEx-DGS<\/p>\n<p><strong>Bowlingmesterskaberne<\/strong><br \/>\nEn kort kommentar fra bowlingklubben, da der siden sidste nyhedsbrev er afholdt mesterskabsturnering. I \u00e5r 2003 gik den store h\u00e6der til Per Loft Ramussen.<\/p>\n<p>Alle andre end Per ved, at sejren kun gik til Per da han var den, der havde kortest vej hjem, at sl\u00e6be den store pokal fra DGI byen. Men med 311 point i de 2 finale runder, var det vel velfortjent alligevel.<\/p>\n<p>Nu starter den nye turnering og vi tr\u00e6ner f\u00f8rste gang den 1. oktober kl. 19.00-21.00 i DGI Byen. Er du interesseret s\u00e5 kontakt Per Loft Rasmussen p\u00e5 per@lh-ven.dk.<\/p>\n<p><strong>Petko fra Bulgarien<\/strong><br \/>\nLHs venner ynder hvert \u00e5r at st\u00f8tte et ungt og h\u00e5befuldt barn, der lider under en virkelig kraftig negativ social arv, og dermed ikke har r\u00e5d til hverken mobiltelefon eller jakkes\u00e6t, som jo er n\u00f8dvendig for gennemf\u00f8re en dansk ungdom.<\/p>\n<p>LHs venner st\u00f8tter i \u00e5r derfor Petko, der g\u00e5r i 3. klasse, sidder i k\u00f8restol og bor p\u00e5 et b\u00f8rnehjem i Bulgarien.<\/p>\n<p>Der blev ligeledes samlet ind p\u00e5 konventet, s\u00e5 der forh\u00e5bentligt bliver r\u00e5d til nyt leget\u00f8j og mere mad til Petko og b\u00f8rnehjemmet.<\/p>\n<p>Vi vil forh\u00e5bentligt i et senere nyhedsbrev bringe nyt om Petko og hans venner p\u00e5 b\u00f8rnehjemmet.<\/p>\n<p><strong>1. maj<\/strong><br \/>\nKort inden \u00e5rets konvent afholdte LHs venner et mindre arrangement i F\u00e6lledparken den 1. maj. Nogle fulde mennesker vr\u00f8vlede om arbejdernes internationale kampdag, men den misforst\u00e5else druknede hurtigt i det silende regnvejr.<\/p>\n<p>Endnu engang var vi klar til at hj\u00e6lpe med det praktiske arbejde, i form af at g\u00e5 i de flotte orange LO veste, (dog stadig p\u00e5skrevet FO) for at holde ro og orden blandt de til tider opstemte 1. maj deltagere.<\/p>\n<p>\u00c5rets arrangement gik stille og roligt. Dog sluttede dagens aktiviteter med at en pigebande gav sig til at rydde op i arbejderklassen, ved at rende rundt og stikke folk ned.<\/p>\n<p>Heldigvis havde vi Per Loft med, der er berygtet for sit farlige dart-spil p\u00e5 Jaguaren p\u00e5 Amager, og da de opdagede han kom g\u00e5ende, flygtede de straks og forsvandt.<\/p>\n<p>Men alt i alt en hyggelig dag, med forsvundne b\u00f8rn og lidt regnvejr. <\/p>\n<p><strong>Juniorforeningen \u2013 LH<\/strong><br \/>\nIntro-Intro<br \/>\nLH har afholdt Intro-Intro kursus i uge 29, hvor LHs Venner selvf\u00f8lgelig hjalp til med det praktiske arbejde under ledelse af vores \u00c6rede Pr\u00e6sident, Karin, og vi stillede ligeledes ogs\u00e5 undervisere til r\u00e5dighed.<\/p>\n<p>Deltagerne blev b\u00e5de holdt v\u00e5gne, hjernevaskede, presset, drukket fulde i underviserbowle og alt hvad der ellers h\u00f8rer sig et Intro-Intro til. En h\u00e5rd men ogs\u00e5 som oftest en hyggelig uge. LHs Venner vil gerne \u00f8nske alle deltagerne held og lykke med at komme rundt i landet og forkynde LHs budskaber. <\/p>\n<p>Repr\u00e6sentantskabsm\u00f8det<br \/>\nLH afholder det 25. repr\u00e6sentantskabsm\u00f8de p\u00e5 Herning Handelsskole, og LHs venner vil selvf\u00f8lgelig endnu engang med stor succes, v\u00e6re praktiske grise og st\u00e5 for mad, fest og andre yderst vigtige opgaver.<\/p>\n<p>S\u00e5 er du i Herning den 31. oktober til den 2. november s\u00e5 kig forbi handelsskolen og lyt til de kommende medlemmer af LHs venners tale om uddannelsespolitik. <\/p>\n<p>Studenter-rabatten.dk<br \/>\nJuniorforeningen har opstartet en ny hjemmeside, som vi varmt kan anbefale hvis du enten selv er eller kender nogle studerende. Der kan findes rabatter p\u00e5 alt mellem himmel og jord.<\/p>\n<p><strong>Kongehusets bryllup<\/strong><br \/>\nMange ugeblade tror de ved hvilken dato, der bliver bryllup i det danske kongehus. Men LHs Venners royale ekspert udtaler: &#8220;Ja, der er kamp om at finde en dato, men datoen er selvf\u00f8lgelig fundet, og vi kan godt den dato!&#8221;. Og n\u00e5r vores ekspert kan v\u00e6re s\u00e5 sikker, er det selvf\u00f8lgelig fordi LHs Venners Cateringservice forventer at skulle servere og st\u00e5 i baren til brylluppet.<\/p>\n<p>&#8220;Selve serveringen er der ingen ben i. Men kongehusets afterparty for alle Europas prinser og prinsesser efterf\u00f8lgende p\u00e5 kongeskibet bliver et till\u00f8bsstykke. Med vores erfaring i oppyntning af handelsskoler, vil de f\u00e5 sig en stor \u2013 surprise ad libitum&#8221; forts\u00e6tter vores royale ekspert, der netop har inspiceret kongeskibet af samme \u00e5rsag.<\/p>\n<p>Vores royale ekspert, Kaufmann, der til dagligt s\u00e6lger mere end hvad folk har brug for, bekr\u00e6fter at LHs Venner stadig venter p\u00e5 invitationen, og dermed er der intet bryllup lige om hj\u00f8rnet.<\/p>\n<p><strong>Korte nyheder:<\/strong><br \/>\nSkanderborg Festival<br \/>\nEndnu engang i \u00e5r kunne man se et udsnit af LHs Venner bestyrelse p\u00e5 Skanderborg Festivalen. S\u00e5 var du til festival og s\u00e5 en gruppe mere eller mindre berusede folk, jage sm\u00e5 uskyldige \u00e6nder rundt om vandrehjemmet\u2026 Ja s\u00e5 har du set en ven. <\/p>\n<p>F\u00e6drelandsambassad\u00f8r p\u00e5 Gr\u00f8nland<br \/>\nLHs Venner har f\u00e5et en f\u00e6drelandsambassad\u00f8r, Mads Scheibel, der er flyttet til Gr\u00f8nland for at fors\u00f8ge at manipulere med den gr\u00f8nlandske presse. Vil man have budskaber ind p\u00e5 den gr\u00f8nlandske radio eller blot skrive en hilsen til vores udsendte, kan Mads fanges via E-mail p\u00e5 MS@net.dialog.dk.<\/p>\n<p><strong>HUSK:<\/strong><br \/>\nJulebryggen kommer!!<br \/>\nDen 7. november 2003 inviterer LHs venner til reception for julebryggens ankomst. Det sker p\u00e5 LHs sekretariat, R\u00e5dmandsgade 43, 3. sal, 2200 Kbh. N fra ved 18 tiden. Der vil blive serveret b\u00e5de \u00f8l og jule\u00f8l.<\/p>\n<p>Godt efter\u00e5r!<\/p>\n<p>Med venlig hilsen<\/p>\n<p>LHs venner<\/p>\n","protected":false},"excerpt":{"rendered":"<p>LHs Venners Nyhedsbrev Sommeren g\u00e5r p\u00e5 h\u00e6ld og LHs venner er ved at v\u00e6re f\u00e6rdig med at sidde p\u00e5 s\u00f8cafeen, og bowlingbanerne og Toga vil bringe glade stunder i det kommende halv\u00e5r. Konventet Fredag den 16. maj afholdte vi vores 13. konvent, der traditionen tro afholdes p\u00e5 Toga Vinstue i det indre K\u00f8benhavn. Bes\u00f8gstallet var [&hellip;]<\/p>\n","protected":false},"author":1,"featured_media":0,"parent":204,"menu_order":0,"comment_status":"open","ping_status":"open","template":"","meta":{"footnotes":""},"_links":{"self":[{"href":"http:\/\/lh-ven.dk\/index.php?rest_route=\/wp\/v2\/pages\/26"}],"collection":[{"href":"http:\/\/lh-ven.dk\/index.php?rest_route=\/wp\/v2\/pages"}],"about":[{"href":"http:\/\/lh-ven.dk\/index.php?rest_route=\/wp\/v2\/types\/page"}],"author":[{"embeddable":true,"href":"http:\/\/lh-ven.dk\/index.php?rest_route=\/wp\/v2\/users\/1"}],"replies":[{"embeddable":true,"href":"http:\/\/lh-ven.dk\/index.php?rest_route=%2Fwp%2Fv2%2Fcomments&post=26"}],"version-history":[{"count":1,"href":"http:\/\/lh-ven.dk\/index.php?rest_route=\/wp\/v2\/pages\/26\/revisions"}],"predecessor-version":[{"id":206,"href":"http:\/\/lh-ven.dk\/index.php?rest_route=\/wp\/v2\/pages\/26\/revisions\/206"}],"up":[{"embeddable":true,"href":"http:\/\/lh-ven.dk\/index.php?rest_route=\/wp\/v2\/pages\/204"}],"wp:attachment":[{"href":"http:\/\/lh-ven.dk\/index.php?rest_route=%2Fwp%2Fv2%2Fmedia&parent=26"}],"curies":[{"name":"wp","href":"https:\/\/api.w.org\/{rel}","templated":true}]}}