{"id":27,"date":"2005-10-26T15:10:54","date_gmt":"2005-10-26T13:10:54","guid":{"rendered":"http:\/\/www.danholtjensen.dk\/lhven\/?page_id=27"},"modified":"2011-04-17T17:38:48","modified_gmt":"2011-04-17T16:38:48","slug":"nyhedsbrev-april-2003","status":"publish","type":"page","link":"http:\/\/lh-ven.dk\/?page_id=27","title":{"rendered":"Nyhedsbrev april 2003"},"content":{"rendered":"<p><strong>LHs VENners nyhedsbrev<\/strong><\/p>\n<p>S\u00e5 er der igen tid, til lidt siden sidst, fra dine yndlingsvenner.<\/p>\n<p>Der har v\u00e6ret vinter lukket\u2026<\/p>\n<p>Nej sp\u00f8g til side, men n\u00e5r tivoli er lukket g\u00e5r de fleste venner i dvale, men nu \u00e5bner den gamle have jo p\u00e5 fredag (jubiiiii ) og s\u00e5 g\u00e5r venner s\u00e6sonen jo ogs\u00e5 i fuld gang. <\/p>\n<p>Vennerne har dog v\u00e6ret lidt ude siden sidst bla. havde juniorerne jo deres landskonference i N\u00e6stved og her var vi jo med og lavede mange praktiske ting, faktisk ligesom vi plejer.<\/p>\n<p>Juniorerne har ogs\u00e5 f\u00e5et nye gardiner, selvom det jo er vores \u00e6resmedlem Karen Elisabeth, der har syet dem. Vi mener jo, hun har lavet dem til os! Hun kom bare til at lave lidt mange, s\u00e5 b\u00f8rnene ogs\u00e5 fik nogle. Men mange tak skal hun da have her, og s\u00e5 kan opfordringen jo ellers lyde: LH mangler alts\u00e5 ogs\u00e5 viskestykker, h\u00e5ndkl\u00e6der, teh\u00e6tter, \u00e6gge varmere og stort set alt hvad man kan sy..<\/p>\n<p><strong>Julefrokost<\/strong><br \/>\nMellem jul og nyt\u00e5r havde vi traditionen tro VENnernes julefrokost hvor de mange der g\u00f8r VENne tjeneste i l\u00f8bet af \u00e5ret jo bliver inviteret (husk nu det), det var en v\u00e6ldig god \u2013 lidt sen \u2013 frokost hvor der traditionen tro var snaps nok. Allan mangler sin mandel gave, pip hans. Der er frit lejde indtil konventet, Allan lover ikke at anmelde det til polisen, hvis den bliver afleveret i fodret, rengjort stand \u2013 inkl. Nye batterier!!.<\/p>\n<p><strong>VM I banecykling<\/strong><br \/>\nVennerne var jo dybt involveret i det lille arrangement i Siemens arena sidste \u00e5r og den roman er ikke slut. Kloge hoveder vil jo vide at taget ikke holdt og nu har vi fra Ballerup Kommune modtaget en foresp\u00f8rgsel ang. Per Loft og Steen Vincents g\u00f8ren og laden den uge i september\u2026<\/p>\n<p>Nogle vi kender hos politiet siger at bygherren og Siemens Arena tror at de to herrer simple hen har drukket for mange \u00f8l og derfor h\u00e6vet stemmerne for meget inde i selve hallen.<\/p>\n<p>Vi skal nok skrive n\u00e6ste gang hvis der er noget om snakken, for s\u00e5 skal I godt nok herind og pakke 200 mia. poser.<\/p>\n<p><strong>Bowling<\/strong><br \/>\nLHs VENner\u00b4s mesterskaber bliver afholdt den 16\/4<br \/>\nM\u00f8d op og kast kugler efter dine venner, det lyder da sjovt, det foreg\u00e5r i DGI byen<br \/>\nKom og m\u00f8d de andre kegler!!! S\u00e5 tilmeld dig til Per Loft hurtigst muligt.<\/p>\n<p><strong>1 maj<\/strong><br \/>\nIgen i \u00e5r skal vennerne holde en lille picnic i F\u00e6lleparken torsdag d. 1. Maj.<br \/>\nOg igen i \u00e5r vil vi gerne have hj\u00e6lp s\u00e5 ring til Per eller Karin hvis du kunne t\u00e6nke dig at tilbringe en sjov dag i Venners midte. Sko skal du selv have med, walkiiii og orange veste st\u00e5r vi for.<\/p>\n<p>S\u00e5 er billetten til \u00e5rets julesjov jo ogs\u00e5 sikret.<\/p>\n<p>Og husk at s\u00e6tte kryds i kalenderen d. 16. maj, der holder vi konvent som I kan se i vedlagte brev.<br \/>\nDet var det der vil ske og er sket siden sidst.. Vi ses<\/p>\n","protected":false},"excerpt":{"rendered":"<p>LHs VENners nyhedsbrev S\u00e5 er der igen tid, til lidt siden sidst, fra dine yndlingsvenner. Der har v\u00e6ret vinter lukket\u2026 Nej sp\u00f8g til side, men n\u00e5r tivoli er lukket g\u00e5r de fleste venner i dvale, men nu \u00e5bner den gamle have jo p\u00e5 fredag (jubiiiii ) og s\u00e5 g\u00e5r venner s\u00e6sonen jo ogs\u00e5 i fuld [&hellip;]<\/p>\n","protected":false},"author":1,"featured_media":0,"parent":204,"menu_order":0,"comment_status":"open","ping_status":"open","template":"","meta":{"footnotes":""},"_links":{"self":[{"href":"http:\/\/lh-ven.dk\/index.php?rest_route=\/wp\/v2\/pages\/27"}],"collection":[{"href":"http:\/\/lh-ven.dk\/index.php?rest_route=\/wp\/v2\/pages"}],"about":[{"href":"http:\/\/lh-ven.dk\/index.php?rest_route=\/wp\/v2\/types\/page"}],"author":[{"embeddable":true,"href":"http:\/\/lh-ven.dk\/index.php?rest_route=\/wp\/v2\/users\/1"}],"replies":[{"embeddable":true,"href":"http:\/\/lh-ven.dk\/index.php?rest_route=%2Fwp%2Fv2%2Fcomments&post=27"}],"version-history":[{"count":2,"href":"http:\/\/lh-ven.dk\/index.php?rest_route=\/wp\/v2\/pages\/27\/revisions"}],"predecessor-version":[{"id":207,"href":"http:\/\/lh-ven.dk\/index.php?rest_route=\/wp\/v2\/pages\/27\/revisions\/207"}],"up":[{"embeddable":true,"href":"http:\/\/lh-ven.dk\/index.php?rest_route=\/wp\/v2\/pages\/204"}],"wp:attachment":[{"href":"http:\/\/lh-ven.dk\/index.php?rest_route=%2Fwp%2Fv2%2Fmedia&parent=27"}],"curies":[{"name":"wp","href":"https:\/\/api.w.org\/{rel}","templated":true}]}}