{"id":28,"date":"2005-10-26T15:12:30","date_gmt":"2005-10-26T14:12:30","guid":{"rendered":"http:\/\/www.danholtjensen.dk\/lhven\/?page_id=28"},"modified":"2011-04-17T17:52:45","modified_gmt":"2011-04-17T16:52:45","slug":"nyhedsbrev-august-2002","status":"publish","type":"page","link":"http:\/\/lh-ven.dk\/?page_id=28","title":{"rendered":"Nyhedsbrev 2002"},"content":{"rendered":"<h3>August 2002<\/h3>\n<p><strong>LH\u2019s VENners Nyhedsbrev.<\/strong><\/p>\n<p>August 2002<br \/>\nNu er det atter tid til at h\u00f8re lidt fra den seneste periode blandt dine bedste VENner.<\/p>\n<p>Vi har siden sidst afholdt et friluftsm\u00f8de i f\u00e6lledparken og spillet kroket i \u00f8stre anl\u00e6g, senere p\u00e5 \u00e5ret skal vi til flere friluftskoncerter i b\u00e5de Skanderborg dyrehave og Ledreborg slotspark. S\u00e5 det er ikke frisk luft VENnerne mangler.<\/p>\n<p>Motion skotter det heller ikke p\u00e5. Da vi i skrivende stund b\u00e6re papkasser og k\u00f8leskabe fra baghuset til LH\u2019s nye fashionable adresse hos LH\u2019s VENners l\u00e6nge ventet, nye og forbedret residens p\u00e5 R\u00e5dmandsgade 43. <\/p>\n<p><strong>De nye rammer giver nye muligheder. <\/strong><br \/>\nBlandt andet har Vennerne nu langt mere plads og en flagstang at g\u00f8re godt med. Ungerne nyder ogs\u00e5 godt af de nye lokaler der er bedre indrettet og &#8220;lidt&#8221; p\u00e6nere end de gamle rammer der efterh\u00e5nden var slidt op. Det vil ny v\u00e6re muligt at arrivere til fest hos VENnerne uden at tr\u00e6kke i Waders eller Galocher for at undg\u00e5 at tr\u00e6kke skidt med til festen, idet festlokalet (AKA m\u00f8delokalet) har separat indgang og ligger lige ved trappen og toilettet, der for \u00f8vrigt er dejligt stort og med brus.<\/p>\n<p><strong>Luft under vingerne. <\/strong><br \/>\nAllerede i starten af maj (primo maj) var VENnerne v\u00e6rter for voldsomt mange vordende venner i F\u00e6lledparken. Godt 60.000 (+\/- 23) m\u00f8dte op til dette hyggelige arrangement med god stemning, godt hum\u00f8r, taler og \u00f8l, hvor vejret var p\u00e5 vores side og de autonome ikke var.<\/p>\n<p>Deres fors\u00f8g p\u00e5 at indtage scenen blev tilbagevist, og ro og orden blev genoprettet af tilstedev\u00e6rende VENner. (de autonome m\u00e5 da snart l\u00e6re at de kommer ingen vegne uden et medlemskab af LH\u2019s VENner. 50,- om \u00e5ret). God fremm\u00f8de blandt VENnerne og vi takker for hj\u00e6lpen og gl\u00e6der os til at se jer til julefrokst og f\u00f8rste maj igen n\u00e6ste \u00e5r.<\/p>\n<p>Flyv fugl, flyv. Medens vi er i luften, vil det v\u00e6re rent d\u00e5rskab ikke at n\u00e6vne LH\u2019s VENners 23. Konvent der traditionen tro fandt sted p\u00e5 TOGA. Fremm\u00f8det var godt b\u00e5de i kvalitet og kvantitet. Der var en god afstemning mellem &#8220;Nye&#8221; og &#8220;Gamle&#8221; VENner og deltagerne talte blandt andet hele to Pr\u00e6sidenter. Idet der ikke kun var Signe den 3. (Kairn Dinsen) men ogs\u00e5 Signe den 2. der underholdte med r\u00f8verhistorier og usande anekdoter. Efter en meget sp\u00e6ndende valg handling med kamp valg og, for f\u00f8rste gang i historien, omvalg. <\/p>\n<p>Da vi have f\u00e5et sat de Amerikanske t\u00e6lle maskiner fra Florida op, underholdte Signe den 2. med hans oplevelser igennem tiden og med st\u00f8tte fra Digterklubben og det samlede danske spejderkorps (der arrangerede et lotteri s\u00e5 VENnernes Formel 1 klub nu har midler til at indk\u00f8be nyt grej),  lykkedes det at underholde deltagerne mens stemmet\u00e6llerne stemte deres stemmeb\u00e5nd med lidt v\u00e6ske fra flasken og overv\u00e5gede at t\u00e6llemaskinen ikke sn\u00f8d og talte rigtigt. Resultatet blev, ikke overraskende, overraskende. Den nye bestyrelse ser ud som f\u00f8lger:<\/p>\n<p>Karin Dinsen blev k\u00e5ret som pr\u00e6sident mens Helene Jensen kunne nyde p\u00f8blens hyldest som Vicepr\u00e6sident. Til at holde styr p\u00e5 pengene fik Hr. Per (Brixtofte) Loft Rasmussen en berusende opbakning (under foruds\u00e6tning at han vil sponsorere en lille \u00e9n). Til at holde rod i sagerne blev Hr. Peter Andersen (det lille nips) k\u00e5ret som Organisationssekret\u00e6r. Oven p\u00e5 denne hyldest parade fulgte en sp\u00e6ndende valghandling der b\u00f8d p\u00e5 n\u00e6sten lige s\u00e5 mange kandidater til bestyrelsen som der var deltagere. De heldige der slap gennem n\u00e5le \u00f8jet, og kan kaldes bestyrelsesmedlem i Danmarks bedste VENnelaug, er Steen V. Jensen, Lisbet Dinsen, Allan Svendsen, Martin J\u00f8rgensen, Christian H\u00f8gh h\u00f8 h\u00f8 h\u00f8 og David Troels Garby.<\/p>\n<p>Efter Selve konventet drog vi i samlet flok til \u00d8streanl\u00e6g via Springvandet i Kongens Have, hvor Bestyrelsesmedlem Martin J\u00f8rgensen viste at han har prioriteterne i orden da han fluks kastede sig efter \u00f8llen da han tabte b\u00e5de den og mobiltelefonen i vandet. Vi ser en glorv\u00e6rdig fremtid for ham i VENnerne. <\/p>\n<p>I \u00d8stre Anl\u00e6g var der klassiske friluftsaktiviteter som kroket, teltslagning og \u00f8l.<br \/>\nMed s\u00e5 meget frisk luft bliver man sulten og denne sult blev, p\u00e5 fornem vis, stillet p\u00e5 en kendt mexicansk restaurant  p\u00e5 Borgergade, hvor Vennerne hyggede sig med \u00f8l, spicy mad, drinks med paraplyer, safari og hinanden. <\/p>\n<p>Ud p\u00e5 natten drog vi videre til The Globe i N\u00f8rregade hvor VENnerne indtog baren og de n\u00e6rmere lokaler i hyggeligt lag. Fest, h\u00f8j stemmef\u00f8ring og \u00f8l herskede i timerne op til lukketid hvor n\u00e6sten hele selskabet sluttede natten af med hinanden og \u00f8l p\u00e5 Rosie McGee\u2019s. Vi er glade for jeres selskab og gl\u00e6der os til at se jer igen, om ikke f\u00f8r s\u00e5 til n\u00e6ste \u00e5r. Tak for god ro og ord\u2026 arhh, glem det.<\/p>\n<p><strong>En overskrift der Catcher. <\/strong><br \/>\nI VENnernes Klubber sker der p.t. ikke en masse, men det kommer der til. Bowling starter s\u00e6sonen sidst (ultimo) August. S\u00e5 det er med at f\u00e5 tr\u00e6net bowling armen hvis der skal rettes op p\u00e5 sidste s\u00e6sons resultater. Hvis der ikke var nogle resultater sidste s\u00e6son var det nok fordi du ikke var med. Det skal rettes. M\u00f8d op og ha\u2019 det sjov\u2019 med VENnerne i DGI byen en gang om m\u00e5neden. N\u00e6rmere tid og dato vil komme p\u00e5 VENnernes hjemmeside (WWW.LH-ven.dk). <\/p>\n<p>Skal der ligges forsigtigt ud er det ikke tilr\u00e5deligt at m\u00f8de op p\u00e5 restaurant Jaguaren p\u00e5 Holmbladsgade l\u00f8rdag den 24\/8 kl. 14.30, hvor dartklubben kaster med \u00f8l og drikker pile, men alle der har lyst at fremvise deres talent udi leml\u00e6stelse af omkringst\u00e5ende eller, gud forbyde det, skiven, er velkommen til at kigge ind. <\/p>\n<p>Som Tidligere beskrevet har Formel 1 klubben f\u00e5et sponsoreret nyt grej og er ivrige efter at vise det frem, s\u00e5 hold \u00f8je med VENnernes hjemmeside(WWW.LH-ven.dk) for kommende arrangementer.<\/p>\n<p>Der skal lyde en generel opfordring fra digterklubben om at skrive flere digte og t\u00e6nke bedre og k\u00e6rlige tanker i almindelighed.<\/p>\n<p><strong>Vi har en plan. <\/strong><br \/>\nAllerede nu kan vi afsl\u00f8re at der vil v\u00e6re mulighed for at nyde flere udend\u00f8rs relateret aktiviteter i LH\u2019s VENners regi. Der vil v\u00e6re mulighed for at lytte til musik flere steder i landet, f\u00f8rst i Skanderborg og siden i Ledreborg slotspark hvor LH\u2019s VENner igen i \u00e5r skal pakke og uddele poser for DR (det er ikke det vi skal i Skanderborg!!!!) Poserne pakkes i ugerne 31 og  32, og alle er hjertelig velkommen til at kigge forbi. Nu vi er ved poserne. Hvad er 100 poser fra DR det samme som??? Svar: En snaps til julefrokosten den 27\/12!!<\/p>\n<p>Her i sommer varmen v\u00e6lter det med gode tilbud, og VENnerne f\u00e5r da ogs\u00e5 deres del af gode opgaver. Vi skal til Karen Marie Olsens bryllup ( et stort TILLYKKE til b\u00e5de Karen Maren og S\u00f8ren) hvor vi skal servere for g\u00e6sterne og derefter feste med dem.<br \/>\nVi skal ogs\u00e5 hj\u00e6lpe diverse cykelryttere med at finde vej til VM i bane cykling (det er bare ligefrem og til venstre \u2013 hele tiden) i Siemens arena i Ballerup til September. <\/p>\n<p>Og s\u00e5 skal der laves mad til de h\u00e5befulde juniorer, der, efter Intro Intro (det er her vi skal kokkerer til dem) i Esbjerg , skal ud og hverve skoler, s\u00e5 vi kan f\u00e5 en masse nye VENner.<\/p>\n<p>Som noget nyt unders\u00f8ger vi &#8220;markedet&#8221; for at lave nogle aktiviteter hvor de gamle &#8220;gamle&#8221; LH\u2019s VENner kunne m\u00f8des til lidt hygge evt. med eventuelle b\u00f8rn. Vi h\u00e5ber at kunne skrive meget mere om disse ideer n\u00e6ste gang LH\u2019s VENners NYHEDSBREV udkommer.<\/p>\n<p>Nu har de sat k\u00f8leskabet til i forhuset og \u00f8llene er kolde s\u00e5 nu skal vi kontrollere at der ikke bliver dv\u00e6let for meget ved k\u00f8leskabet. (.. er der nogen der har set oplukkeren\u2026.). Vi \u00f8nsker alle en fortsat god sommer med mange varme soltimer og VENlige mennesker.<\/p>\n","protected":false},"excerpt":{"rendered":"<p>August 2002 LH\u2019s VENners Nyhedsbrev. August 2002 Nu er det atter tid til at h\u00f8re lidt fra den seneste periode blandt dine bedste VENner. Vi har siden sidst afholdt et friluftsm\u00f8de i f\u00e6lledparken og spillet kroket i \u00f8stre anl\u00e6g, senere p\u00e5 \u00e5ret skal vi til flere friluftskoncerter i b\u00e5de Skanderborg dyrehave og Ledreborg slotspark. S\u00e5 [&hellip;]<\/p>\n","protected":false},"author":1,"featured_media":0,"parent":4,"menu_order":6,"comment_status":"open","ping_status":"open","template":"","meta":{"footnotes":""},"_links":{"self":[{"href":"http:\/\/lh-ven.dk\/index.php?rest_route=\/wp\/v2\/pages\/28"}],"collection":[{"href":"http:\/\/lh-ven.dk\/index.php?rest_route=\/wp\/v2\/pages"}],"about":[{"href":"http:\/\/lh-ven.dk\/index.php?rest_route=\/wp\/v2\/types\/page"}],"author":[{"embeddable":true,"href":"http:\/\/lh-ven.dk\/index.php?rest_route=\/wp\/v2\/users\/1"}],"replies":[{"embeddable":true,"href":"http:\/\/lh-ven.dk\/index.php?rest_route=%2Fwp%2Fv2%2Fcomments&post=28"}],"version-history":[{"count":2,"href":"http:\/\/lh-ven.dk\/index.php?rest_route=\/wp\/v2\/pages\/28\/revisions"}],"predecessor-version":[{"id":223,"href":"http:\/\/lh-ven.dk\/index.php?rest_route=\/wp\/v2\/pages\/28\/revisions\/223"}],"up":[{"embeddable":true,"href":"http:\/\/lh-ven.dk\/index.php?rest_route=\/wp\/v2\/pages\/4"}],"wp:attachment":[{"href":"http:\/\/lh-ven.dk\/index.php?rest_route=%2Fwp%2Fv2%2Fmedia&parent=28"}],"curies":[{"name":"wp","href":"https:\/\/api.w.org\/{rel}","templated":true}]}}