{"id":29,"date":"2005-10-26T15:15:32","date_gmt":"2005-10-26T14:15:32","guid":{"rendered":"http:\/\/www.danholtjensen.dk\/lhven\/?page_id=29"},"modified":"2011-04-17T17:41:46","modified_gmt":"2011-04-17T16:41:46","slug":"nyhedsbrev-september-2001","status":"publish","type":"page","link":"http:\/\/lh-ven.dk\/?page_id=29","title":{"rendered":"Nyhedsbrev september 2001"},"content":{"rendered":"<p><strong>Nyhedsbrev fra LH\u2019s Venner<\/strong><\/p>\n<p>S\u00e5 n\u00e6rmer efter\u00e5r og vinter sig med hastige skridt og det betyder selvf\u00f8lgelig ogs\u00e5 endnu et nyhedsbrev fra LH\u2019s venner. Meget er sket siden sidste nyhedsbrev der udkom i juni m\u00e5ned og derfor er der en masse at fort\u00e6lle om det forl\u00f8bne. Sommerferien har selvf\u00f8lgelig ikke v\u00e6ret helt d\u00f8d og derfor er der ogs\u00e5 en masse at fort\u00e6lle om kommende aktiviteter.<\/p>\n<p>I dette nyhedsbrev vil du kunne l\u00e6se om:<\/p>\n<p>Reception i anledning af LH\u2019s venners f\u00f8dselsdag.<br \/>\nVores hjemmeside<br \/>\nDe mange klubber under LH\u2019s venner og deres arrangementer<br \/>\nJuniorklubben og hvad de har brugt de sidste m\u00e5neder p\u00e5<br \/>\nDatoen for n\u00e6ste konvent og en masse andet\u2026\u2026.<\/p>\n<p>Til sagen\u2026.<\/p>\n<p><strong>Reception og f\u00f8dselsdag<\/strong><\/p>\n<p>Sidste \u00e5r afholdt vi en reception i anledning af LH\u2019s venners 10 \u00e5rs jubil\u00e6um. Det viste sig at v\u00e6re en s\u00e5dan succes at vi har valgt at gentage succesen, for man kan jo aldrig f\u00e5 for mange\u2026. Derfor vil der den 9. november fra klokken  15.00 til 18.00 reception, hvor du er velkommen til at kigge forbi til en enkelt jule\u00f8l.<\/p>\n<p>Der er mange gode grunde at holde reception:<\/p>\n<p>\u2022\tLH bliver 22 \u00e5r<br \/>\n\u2022\tLH\u2019s Venner bliver 11 \u00e5r om l\u00f8rdagen (hvorfor vi naturligvis forts\u00e6tter festlighederne og fejre denne store begivenhed efter midnat.<br \/>\n\u2022\tJulebryggen bliver frigivet denne dag.<\/p>\n<p>Efter receptionen, forts\u00e6tter festlighederne naturligvis, og vi hiver hele barudstyret frem, s\u00e5 der er mulighed for at feste i vennernes lag hele natten (sidste \u00e5r, tog de sidste hjem s\u00f8ndag eftermiddag!)<\/p>\n<p><strong>Hjemmesiden<\/strong><\/p>\n<p>Hvis du ikke allerede har v\u00e6ret forbi vennernes hjemmeside for at se alle de gamle billeder der er blevet lagt op p\u00e5 hjemmesiden, s\u00e5 skynd dig ind og se dem. Vi har lagt billeder op helt tilbage fra 1981, s\u00e5 n\u00e6sten alle kan se og huske, hvordan det gik til mens de var aktive i juniorklubben. Ydermere opdatere vi l\u00f8bende hjemmesiden, s\u00e5 du kan se hvad der sker i juniorklubben tjek foreksempel billederne fra juniorklubbens demonstration.<\/p>\n<p>Desuden arbejdes der i skrivende stund p\u00e5 et nyt layout til hjemmesiden og vi vender selvf\u00f8lgelig tilbage n\u00e5r det er f\u00e6rdigt.<\/p>\n<p>Hvis du ikke kender adressen, s\u00e5 er den www.lh-ven.dk<\/p>\n<p>Der vil i l\u00f8bet af efter\u00e5ret komme flere gamle billeder p\u00e5 hjemmesiden, blandt andet fra arbejdsm\u00f8derne\/landsm\u00f8derne\/landskonferencerne tilbage i tiden.<\/p>\n<p><strong>Klubberne<\/strong><\/p>\n<p>Der er efterh\u00e5nden rigtigt mange klubber i LH\u2019s venner, her kan du se aktiviteterne i de kommende m\u00e5neder:<\/p>\n<p><strong>Bowlingklubben:<\/strong><\/p>\n<p>Juniorklubben har udfordret LH\u2019s venners bowlingklub til en duel i h\u00e5b om at de vil have heldet med sig og sl\u00e5 os i bowling. Vi ved i LH\u2019s venner selvf\u00f8lgelig godt at dette ikke er tilf\u00e6ldet og aldrig nogen sinde kommer til at v\u00e6re tilf\u00e6ldet. Men g\u00e5 ikke glip af den alligevel nervepirrende event: M\u00f8d op onsdag den 17. Oktober.<\/p>\n<p>Efter en sommer pause er bowlingklubben nu klar til at tage fat p\u00e5 tr\u00e6ningsaftenerne igen. S\u00e6dvanen tro bliver de afholdt i DGI byen (lige ved siden af hovedbaneg\u00e5rden). Datoerne for tr\u00e6ningsaftenerne er som f\u00f8lger:<\/p>\n<p>Onsdag den 26\/9 19 &#8211; 21<br \/>\nOnsdag den 17\/10 19 &#8211; 21<br \/>\nOnsdag den 7\/11 19 &#8211; 21<br \/>\nOnsdag den 5\/12 19 &#8211; 21<br \/>\nOnsdag den 9\/1 19 &#8211; 21<br \/>\nOnsdag den 13\/2 19 &#8211; 21<br \/>\nOnsdag den 27\/3 19 &#8211; 21<br \/>\nOnsdag den 17\/4 19 &#8211; 21<br \/>\nOnsdag den 15\/5 19 &#8211; 21<\/p>\n<p>Kom og v\u00e6r med til tr\u00e6ningsaftenerne tilmeld dig til: Per loft Rasmussen p\u00e5 tlf: 20 32 94 49 eller Per@lh-ven.dk<\/p>\n<p><strong>Dart:<\/strong><\/p>\n<p>Dartklubben holder som s\u00e6dvanlig til p\u00e5 Jaguaren p\u00e5 Holmbladsgade p\u00e5 Amager. N\u00e6ste gang dartklubben m\u00f8des er l\u00f8rdag den 29. september klokken 15.00, i anledningen af v\u00e6rtshuset f\u00f8dselsdag, koster pilsnerne kun 10 kroner. <\/p>\n<p>Du kan tilmelde dig til Peter Schumann, eller p\u00e5 lh-ven@lh-ven.dk<\/p>\n<p><strong>Formel 1 klubben<\/strong><\/p>\n<p>Pr\u00e6sidenten Karin Dinsen arbejder pt. p\u00e5, det f\u00f8rste arrangement i klubben, du kan f\u00f8lge med i udviklingen p\u00e5 hjemmesiden.<\/p>\n<p><strong>Konventet<\/strong><\/p>\n<p>Bestyrelsen har allerede nu fastlagt datoen for n\u00e6ste \u00e5rs konvent. Konventet, det 12. i r\u00e6kker bliver afholdt s\u00f8ndag den 19. maj 2002 p\u00e5 Toga Vinstue i K\u00f8benhavn.<\/p>\n<p><strong>Juniorklubben<\/strong><br \/>\nVores lille junior klub har som altid p\u00e5 dette tidspunkt travlt med efter\u00e5rs aktiviteter og skoleopstart.<\/p>\n<p>Skolen opstarten er som altid startet med intro-intro, som i \u00e5r blev afholdt for 23. gang i tr\u00e6k, denne gang p\u00e5 Esbjerg H\u00f8jskole under kyndig ledelse af Charlotte Forn\u00f8 og Ronald Kofoed. I alt 12 unge h\u00e5befulde personer var igennem kurset, og er pt. i gang med at bes\u00f8ge landets handelsskoler, og sprede det glade budskab om LH.<\/p>\n<p>Juniorklubben er ogs\u00e5 s\u00e5 sm\u00e5t begyndt at forberede \u00e5rets h\u00f8jdepunkt, nemlig repr\u00e6sentantskabsm\u00f8det, der er i \u00e5r er blevet henlagt til Holstebro Handelsskole. Hvis du er interesseret i, at l\u00e6se hvad der skal ske p\u00e5 \u00e5rets m\u00f8de, kan du allerede nu se f\u00f8rste forhandlingsopl\u00e6g p\u00e5 juniorklubbens hjemmeside www.handelselever.dk<\/p>\n<p>At handelsskolernes \u00f8konomi ikke er for god, er en kendt sag, og det er ikke blevet bedre i l\u00f8bet af de sidste par \u00e5r. For at g\u00f8re politikerne opm\u00e6rksomme p\u00e5 denne problemstilling gik de danske handelsskoleelever i strejke tirsdag den 11. september, og holdte en r\u00e6kke arrangementer landet over. <\/p>\n<p>Blandt andet demonstreret n\u00e6sten 10.000 handelsskoleelever fra cirka 35 skoler fra hele landet p\u00e5 Christiansborg Slotsplads, hvor blandt andet Brian Mikkelsen fra Det konservative Folkeparti talte, det var hans f\u00f8rste demonstration nogensinde! Ogs\u00e5 form\u00e6ndene fra DSU og VU talte, sammen med en lang r\u00e6kke repr\u00e6sentanter fra handelsskoler rundt om i landet. Den danske verdens presse var naturligvis ogs\u00e5 m\u00f8dt talst\u00e6rkt op, og formand Dan skulle blandt andet have v\u00e6ret i Deadline om aften, indtil at nogle kom til at flyve nogle fly ind i nogle bygningen i USA, og overtog medieopm\u00e6rksomheden i nogle dage. LH\u2019s Venner var dog som altid p\u00e5 pletten, og repr\u00e6senteret med n\u00e6sten hele bestyrelsen, der blev blandt andet taget en del billeder, som du kan ses p\u00e5 www.lh-ven.dk<\/p>\n<p>Af andet nyt fra R\u00e5dmandsgade, kan vi fort\u00e6lle at DEO, som LH deler lokaler med har besluttet sig for at flytte, det f\u00e5r blandt andet den konsekvens for LH, at han har besluttet sig for at opsige lejem\u00e5let p\u00e5 2. salen, og kun bo p\u00e5 1. salen, s\u00e5 hvis du vil sige et sidste farvel til de gamle lokaler p\u00e5 2. salen, s\u00e5 skal du g\u00f8re det inden nyt\u00e5r.<\/p>\n","protected":false},"excerpt":{"rendered":"<p>Nyhedsbrev fra LH\u2019s Venner S\u00e5 n\u00e6rmer efter\u00e5r og vinter sig med hastige skridt og det betyder selvf\u00f8lgelig ogs\u00e5 endnu et nyhedsbrev fra LH\u2019s venner. Meget er sket siden sidste nyhedsbrev der udkom i juni m\u00e5ned og derfor er der en masse at fort\u00e6lle om det forl\u00f8bne. Sommerferien har selvf\u00f8lgelig ikke v\u00e6ret helt d\u00f8d og derfor [&hellip;]<\/p>\n","protected":false},"author":1,"featured_media":0,"parent":208,"menu_order":8,"comment_status":"open","ping_status":"open","template":"","meta":{"footnotes":""},"_links":{"self":[{"href":"http:\/\/lh-ven.dk\/index.php?rest_route=\/wp\/v2\/pages\/29"}],"collection":[{"href":"http:\/\/lh-ven.dk\/index.php?rest_route=\/wp\/v2\/pages"}],"about":[{"href":"http:\/\/lh-ven.dk\/index.php?rest_route=\/wp\/v2\/types\/page"}],"author":[{"embeddable":true,"href":"http:\/\/lh-ven.dk\/index.php?rest_route=\/wp\/v2\/users\/1"}],"replies":[{"embeddable":true,"href":"http:\/\/lh-ven.dk\/index.php?rest_route=%2Fwp%2Fv2%2Fcomments&post=29"}],"version-history":[{"count":1,"href":"http:\/\/lh-ven.dk\/index.php?rest_route=\/wp\/v2\/pages\/29\/revisions"}],"predecessor-version":[{"id":210,"href":"http:\/\/lh-ven.dk\/index.php?rest_route=\/wp\/v2\/pages\/29\/revisions\/210"}],"up":[{"embeddable":true,"href":"http:\/\/lh-ven.dk\/index.php?rest_route=\/wp\/v2\/pages\/208"}],"wp:attachment":[{"href":"http:\/\/lh-ven.dk\/index.php?rest_route=%2Fwp%2Fv2%2Fmedia&parent=29"}],"curies":[{"name":"wp","href":"https:\/\/api.w.org\/{rel}","templated":true}]}}