{"id":30,"date":"2005-10-26T15:18:06","date_gmt":"2005-10-26T14:18:06","guid":{"rendered":"http:\/\/www.danholtjensen.dk\/lhven\/?page_id=30"},"modified":"2011-04-17T17:42:03","modified_gmt":"2011-04-17T16:42:03","slug":"nyhedsbrev-juni-2001","status":"publish","type":"page","link":"http:\/\/lh-ven.dk\/?page_id=30","title":{"rendered":"Nyhedsbrev juni 2001"},"content":{"rendered":"<p><strong>LH\u2019s venner Nyhedsbrev<\/strong><\/p>\n<p><strong>Konvent<\/strong><br \/>\nDen 11. Maj blev der afholdt konvent p\u00e5 Toga i K\u00f8benhavn. Ca. 25 gode Venner m\u00f8dtes p\u00e5 Toga hvor vi traditionen tro valgte Jacob Tietge og Johnny Tang som dirigenter. Desv\u00e6rre kunne ingen af dem v\u00e6re tilstede, s\u00e5 de 2 suppleanter Erling Bjerring og Steen V. m\u00e5tte tage over.<\/p>\n<p>Da Pr\u00e6sident Ronald Kofoed-Rasmussen ikke var n\u00e5et frem til Konventet p\u00e5 tidspunktet for beretningens freml\u00e6ggelse (st\u00e6rke forlydender vil vide, at han var undervejs i en limousine fra Esbjerg), tog Vicepr\u00e6sident Karin Dinsen over og holdt en fremragende (lidt lang, mente nogle) beretning.<\/p>\n<p>I slutningen af beretningen kom en meddelelse ind p\u00e5 Karins mobil om, at Ronald desv\u00e6rre var k\u00f8rt ud over kanten p\u00e5 Storeb\u00e6ltsbroen i sit fors\u00f8g p\u00e5 at n\u00e5 frem til Konventet. Dette kom selvf\u00f8lgelig som et stort chok for os alle og vi m\u00e5tte derfor straks sk\u00e5le for den nu afd\u00f8de Pr\u00e6sident med et glas af den k\u00f8lige vodka, der havde st\u00e5et og ventet p\u00e5 Pr\u00e6sidenten.<\/p>\n<p>I bedste royale stil blev Vicepr\u00e6sident Karin Dinsen herefter udr\u00e5bt til ny Pr\u00e6sident for foreningen.<\/p>\n<p>Siden fulgte de sp\u00e6ndende k\u00e5ringer og valghandlinger. Resultatet blev som f\u00f8lger:<\/p>\n<p>Pr\u00e6sidiet<br \/>\nPr\u00e6sident: Karin Dinsen<br \/>\nVicepr\u00e6sident: Helene Jensen<br \/>\nIndt\u00e6gtsadministrator: Per Loft Rasmussen<br \/>\nOrganisationssekret\u00e6r: Ditte Svensson<\/p>\n<p>Bestyrelsen:<br \/>\nSteen V Jensen<br \/>\nDavid Troels Garby<br \/>\nNiels Hildebrandt<br \/>\nHeidi Langhoff<br \/>\nAllan Svendsen<br \/>\nPeter Andersen<\/p>\n<p>International sekret\u00e6r<br \/>\nAsbj\u00f8rn Christiansen (p.t. udstationeret i Dubai)<\/p>\n<p>Revisorer<br \/>\nKaren Schack<br \/>\nSigne Andersen (den eneste sande Pr\u00e6sident)<\/p>\n<p>Revisorsuppleant<br \/>\nErling Bjerring<\/p>\n<p>Efter Konventet gik vi alle mod Nyhavn, hvor en lille b\u00e5d ventede p\u00e5 os. Da vi alle var ombord begyndte en rigtig god havnerundfart. (selvom nogle havde sv\u00e6rt ved at undv\u00e6re et toilet i en hel time\u2026.). Guiden ombord p\u00e5 b\u00e5den fandt meget hurtigt ud af at det bedste var at overlade mikrofonen til Vennerne. S\u00e5 vi fik en guidet tur af bl.a. Peter Andersen og Brio.<\/p>\n<p>Da turen var f\u00e6rdig, blev der tid til lidt afslapning i Nyhavn, hvor solen stadig skinnede fra en skyfri himmel. Derefter gik vi til Ankara og spiste tyrkisk buffet og referenten Dan Holt (ogs\u00e5 kendt som juniorklubbens formand) fik ogs\u00e5 danset lidt mavedans. (Se billederne p\u00e5 www.lh-ven.dk )<\/p>\n<p>Vi sluttede dagen p\u00e5 en bar i det indre K\u00f8benhavn, dog var der p\u00e5 det tidspunkt mange, som var faldet fra p.g.a. det h\u00e5rde program. Det er ikke alle som kan klare en vammeltur med LH\u00b4s Venner\u2026.<\/p>\n<p><strong>1. maj<\/strong><br \/>\nTraditionen tro afholdt LO Stork\u00f8benhavn 1. maj arrangement i F\u00e6lledparken i K\u00f8benhavn. Vejr\u00acguderne var som altid venligt stemt og solen skinnede hele dagen kun afbrudt af ganske f\u00e5 skyer. Igen i \u00e5r havde LO v\u00e6ret forudseende og hyret LH\u2019s Venner til at st\u00e5 for opsynet. <\/p>\n<p>20 friske Venner troppede op og var med til at finde b\u00f8rn, b\u00e6re folk til den fremrykkede skadestue og svare p\u00e5 sp\u00f8rgsm\u00e5l fra de mange 1. maj deltagere. Dagen forl\u00f8b stille og roligt, f\u00f8rst efter at Vennerne sluttede deres vagt blev der ballade, som man ogs\u00e5 kunne l\u00e6se p\u00e5 forsiden af aviserne n\u00e6ste dag.<\/p>\n<p>Der skal her lyde en tak til de 20 venner, der efter udf\u00f8rt job tog hjem eller videre for at fejre 1. maj andre steder i K\u00f8benhavn.<\/p>\n<p><strong>Bowling klubben<\/strong><br \/>\nNu hvor sommeren er over os og bowling s\u00e6sonen er ved at n\u00e5 sin ende er det blevet tid til det sidste bowling arrangement i s\u00e6sonen. Sommerafslutningen bliver onsdag den 27. Juni, klokken 19.00 til 21.00. Tilmeld dig NU!!! Hos Per Loft p\u00e5 tlf: 20 32 94 49 eller mail til per@lh-ven.dk. Prisen er som s\u00e6dvanligt 100 kr. <\/p>\n<p>Bowlings\u00e6sonen begynder igen sidst i august, hvor der atter vil v\u00e6re fuldt program med tr\u00e6ningsaftener hver m\u00e5ned.<\/p>\n<p><strong>Formel 1 klubben<\/strong><br \/>\nSom et helt nyt tiltag inden for LH\u2019s venners klubvirksomhed, er der blevet oprettet en formel 1. Klub. Der vil i l\u00f8bet af efter\u00e5ret komme en r\u00e6kke arrangementer\u2026 Hvis du kunne t\u00e6nke dig at deltage s\u00e5 kontakt Karin Dinsen.<\/p>\n<p><strong>Dartklubben <\/strong><br \/>\nEn n\u00e6sten lige s\u00e5 stor nyhed i LH\u2019s venner er dartklubben, der j\u00e6vnligt afholder undergrundsdart arrangementer p\u00e5 diverse v\u00e6rtshuse i K\u00f8benhavn. N\u00e6ste arrangement bliver afholdt den 7. juli vil du v\u00e6re med s\u00e5 kontakt Peter Schumann p\u00e5 mail schumann@net.dialog.dk.<\/p>\n<p><strong>Skovtur<\/strong><br \/>\nVennerne afholder skovtur for store og sm\u00e5, nye og rigtigt gamle venner, l\u00f8rdag den 25. august.  Skovturen afholdes i dyrehaven. Skovturen vil denne gang v\u00e6re b\u00f8rnevenlig, med en lang r\u00e6kke aktiviteter for b\u00f8rn og barnlige sj\u00e6le. Bestyrelsen h\u00e5ber selvf\u00f8lgelig p\u00e5 et stort fremm\u00f8de &#8211; ogs\u00e5 fra de helt unge medlemmer og deres for\u00e6ldre. <\/p>\n<p><strong>Nyt fra vennerne:<\/strong><br \/>\nEn ny kontingentperiode er begyndt her efter konventet og der er stadigv\u00e6k en del venner, der endnu ikke har betalt kontingent for 2001\/2002! Vi sender derfor kontingentopkr\u00e6vninger ud med dette nyhedsbrev.<\/p>\n<p>Mens vi er i gang skal vi ogs\u00e5 huske at takke de mennesker, der har hjulpet til ved alle de arrangementer, som Vennerne bist\u00e5r ved. Der vil blive afholdt en julefrokost som tak til de mange aktive Venner den 28. december.<\/p>\n<p><strong>Nyt fra juniorklubben<\/strong><br \/>\nSommerferien og selvf\u00f8lgelig ikke mindst eksamen har ogs\u00e5 n\u00e5et juniorklubben. Her i den til dels manglende sommervarme knokler juniorklubben p\u00e5 at f\u00e5 skoleopstarten klar til august. S\u00e6dvanen tro bliver der afholdt intro-intro for de juniorer som skal st\u00e5 for skoleopstarten. <\/p>\n<p>Det skal da ogs\u00e5 n\u00e6vnes, at over halvdelen af juniorklubbens Hovedbestyrelse bliver studenter i disse dage. Der skal lyde et stort TILLYKKE  med huen fra Vennerne &#8211;  vi gl\u00e6der os til at se jer alle i LH\u2019s venner.<\/p>\n","protected":false},"excerpt":{"rendered":"<p>LH\u2019s venner Nyhedsbrev Konvent Den 11. Maj blev der afholdt konvent p\u00e5 Toga i K\u00f8benhavn. Ca. 25 gode Venner m\u00f8dtes p\u00e5 Toga hvor vi traditionen tro valgte Jacob Tietge og Johnny Tang som dirigenter. Desv\u00e6rre kunne ingen af dem v\u00e6re tilstede, s\u00e5 de 2 suppleanter Erling Bjerring og Steen V. m\u00e5tte tage over. Da Pr\u00e6sident [&hellip;]<\/p>\n","protected":false},"author":1,"featured_media":0,"parent":208,"menu_order":8,"comment_status":"open","ping_status":"open","template":"","meta":{"footnotes":""},"_links":{"self":[{"href":"http:\/\/lh-ven.dk\/index.php?rest_route=\/wp\/v2\/pages\/30"}],"collection":[{"href":"http:\/\/lh-ven.dk\/index.php?rest_route=\/wp\/v2\/pages"}],"about":[{"href":"http:\/\/lh-ven.dk\/index.php?rest_route=\/wp\/v2\/types\/page"}],"author":[{"embeddable":true,"href":"http:\/\/lh-ven.dk\/index.php?rest_route=\/wp\/v2\/users\/1"}],"replies":[{"embeddable":true,"href":"http:\/\/lh-ven.dk\/index.php?rest_route=%2Fwp%2Fv2%2Fcomments&post=30"}],"version-history":[{"count":1,"href":"http:\/\/lh-ven.dk\/index.php?rest_route=\/wp\/v2\/pages\/30\/revisions"}],"predecessor-version":[{"id":211,"href":"http:\/\/lh-ven.dk\/index.php?rest_route=\/wp\/v2\/pages\/30\/revisions\/211"}],"up":[{"embeddable":true,"href":"http:\/\/lh-ven.dk\/index.php?rest_route=\/wp\/v2\/pages\/208"}],"wp:attachment":[{"href":"http:\/\/lh-ven.dk\/index.php?rest_route=%2Fwp%2Fv2%2Fmedia&parent=30"}],"curies":[{"name":"wp","href":"https:\/\/api.w.org\/{rel}","templated":true}]}}