{"id":33,"date":"2005-10-26T15:27:10","date_gmt":"2005-10-26T14:27:10","guid":{"rendered":"http:\/\/www.danholtjensen.dk\/lhven\/?page_id=33"},"modified":"2011-04-17T18:19:05","modified_gmt":"2011-04-17T17:19:05","slug":"konvents-beretning-2005","status":"publish","type":"page","link":"http:\/\/lh-ven.dk\/?page_id=33","title":{"rendered":"Beretning v. Konvent 2005"},"content":{"rendered":"<p>Beretning for LH\u2019s Venner 2005<\/p>\n<p>S\u00e5 n\u00e6rmer tiden sig, igen. For\u00e5ret er p\u00e5 vej og bebuder med sin kommen ikke blot varmere vejr og alle mulige andre ting,  men ogs\u00e5 at det endnu engang er tid til at samles i vennernes lag til konvent. <\/p>\n<p>Datoen for konventet er den 15. maj og stedet er det samme som det plejer, nemlig Toga Vinstue i St. Kirkestr\u00e6de i K\u00f8benhavn. Toga ser til geng\u00e6ld ikke helt ud som det plejer, der er nemlig kommet et flot konferencelokale til &#8211; s\u00e5 rammerne om dette \u00e5rs konvent kan n\u00e6sten ikke blive flottere. Det er Kongestuen der er er blevet udvidet, hvilket jo betyder at vi til konventet kan v\u00e6re rigtig mange deltagere. <\/p>\n<p>Men f\u00f8r konventet samles er det min opgave, her p\u00e5 bestyrelsens vegne, at fors\u00f8ge at give et indblik i hvad LH\u2019s Venner i \u00e5r har bedrevet. Men f\u00f8r jeg kommer for godt i gang med det, vil jeg gerne lige bruge et par linier p\u00e5 at mindes og \u00e6re LH\u2019s Venners f\u00f8rste pr\u00e6sident Signe Esmann Andersen og den anden Ronald Kofoed Rasmussen. \u00c6re v\u00e6re Den F\u00f8rste, den eneste ene og Den N\u00e6ste, den anden og deres minder&#8230;&#8230;&#8230;.         <\/p>\n<p>Stilhed \u2013 bare lidt endnu ;o))<\/p>\n<p>Man b\u00f8r begynde al tale med det vigtigste og LH\u2019s vigtigste ven er jo LH og i \u00e5r er der ogs\u00e5 i LH sket meget. <\/p>\n<p>LH og \u00e5rets gang<\/p>\n<p>LH fyldte jo i efter\u00e5ret, n\u00e6rmere betegnet den 9. november, hele 25 \u00e5r. Og som talt om og beskrevet p\u00e5 bl.a. sidste \u00e5rs konvent var det noget vi i LH\u2019s Venner gerne ville hj\u00e6lpe med at markere. Og som vores traditioner byder gjorde vi det ogs\u00e5 denne gang p\u00e5 vores helt egen m\u00e5de. <\/p>\n<p>P\u00e5 \u00e5rets repr\u00e6sentantskabsm\u00f8de var Vennerne selvf\u00f8lgelig tilstede, ligesom vi plejer. Og udover at lave det vi plejer, stod vi i \u00e5r ogs\u00e5 for jubil\u00e6umsaktiviteterne p\u00e5 m\u00f8det. <\/p>\n<p>M\u00f8det var selvf\u00f8lgelig som det sig h\u00f8r og b\u00f8r lagt i Skanderborg, hvor Skanderborg-Odder Handelsskole endnu engang lagde klasselokaler og tavler til et LH storm\u00f8de. Skanderborg-Odder Handelsskole er jo for mange LH\u2019ere det eneste rigtige sted for rep-m\u00f8der &#8211; skolen, deres kantinedamer og i s\u00e6rdeleshed deres pedel har gennem tiden lagt \u00f8re og syn til mange af de begivenheder der, n\u00e5r Vennerne samles, stadig fort\u00e6lles historier om.  <\/p>\n<p>Ogs\u00e5 I \u00e5r kunne de nuv\u00e6rende juniorer f\u00e5 historiens vingesus at m\u00e6rke, idet to Venner (og tidligere (meget tidligere) aktive) havde lagt vejen forbi Skanderborg. Det var LH\u2019s f\u00f8rste formand Lea Herdal og Birger Hauge der kiggede forbi og fortalte et par gode r\u00f8verhistorier.  <\/p>\n<p>N\u00e5r man s\u00e5dan fylder \u00e5r \u2013 h\u00f8rer en gave sig selvf\u00f8lgelig til og i Vennernes bestyrelse havde vi forud for al f\u00f8s\u2019dags st\u00e5hejet diskuteret hvad gaven til juniorerne skulle v\u00e6re. Vi ville jo gerne give noget der kan gemmes, noget der kommer alle de aktive til gavn, samtidigt m\u00e5 det jo gerne v\u00e6re noget der hj\u00e6lper i dagligdagen og som man kan huske LH\u2019s Venner p\u00e5.  <\/p>\n<p>Og faktisk fandt vi da p\u00e5 noget, som vi mener, d\u00e6kker lidt af det hele. Gennem mange \u00e5r har vi nemlig hver gang, vi har h\u00f8rt om og set LH\u2019s regnskaber stillet sp\u00f8rgsm\u00e5l til differencerne i frim\u00e6rkekassen, de har alle dage v\u00e6ret vel h\u00f8je ;o)<br \/>\nDette kan jo kun undg\u00e5s, hvis sekretariatet har en portomaskine \u2013 uden frim\u00e6rkekasse, ingen differencer blandt frim\u00e6rkerne \u2013 det er jo klart!<\/p>\n<p>Derfor var det, der blev gaven fra LH\u2019s Venner til juniorerne. Den blev pr\u00e6senteret for LH, da vicepr\u00e6sident Kasper havde forn\u00f8jelsen af at m\u00f8de den nye ledelse, p\u00e5 deres HB opstart i november efter rep-m\u00f8det.  Vi h\u00e5ber at gaven bliver brugt med omtanke (vi kan jo ikke ha\u2019 den kritiske revision til at p\u00e5st\u00e5 den bliver brugt for lidt, som det jo tidligere er sket) og i dagligdagen er med til at minde LH om, at med gode venners hj\u00e6lp, skrider arbejdet lettere frem ;o)<\/p>\n<p>Selve dagen blev selvf\u00f8lgelig h\u00f8jtideligholdt med en reception p\u00e5 LH\u2019s sekretariat i R\u00e5dmandsgade, denne stod LH\u2019s Venner for. Vi har gennem mange \u00e5r oparbejdet en vis kompetence med, ikke kun at g\u00e5 til receptioner, men ogs\u00e5 med at afholde dem. Det der, med at f\u00e5 pindemadderne f\u00e6rdige til tiden og f\u00e5 testet fad\u00f8lsanl\u00e6gget, jamen, det er bare noget af det, vi er gode til. Dette var vel ogs\u00e5 grundet til at LH\u2019s ledelse havde sagt ja tak til tilbuddet fra Vennerne om at vi gerne vil hj\u00e6lpe til p\u00e5 selve dagen. <\/p>\n<p>Udover receptionen, afholdt LH\u2019s Venner ogs\u00e5 en jubil\u00e6umsfest. Datoen var den 13. november, stedet Niels Brocks afdeling p\u00e5 Kultorvet og deltagerne et par og fyrre Venner af bedste skuffe. N\u00e6sten alle LH &#8220;generationer&#8221; var repr\u00e6senteret ved festen, og de kunne, udover at nyde et fantastisk m\u00e5ltid, danse til dejlig musik ogs\u00e5 h\u00f8re taler og anekdoter fra nogle af de mange LH \u00e5r der er g\u00e5et. <\/p>\n<p>Her er en speciel tak til Tage, J\u00f8rgen, Nikolai og Signe vel p\u00e5 sin plads, for deres festlige gennemgang af indhold og tilberedningsprocedurerne p\u00e5 alt det der gennem tiden har v\u00e6ret i LH\u2019s gryder og kasseroller. <\/p>\n<p>Til festen var mange af de Venner vi tit ser, b\u00e5de som aktive og til konventerne, tilstede men faktisk var der ogs\u00e5 en del der i jubil\u00e6ets \u00e6re var kommet til staden for at m\u00f8de og feste med nogen af de ansigter de selv husker fra deres LH tid. Og det var en af de ting der g\u00f8r at denne jubil\u00e6ums fest, selvom den blev afviklet som de foreg\u00e5ende, alligevel blev noget for sig selv, og var en 25 \u00e5rs jubilar v\u00e6rdig. <\/p>\n<p>De aktive, det er dem der gennem tiden har fyldt LH\u2019s rammer ud og skabt de 25 \u00e5r, s\u00e5 det er passende at det var de aktive vi fejrede i november p\u00e5 Niels Brock. Festen forsatte til langt ud p\u00e5 s\u00f8ndagen og er der enkelte deltagere der ikke kan huske begivenheder eller hele perioder fra nattens udskejelser (eller er der nogle af jer, der ikke kunne v\u00e6re med til festen, der gerne vil v\u00e6re opdaterede med nattens h\u00e6ndelser) s\u00e5 er det blot at klikke ind p\u00e5 vores hjemmeside www.lh-ven.dk hvor billederne fra festen ligger. <\/p>\n<p>Udover festligholdelsen af f\u00f8s\u2019dagen i november s\u00e5 har ungerne ogs\u00e5 lavet en del i \u00e5ret der er g\u00e5et \u2013 og de har det sgu godt (det har \u00e5rsunger p\u00e5 25 sgu tit ;o)).<\/p>\n<p>I forbindelse med Rep- m\u00f8det blev der valgt ny ledelse. De sidste par \u00e5rs tradition med, at de valgte sidder i hele valgperioden har man ikke helt kunne opretholde. Derfor har der siden rep-m\u00f8det v\u00e6ret lidt udskiftning i ledelsen som nu best\u00e5r af f\u00f8lgende: <\/p>\n<p>Formand : \t\tAnders Friis-Hansen<br \/>\nN\u00e6stformand:\tKristian Bernth<br \/>\nFU: \t\t\tMathias Brodersen<br \/>\n\t\t\tJens Riber<br \/>\n\t\t\tKasper Dyeremose<br \/>\n\t\t\tCecillie Rasmussen<\/p>\n<p>Men det er ikke kun i den valgte ledelse man har f\u00e5et nye ansigter, ogs\u00e5 p\u00e5 sekretariatet er der sket en \u00e6ndring. Morten Buch har sagt farvel til LH efter halvandet \u00e5r p\u00e5 pinden, og den nye mand i f\u00f8rerbunkeren i R\u00e5dmandsgade er vores helt egen Shawn Kelly, tidligere n\u00e6stformand hos juniorerne og nuv\u00e6rende bestyrelsesmedlem hos LH\u2019s Venner.<\/p>\n<p>F\u00f8rst og fremmest vil jeg fra Vennernes side gerne takke Morten for samarbejdet, vi \u00f8nsker dig alt godt fremover og h\u00e5ber stadig engang i mellem at se dig hos os i vennernes regi. Dern\u00e6st vil jeg gerne byde Shawn velkommen tilbage p\u00e5 sekretariatet. Vi gl\u00e6der os til samarbejdet og til fortsat, at kunne se dig i bestyrelsessammenh\u00e6ng &#8211; nu p\u00e5 sek-lederens post. <\/p>\n<p>LH har i \u00e5rets l\u00f8b foruden rep-m\u00f8det ogs\u00e5 f\u00e5et afholdt landskonferencen og et par kurser. Og gl\u00e6deligt er det at der kommer en del handelsskoleelever p\u00e5 kurserne. I Januar var der hele 48 elever med og i marts var der ca. 25. Det gl\u00e6der mit gamle LH hjerte at kurserne igen er begyndt at tr\u00e6kke eleverne til. <\/p>\n<p>Det sidste nye fra juniorerne er at man overvejer at blive husejere, i stedet for de lejere man indtil nu har v\u00e6ret. LH vil ikke v\u00e6re f\u00f8rstegangs k\u00f8ber helt alene, man taler nemlig med de andre elevorganisationer DGS, DSE og EEO om at k\u00f8be sit eget sted. Et &#8220;elevbev\u00e6gelsens hus&#8221;, efter sigende har man kig p\u00e5 et gammelt SID hus i K\u00f8benhavns nordvest kvarter. Meget mere kan jeg ikke fort\u00e6lle nu, men jeg gl\u00e6der mig til p\u00e5 konventet, at fort\u00e6lle om noget nyt er sket p\u00e5 den front. <\/p>\n<p>\u00c5rets gang hos Vennerne.<\/p>\n<p>Selvom jubil\u00e6ums aktiviteterne har lagt lidt beslag p\u00e5 \u00e5ret der er g\u00e5et, er der dog ogs\u00e5 sket lidt andet.  Bowlingklubben har m\u00f8dtes regelm\u00e6ssigt og har ogs\u00e5 traditionen tro afviklet \u00e5rets mesterskab, hvor stortalentet Erling B. Jensen l\u00f8b med \u00e6ren og pokalen. Dart og formel 1 klubberne har ikke i \u00e5r gjort meget v\u00e6sen af sig, men til geng\u00e6ld arbejder den nye sek-leder p\u00e5 en poker klub, et af de initiativer vi gl\u00e6der os til at h\u00f8re mere om p\u00e5 konventet.<\/p>\n<p>Digterklubben er jo nok den klub, der gennem tiden har markeret sig kraftigst p\u00e5 konventerne, hvert \u00e5r med nye talentfulde medlemmer. Derfor er det vel ogs\u00e5 passende, at det er digterklubben, der er den f\u00f8rste af LH\u2019s Venners sub-klubber der f\u00e5r sit helt eget medlem af det danske folketing.<\/p>\n<p>Det er klubbens mange\u00e5rige medlem Mogens Jensen, der er kommet p\u00e5 tinge for liste A. Herfra et stort tillykke fra Vennerne med den flotte nye titel \u2013 vi er stolte af dig Mogens og gl\u00e6der os til at h\u00f8re dig fremsige dine digte fra landets fornemste talerstol. <\/p>\n<p>Ogs\u00e5 i \u00e5ret der er g\u00e5et har vi i Vennerne lavet lidt, der har kunnet bidrage til indt\u00e6gtsadministratorens arbejde. 6- dages l\u00f8bet er endnu engang blevet betjent af Venner \u2013 denne gang var det ting der skulle deles ud for Post Danmark og t\u00f8ndeslagning for ungerne (alts\u00e5 de rigtige b\u00f8rn) der skulle klares. Som altid var det vores trofaste medlem J\u00f8rgen H.K, der vidste hvor han skulle hente hj\u00e6lp til at klare det praktiske \u2013 har du flere opgaver, s\u00e5 er vi altid klar!<\/p>\n<p>En opgave der venter p\u00e5 os (faktisk for 10. gang i tr\u00e6k) er 1. maj i F\u00e6lledparken. Her skal vi endnu engang passe p\u00e5 alle de der kommer i parken, og igen i \u00e5r h\u00e5ber jeg at se mange Venner der har lyst til at give en h\u00e5nd med.  En enkelt ting er anderledes i \u00e5r , Peter fra NH er afg\u00e5et ved d\u00f8den i januar m\u00e5ned og derfor er det Ulf der k\u00f8rer tingene videre.  <\/p>\n<p>At det er 10. gang vi i orange veste og walkier skal indtage parken betyder jo ogs\u00e5 at vi selv \u2013 alts\u00e5 LH\u2019s Venner &#8211; bliver \u00e6ldre.  Faktisk fylder vi til november hele 15 \u00e5r, og for at vise, at vi er en meget aktiv og festlig teenager skal dette selvf\u00f8lgelig ogs\u00e5 markeres. Planerne er ved at blive lagt, og jeg gl\u00e6der mig til under beretningen p\u00e5 konventet at kunne l\u00f8fte sl\u00f8ret for, hvad vi har i st\u00f8beskeen. <\/p>\n<p>Det er bestyrelsen der planl\u00e6gger disse aktiviteter, og med 3 nye medlemmer fra sidste \u00e5rs konvent er der heldigvis liv og aktivitet i Vennerne endnu. Dette blev bevist endnu engang i \u00e5r da bestyrelsen traditionelt holdt bestyrelsesfest i Steen V\u2019s pool (eller ved siden og omkring poolen i hvert fald).<\/p>\n<p>Det var efter sigende en fantastisk fest, og det fortjener medlemmerne ogs\u00e5. I \u00e5ret der er g\u00e5et, har jeg selv jo kun meget kortvarigt opholdt mig i Danmark og derfor har jeg ikke kunne hj\u00e6lpe meget til. Derfor vil jeg ogs\u00e5 her sige tak til alle de frivillige der i \u00e5rets l\u00f8b har l\u00f8ftet byrden og i s\u00e6rdeleshed til bestyrelsesmedlemmerne og min vicepr\u00e6sident. Tak for hj\u00e6lpen til jer alle. <\/p>\n<p>Det har v\u00e6ret sk\u00e6gt at f\u00f8lge LH\u2019s Venners arbejde, ikke kun i \u00e5r, men i alle de \u00e5r jeg har kendt foreningen og alle Vennerne. Men da man jo ogs\u00e5 skal sige stop mens legen er god (har en eller anden klog mand engang sagt) er det for mig ogs\u00e5 ved at v\u00e6re tiden hvor jeg overvejer at tr\u00e6de tilbage fra mit embede som pr\u00e6sident for LH\u2019s Venner.<\/p>\n<p>Det har v\u00e6ret nogle fantastiske \u00e5r jeg har oplevet, nogle dejlige konventer og nogle dejlige VENNER jeg har m\u00f8dt. Derfor er det for mig trist at skulle sige farvel. Men min tilstedev\u00e6relse i sydens sol er stadig p\u00e5kr\u00e6vet og derfor forventer jeg p\u00e5 konventet at lade mig reinkarnere som en helt ny Karin Dinsen, og lade en ny pr\u00e6sident blive k\u00e5ret. Men nok om mig \u2013 en helt anden overvejer nemlig ogs\u00e5 at sige farvel til bestyrelsesarbejdet, nemlig Steen V. Jensen.  <\/p>\n<p>Steen har v\u00e6ret med i Vennerne siden starten, hvilket giver 14 \u00bd \u00e5r, og har i den tid f\u00f8rst siddet i pr\u00e6sidiet og siden hen i bestyrelsen. Hans indsats er der god grund til at takke for. Dette h\u00e5ber jeg rigtigt mange har lyst til at v\u00e6re med til, og det kan jo passende ske p\u00e5 konventet til maj. Her giver LH\u2019s Venner selvf\u00f8lgelig b\u00e5de \u00f8l til Steen og alle de andre der har lyst til at sige Steen tak for &#8220;lang og tro tjeneste&#8221;. <\/p>\n<p>Medlemmerne <\/p>\n<p>Det er ikke kun om LH\u2019 Venner som forening der her skal berettes \u2013 mange af vores venner har ogs\u00e5 i \u00e5rets l\u00f8b gjort sig bem\u00e6rket. Mange har \u00e5benbart taget mine opfordringer fra de sidste \u00e5rs beretninger om at f\u00e5 nogen b\u00f8rn til efterretning \u2013 og har f\u00e5et nogen. (Til alle jer andre kan jeg berolige med at LH\u2019s Venner selvf\u00f8lgelig stadig har lille Maria i Bulgarien som vi kaster vores kroner og k\u00e6rlige tanker efter (og som vi ogs\u00e5 i \u00e5r p\u00e5 konventet vil samle ind til)).<\/p>\n<p>Dem jeg t\u00e6nker p\u00e5 her er bl.a Mads Scheibel og Peter Andersen, der hver har f\u00e5et en rolling \u2013 STORT tillykke til jer begge og jeres bedre halvdele skal herfra lyde. Konventets mange\u00e5rige dirigents kone (Jakob Tietges bedre halvdel) forventes ogs\u00e5 at nedkomme i l\u00f8bet at de n\u00e6ste m\u00e5neder \u2013 s\u00e5 der er godt gang i medlemsproduktionen &#8211; ogs\u00e5 tillykke til jer ;o)<\/p>\n<p>Men folk f\u00e5r ikke bare b\u00f8rn de gifter sig ogs\u00e5 \u2013 i \u00e5rets l\u00f8b har Heidi Langhoff sagt ja til sin k\u00e6reste og Christian M\u00f8nsted har spurgt en anden Ven \u2013 Berit (som han for alvor m\u00f8dte p\u00e5 et LH\u2019s Venner konvent!!!!!) om hun vil v\u00e6re hans. Svaret var ja \u2013 S\u00c6F\u00d8LI og derfor har de planlagt bryllup den 2. juli i \u00e5r. Et STORT TEL\u00d8K til jer alle. <\/p>\n<p>Ses vi f\u00f8rste maj????<\/p>\n<p>Afslutningsvis vil jeg endnu engang opfordre jer alle til at dukke op n\u00e5r konventet og den efterf\u00f8lgende vammeltur bliver afholdt i staden den 15. maj. <\/p>\n<p>Men allerede f\u00f8r konventet nemlig 1. maj byder chancen for at f\u00e5 hilst p\u00e5 Vennerne sig jo. Her skal vi fejre vores 10 \u00e5rs 1.maj jubil\u00e6um og passe p\u00e5 alle de fremmede i F\u00e6lledparken. Jeg har selv t\u00e6nkt mig at dukke op og hj\u00e6lpe til og jeg h\u00e5ber at mange andre vil g\u00f8re det samme \u2013 for husk selvom de mange mennesker derinde er fremmede for os \u2013 s\u00e5 er en fremmed jo blot en VEN der endnu ikke har betalt sit kontingent. <\/p>\n<p>P\u00e5 bestyrelsens vegne<\/p>\n<p>Karin Dinsen<br \/>\nPr\u00e6sident<\/p>\n","protected":false},"excerpt":{"rendered":"<p>Beretning for LH\u2019s Venner 2005 S\u00e5 n\u00e6rmer tiden sig, igen. For\u00e5ret er p\u00e5 vej og bebuder med sin kommen ikke blot varmere vejr og alle mulige andre ting, men ogs\u00e5 at det endnu engang er tid til at samles i vennernes lag til konvent. Datoen for konventet er den 15. maj og stedet er det [&hellip;]<\/p>\n","protected":false},"author":1,"featured_media":0,"parent":3,"menu_order":1,"comment_status":"open","ping_status":"open","template":"","meta":{"footnotes":""},"_links":{"self":[{"href":"http:\/\/lh-ven.dk\/index.php?rest_route=\/wp\/v2\/pages\/33"}],"collection":[{"href":"http:\/\/lh-ven.dk\/index.php?rest_route=\/wp\/v2\/pages"}],"about":[{"href":"http:\/\/lh-ven.dk\/index.php?rest_route=\/wp\/v2\/types\/page"}],"author":[{"embeddable":true,"href":"http:\/\/lh-ven.dk\/index.php?rest_route=\/wp\/v2\/users\/1"}],"replies":[{"embeddable":true,"href":"http:\/\/lh-ven.dk\/index.php?rest_route=%2Fwp%2Fv2%2Fcomments&post=33"}],"version-history":[{"count":1,"href":"http:\/\/lh-ven.dk\/index.php?rest_route=\/wp\/v2\/pages\/33\/revisions"}],"predecessor-version":[{"id":235,"href":"http:\/\/lh-ven.dk\/index.php?rest_route=\/wp\/v2\/pages\/33\/revisions\/235"}],"up":[{"embeddable":true,"href":"http:\/\/lh-ven.dk\/index.php?rest_route=\/wp\/v2\/pages\/3"}],"wp:attachment":[{"href":"http:\/\/lh-ven.dk\/index.php?rest_route=%2Fwp%2Fv2%2Fmedia&parent=33"}],"curies":[{"name":"wp","href":"https:\/\/api.w.org\/{rel}","templated":true}]}}