{"id":35,"date":"2005-10-26T15:28:49","date_gmt":"2005-10-26T14:28:49","guid":{"rendered":"http:\/\/www.danholtjensen.dk\/lhven\/?page_id=35"},"modified":"2011-04-17T18:20:40","modified_gmt":"2011-04-17T17:20:40","slug":"konvents-beretning-2003","status":"publish","type":"page","link":"http:\/\/lh-ven.dk\/?page_id=35","title":{"rendered":"Beretning v. Konvent 2003"},"content":{"rendered":"<p>Skriftlig beretning<br \/>\ntil<br \/>\nLH&#8217;s Venners 13. konvent 2003<br \/>\nK\u00e6re VENNER!<\/p>\n<p>Jeg vil gerne starte med i stilhed at mindes den eneste ene og den anden \u2013 vort h\u00f8jt \u00e6rede Signe Andersen (LH\u2019s Venners f\u00f8rste Pr\u00e6sident) og mindst liges\u00e5 \u00e6rede Ronald Kofoed Rasmussen (LH\u2019s Venners anden Pr\u00e6sident herved LH\u2019s Venners f\u00f8rste Pr\u00e6sident suppleant). \u00c6re v\u00e6re jeres minde \u2013 I lever stadig i os!<\/p>\n<p>(STILHED \u2013 bare lidt endnu)\u2026\u2026\u2026 <\/p>\n<p>K\u00e6reste Venner &#8211; for\u00e5ret er kommet, sneen falder godt nok stadigt p\u00e5 Fyn og Bornholm, men alligevel sender de varmere luftstr\u00f8mme og de gr\u00f8nnende kviste et klart signal til venner udover hele landet; At det nu snart igen er tiden at samles med Vennerne til konvent i Kongens stad.<\/p>\n<p>Vi skal igen \u2013 endeligt \u2013 ses til konvent \u2013 f\u00f8rst og fremmest fordi det er en fantastisk mulighed for at se og gense vennerne men ikke mindst fordi det er et helt \u00e5r siden sidst. Og meget er sket p\u00e5 det \u00e5r. LH\u2019s VENNER er blevet 13 \u00e5r \u2013 og dermed en rigtig teenager, og lig mange andre teenagere i dagens Danmark har denne her ogs\u00e5 i \u00e5r haft travlt med alle mulige og umulige arbejdsopgaver. Herudover er der blevet bowlet og kastet pile i klubberne og s\u00e5 har vi selvf\u00f8lgelig v\u00e6ret p\u00e5 pletten n\u00e5r juniorklubben har kaldt. Og alt dette vil jeg gerne p\u00e5 pr\u00e6sidiets vegne berette om her. <\/p>\n<p>Junior Klubben <\/p>\n<p>Man skal altid starte med det vigtigste \u2013 det er der en eller anden klog VEN der engang har sagt \u2013 og VENNERNES bedste og vigtigste venner er stadig LH \u2013 intet nyt p\u00e5 den front\u2026 Men i LH er der meget nyt at berette siden sidste \u00e5rs konvent. <\/p>\n<p>I sommeren fandt LH\u2019s hovedbestyrelse og LH\u2019s faste lejere (DET\u2019 OS) ud af at vi tr\u00e6ngte til lunere luftlag \u2013 det var efterh\u00e5nden blevet lidt sm\u00e5koldt i de store lokaler \u2013 der var alt for megen plads. Derfor valgte LH at flytte sekretariat s\u00e5 langt sydp\u00e5 som over i forhuset, R\u00e5dmandsgade nr. 43. Nu vil nogen m\u00e5ske sige NU IGEN! \u2013 men det er der faktisk ingen grund til &#8211;  i LH\u2019s snart 24. \u00e5rige levetid har man faktisk kun flyttet adresse 2 gange (og s\u00e5 s\u00e6f\u00f8li alle gangene frem og tilbage mellem etagerne i nr. 45 :o))  Mange venner hjalp med flytningen, og fik her chancen for at se LH\u2019s nye sekretariat og VENNERNES nye lokale. Vi er, sagt i al beskedenhed, meget stolte af vores nye lokaler \u2013 vi har bl.a. f\u00e5et en flagstang, afh\u00f8vlede gulve \u2013 alt i alt har vi nu et kontor hvor alle faktisk synes det er v\u00e6rd at holde orden \u2013 hvilke jo er en god og stor forbedring fra vores gamle lokale ;o))<\/p>\n<p>Mange venner har allerede v\u00e6ret inde og kigge og har samtidig set LH\u2019s nye lokaler (som faktisk ogs\u00e5 er ret p\u00e6ne \u2013 og de er ikke blevet mindre k\u00f8nne af at en aktiv LH ven (faktisk vores eneste nuv\u00e6rende \u00e6resmedlem Karen Elisabet Lundb\u00e6k) har syet gardiner til LH\u2019s kontor, et flot initiativ som vi fra pr\u00e6sidiets side da h\u00e5ber at andre vil lade sig inspirere af \u2013 det er smukt n\u00e5r ens venner p\u00e5 denne m\u00e5de hj\u00e6lper til og s\u00e5 endda p\u00e5 helt eget initiativ). Det skal da ogs\u00e5 lige fort\u00e6lles at vi faktisk har f\u00e5et et takkebrev fra Karen Elisabet for vores gaver til hendes 10 \u00e5rs jubil\u00e6um i HL \u2013 og brevet indeholder kun gode nyheder \u2013 Karen Elisabet vil m\u00e6gtigt gerne blive som medlem n\u00e5r hendes \u00e6res medlemskab udl\u00f8ber- for som hun skriver &#8220;Det er en meget stor \u00e6re at v\u00e6re VEN&#8221; \u2013 denne omtale fra en s\u00e5dan god VEN skal da kvitteres \u2013 s\u00e5 passende m\u00e5 det v\u00e6re at vi gir Karen Elisabet et \u00e5r mere i \u00e6rens tegn ;o))<\/p>\n<p>N\u00e5 men tilbage til ungerne udover at f\u00e5 flyttet en forf\u00e6rdelig masse flyttekasser og gamle rep-m\u00f8de opl\u00e6g har LH ogs\u00e5 f\u00e5et afholdt det s\u00e6dvanlige antal storm\u00f8der. Til Vennernes store begejstring har LH heldigvis droppet &#8220;Vi skal helst s\u00e5 langt v\u00e6k fra sekretariatet som muligt&#8221; tendensen og havde droppet ideen om at Frederikshavn kan siges at ligge centralt placeret p\u00e5 IC linen. I stedet tog vi til Vejle og holdt Rep-m\u00f8de og til N\u00e6stved og afholdt Landskonferencen. Begge gange var VENNERNE selvf\u00f8lgelig p\u00e5 banen og hjalp til som kokke, dirigenter, chauff\u00f8rer, v\u00e6kkeur, og alle de andre roller der skal spilles i kulissen n\u00e5r LH kalder til tr\u00e6f. <\/p>\n<p>P\u00e5 repr\u00e6sentantskabsm\u00f8det skete der jo det at LH fik ny ledelse og \u00e5benbart holder LH fast i strategien om at folk bliver hele valgperioden, det skete sidste \u00e5r og umiddelbart ser det meget lovende ud i \u00e5r ogs\u00e5. Nu skal man selvf\u00f8lgelig aldrig sige aldrig \u2013 men sikkert er det under alle fald \u2013 at alle de der i november blev valgt til FU \u2013 stadig sidder i Forretningsudvalget. Et tiltag vi i Vennerne selvf\u00f8lgelig bakker 164,5 % op bag.<\/p>\n<p>LH forretningsudvalg best\u00e5r s\u00e5ledes stadig af f\u00f8lgende: <\/p>\n<p>Formand :<br \/>\n Mathias N\u00f8rvig, Holb\u00e6k HS (EUC Nordvestsj\u00e6lland)<\/p>\n<p>N\u00e6stformand:<br \/>\n Astrid Rantorp, Merkur-centeret i Nyk\u00f8bing F (CEUS)<\/p>\n<p>FU\u2019ere:<br \/>\n Morten J\u00e6ger Knudsen, Herning Handelsskole<\/p>\n<p> Christoffer Erlang, \u00c5rhus K\u00f8bmandsskole, Vejlbycentervej<\/p>\n<p> Shawn Kelly, Roskilde Handelsskole<\/p>\n<p>FU-sup:<br \/>\n Sabine Rosenfeldt, Horsens Handelsskole<\/p>\n<p> Jimmi Madsen, Vordingborg Handelsskole<\/p>\n<p>Hovedbestyrelsen hos ungerne ser pt. s\u00e5ledes ud:<\/p>\n<p>Region 1:<br \/>\n Ingen valgt i denne region<\/p>\n<p>Region 2:<br \/>\n Henrik Duus, Viborg Handelsskole<\/p>\n<p>Region 3:<br \/>\n Kristian Bernth, \u00c5rhus Kbmskole, Vejlbycentervej<\/p>\n<p>Region 4:<br \/>\n Steen W. \u00d8rts, Ringk\u00f8bing Handelsskole<\/p>\n<p>Region 5:<br \/>\n Ingen valgt i denne region<\/p>\n<p>Region 6:<br \/>\n Casper Larsen, Ribe Handelsskole<\/p>\n<p>Region 7:<br \/>\n Ingen valgt i denne region<\/p>\n<p>Region 8:<br \/>\n Jeanette Pedersen, Svendborg Handelsskole<\/p>\n<p>Region 9:<br \/>\n Tine Hasgaard, Merkur-centeret i Nyk\u00f8bing F (CEUS)<\/p>\n<p>Region 10:<br \/>\n Michael Gynde, Holb\u00e6k Handelsskole (EUC Nordvestsj\u00e6lland)<\/p>\n<p>Region 11:<br \/>\n Lema Abawi, Niels Brock, N\u00f8rre Voldgade<\/p>\n<p>Region 3 observat\u00f8r:<br \/>\n Ingen valgt i denne region<\/p>\n<p>Region 11 observat\u00f8r:<br \/>\n Tue Langtofte, Handelsskolen i Ballerup<\/p>\n<p>Udover at sige farvel til ledelsen sagde man ogs\u00e5 p\u00e5 Repr\u00e6sentantskabsm\u00f8det farvel til Sek-leder Heidi Langhoff .  Fra VENNERNE vil vi ogs\u00e5 gerne her sige farvel til Heidi \u2013 tak for indsatsen \u2013 vi h\u00e5ber at vi ogs\u00e5 fremover vil se dig i Vennernes regi. <\/p>\n<p>N\u00e5r man siger farvel siger man ogs\u00e5 goddag \u2013 og det g\u00f8r vi s\u00e5 nu, LH har endelig f\u00e5et ansat en ny sek-leder \u2013 en vis Morten Buch \u2013 til ham vil vi sige velkommen. Jeg har endnu ikke m\u00f8dt Morten \u2013 men det f\u00e5r vi alle chancen for 1. maj og til konventet.<\/p>\n<p>\u00c5rets andre opgaver<\/p>\n<p>Traditionelt er det i \u00e5rets l\u00f8b alle mulige (og til tider umulige) opgaver Vennerne har l\u00f8st for forskellige firmaer og organisationer.  Udover vores traditionelle deltagelse n\u00e5r juniorerne kalder til samling har det i \u00e5r bla. drejet sig om:<\/p>\n<p>VM i banecykling, der blev afholdt i Siemens arena i Ballerup (f\u00f8r sm\u00e5problemerne med tagkonstruktionen). Her hjalp en gruppe aktive VENNER og noget af deres n\u00e6rmeste familie (tak til vicepr\u00e6sidentens brormand), Danmarks Cykel Union med akkrediteringen til st\u00e6vnet, det var jo en meget vigtig tjans vi der havde f\u00e5et og vi klarede \u2013 i al beskedenhed opgaven til UG \u2013 ikke mange fritidscyklister fik den uge adgang til den hellige arena\u2026\u2026<\/p>\n<p>Slotskoncerterne for DR er efterh\u00e5nden en tilbagevendende begivenhed hos vennerne (og DR). I \u00e5r begr\u00e6nsede VENNERNES indsats sig til pakningen af poser til uddeling blandt publikum \u2013 en opgave vi efterh\u00e5nden m\u00e5 kalde en rigtig kerne-kompetence hos VENNERNE.<\/p>\n<p>DR\u2019s Julehilsen fra Radiounderholdningsorkestret \u2013 DR ved godt at det pakkeri \u2013 ja det ka\u2019 vi bare s\u00e5 det klarede vi sgu ogs\u00e5 lige for dem.<\/p>\n<p>LO Stork\u00f8benhavn vil ikke n\u00f8jes med at ha\u2019 luftet fanerne 1. maj \u2013 derfor havde de indkaldt til stordemonstration den 5. oktober og da LO jo er meget tilfredse med vores indsats ved deres bette fest i f\u00e6lledparken 1. maj \u2013 mente de at vi lige ville v\u00e6re de rette til ogs\u00e5 at klare noget af det praktiske 5. oktober \u2013 og som sagt \u2013 s\u00e5 gjort.<\/p>\n<p>VENNERNES Catering, har ogs\u00e5 v\u00e6ret p\u00e5 spil i \u00e5r \u2013 Karen Maren ville nemlig ikke kun have S\u00f8ren ved hendes bryllup i Ejby kirke i efter\u00e5ret \u2013 hun ville ogs\u00e5 have hendes VENNER til at st\u00e5 for servering og oprydning i slatterne sidst p\u00e5 natten under den efterf\u00f8lgende bryllupsfest.<br \/>\nAlt i alt m\u00e5 man sige at det har v\u00e6ret et travlt \u00e5r for vennerne \u2013 men det faktum at vi kun har en indt\u00e6gtsadministrator og ikke nogen til at administrere eventuelle udgifter \u2013 forpligter jo. Derfor skal der jobbes lidt, n\u00e5r vi ogs\u00e5 fortsat gerne vil have mulighed for at afholde diverse arrangementer i VENNERNES navn.<\/p>\n<p>Og det vil vi jo gerne, og det er kun muligt for mange af jer, k\u00e6re VENNER, har lyst og lejlighed til at hj\u00e6lpe til n\u00e5r der kaldes, det vil jeg gerne her sige mange tak for. En god tilbagevendende begivenhed (dem har vi efterh\u00e5nden nogle stykker af ), er jo julefrokosten hvor alle der har hjulpet VENNERNE i \u00e5rets l\u00f8b bliver inviteret og hvor vi p\u00e5 den m\u00e5de f\u00e5r sagt ordentligt tak for hj\u00e6lpen. Det er en rigtig sk\u00e6g fest \u2013 og det eneste man skal g\u00f8re for at komme med \u2013 er jo at hj\u00e6lpe til i l\u00f8bet af \u00e5ret. Det er en slet skjult opfordring \u2013 b\u00e5de fordi vi gerne vil se flere hj\u00e6lpende h\u00e6nder \u2013 men ogs\u00e5 fordi jo flere der hj\u00e6lper til \u2013 jo st\u00f8rre bliver festen i december\u2026\u2026\u2026 <\/p>\n<p>En generel opfordring skal der vist lyde igen i \u00e5r: F\u00e5 s\u00e5 nogen b\u00f8rn (og gerne mange af dem, s\u00e5 Vennerne b\u00e5de kan f\u00e5 nye helt unge Venner, samt hj\u00e6lpe til barned\u00e5berne! (vi g\u00f8r det jo for \u00f8vrigt ogs\u00e5 i bryllupper \u2013  og i \u00e5r er vi jo i god tr\u00e6ning &#8211; s\u00e5 to opfordringer kan der hermed traditionelt lyde :<br \/>\nGift Jer og f\u00e5 unger (r\u00e6kkef\u00f8lgen bestemmer I s\u00e6\u2019f\u00f8\u2019li selv!))) <\/p>\n<p>Vennerne har jo for mange \u00e5r tilbage s\u00f8rget for at vi alligevel alle sammen er lidt for\u00e6ldre. Vi har som de fleste nok ved et plejebarn. Tidligere var det Jesus vi tog os af, men han gik jo hen og blev \u00e6ldre og derfor fandt vi lille Maria i Bulgarien og kaste vores tanker og kroner efter. Maria har det godt og vi vil \u2013 efter samme procedure som tidligere \u00e5r \u2013 igen i \u00e5r p\u00e5 konventet samle ind til lidt ekstra til Maria \u2013 faktisk vil vi i \u00e5r samle meget ind \u2013 det glemte vi \u00e5benbart under &#8220;vammelturen&#8221; sidste \u00e5r???<\/p>\n<p>Som tidligere fortalt har Vennerne udover at man f\u00e5 lov at hj\u00e6lpe til \u2013 ogs\u00e5 en r\u00e6kke tilbud til dem der gerne vil nyde.  Mange af disse tilbud foreg\u00e5r i vores sub-klubber. I \u00e5r har der i specielt den ene af dem  &#8211; nemlig i bowlingklubben v\u00e6ret hektisk aktivitet. <\/p>\n<p>Bowlingklubben afholder m\u00e5nedlige tr\u00e6ningsaftner hvor man tr\u00e6ner til den \u00e5rligt tilbagevendende begivenhed: Mesterskabet. Dette bliver afholdt lige f\u00f8r p\u00e5ske \u2013 nemlig den 16. april Alle Venner kan selvf\u00f8lgelig deltage i b\u00e5de tr\u00e6ningsaftner og mesterskab men man m\u00e5 meget gerne fort\u00e6lle indt\u00e6gtsadministrator Per Loft Rasmussen hvis man har t\u00e6nkt sig at dukke op, simpelthen fordi det er meget sjovere at bowle hvis der er en bane man kan g\u00f8re det p\u00e5.<\/p>\n<p>Udover at v\u00e6re igangs\u00e6ttere p\u00e5 disse aktiviteter har bestyrelsen i \u00e5r haft nogle sp\u00e6ndende diskussioner om bla. Vores hjemmeside www.LH-ven.dk \u2013 hvor man jo l\u00f8bende kan f\u00f8lge sine venner (og se en masse billeder fra LH aktiviteterne ) er blevet diskuteret og bestyrelsen har i gang sat en opdatering af b\u00e5de layout og indhold. Heri kommer bla. Nogle af de tanker bestyrelsen er begyndt at t\u00e6nke omkring LH\u2019s 25 f\u00f8s\u2019da som jo kun er et par \u00e5r ude i fremtiden. I forhold til min beretning sidste \u00e5r \u2013 har vi endda f\u00e5et nedsat et mere eller mindre hurtigt arbejdende udvalg der snart barsler med mere konkrete opl\u00e6g omkring LH\u2019s jubil\u00e6um.<\/p>\n<p>Det er en af de ting vi helt sikkert vil vende tilbage til p\u00e5 konventet \u2013 s\u00e5 er du nysgerrig \u2013 s\u00e5 kom og v\u00e6r med!! <\/p>\n<p>Men en chance for at m\u00f8des med Vennerne skal du da lige have &#8211; Inden konventet kommer, bliver det jo igen 1. maj \u2013 en dag hvor Vennerne \u2013 men stor ekspertise indtager f\u00e6lledparken og hj\u00e6lper LO Stork\u00f8benhavn. Vi bliver udstyret med flotte orange veste, walkie talkies, og har til form\u00e5l at sikre en god, glad og festlig dag for de mange i parken \u2013 og selv om de er fremmede for os og vi ikke kender dem h\u00e5ber jeg at mange har lyst til at hj\u00e6lpe til for husk nu at en fremmed egentlig bare er en ven der ikke har betalt kontingent \u2013 endnu! S\u00e5 vil du allerede nu sikre, at netop du bliver inviteret til julefrokosten \u2013 ja s\u00e5 g\u00e6lder det bare om at komme op af stolen og ind i f\u00e6lledparken og hj\u00e6lpe til.<\/p>\n<p>Nu er jeg i denne beretning kommet lidt rundt om en god ven \u2013 nemlig LH\u2019s. Meget mere kan siges og det sker ogs\u00e5 \u2013 nemlig den 16. maj p\u00e5 Toga Vinstue i K\u00f8benhavn hvor vores konvent bliver afholdt. Jeg h\u00e5ber at se mange af jer til konvent, men ogs\u00e5 bagefter hvor vi sammen kan bevise at en vammeltur i K\u00f8benhavn bliver en ven aldrig for gammel til.  <\/p>\n<p>S\u00e5 jeg h\u00e5ber at vi ses i maj!<\/p>\n<p>P\u00e5 pr\u00e6sidiets vegne<\/p>\n<p>Karin Dinsen<br \/>\nPr\u00e6sident<\/p>\n","protected":false},"excerpt":{"rendered":"<p>Skriftlig beretning til LH&#8217;s Venners 13. konvent 2003 K\u00e6re VENNER! Jeg vil gerne starte med i stilhed at mindes den eneste ene og den anden \u2013 vort h\u00f8jt \u00e6rede Signe Andersen (LH\u2019s Venners f\u00f8rste Pr\u00e6sident) og mindst liges\u00e5 \u00e6rede Ronald Kofoed Rasmussen (LH\u2019s Venners anden Pr\u00e6sident herved LH\u2019s Venners f\u00f8rste Pr\u00e6sident suppleant). \u00c6re v\u00e6re jeres [&hellip;]<\/p>\n","protected":false},"author":1,"featured_media":0,"parent":3,"menu_order":5,"comment_status":"open","ping_status":"open","template":"","meta":{"footnotes":""},"_links":{"self":[{"href":"http:\/\/lh-ven.dk\/index.php?rest_route=\/wp\/v2\/pages\/35"}],"collection":[{"href":"http:\/\/lh-ven.dk\/index.php?rest_route=\/wp\/v2\/pages"}],"about":[{"href":"http:\/\/lh-ven.dk\/index.php?rest_route=\/wp\/v2\/types\/page"}],"author":[{"embeddable":true,"href":"http:\/\/lh-ven.dk\/index.php?rest_route=\/wp\/v2\/users\/1"}],"replies":[{"embeddable":true,"href":"http:\/\/lh-ven.dk\/index.php?rest_route=%2Fwp%2Fv2%2Fcomments&post=35"}],"version-history":[{"count":1,"href":"http:\/\/lh-ven.dk\/index.php?rest_route=\/wp\/v2\/pages\/35\/revisions"}],"predecessor-version":[{"id":239,"href":"http:\/\/lh-ven.dk\/index.php?rest_route=\/wp\/v2\/pages\/35\/revisions\/239"}],"up":[{"embeddable":true,"href":"http:\/\/lh-ven.dk\/index.php?rest_route=\/wp\/v2\/pages\/3"}],"wp:attachment":[{"href":"http:\/\/lh-ven.dk\/index.php?rest_route=%2Fwp%2Fv2%2Fmedia&parent=35"}],"curies":[{"name":"wp","href":"https:\/\/api.w.org\/{rel}","templated":true}]}}