{"id":37,"date":"2005-10-26T15:29:36","date_gmt":"2005-10-26T14:29:36","guid":{"rendered":"http:\/\/www.danholtjensen.dk\/lhven\/?page_id=37"},"modified":"2011-04-17T18:20:10","modified_gmt":"2011-04-17T17:20:10","slug":"referat-konvent-2004","status":"publish","type":"page","link":"http:\/\/lh-ven.dk\/?page_id=37","title":{"rendered":"Referat v. Konvent 2004"},"content":{"rendered":"<p>Referanten p\u00e5 konventet 2004 LH&#8217;s dav\u00e6rende n\u00e6stformand Kristian Bernt, tog selvf\u00f8lgeligt under m\u00f8det referat. Desv\u00e6rre skrev Kristian referatet p\u00e5 et par t\u00f8mme paptallerkner &#8211; som han s\u00e5 efterf\u00f8lgende under den store vammel-tur i k\u00f8benhavns gader kom til at smide v\u00e6k&#8230;&#8230;&#8230;&#8230;&#8230;&#8230;&#8230; <\/p>\n<p>Dette er grunden til at vi ikke har et referat fra konventet &#8211; tilgeng\u00e6ld lover vi h\u00f8jt og helligt at der ikke blev taget noget der ligner en beslutning udover selvf\u00f8lgelig det er skal jvf. vedt\u00e6gterne. <\/p>\n","protected":false},"excerpt":{"rendered":"<p>Referanten p\u00e5 konventet 2004 LH&#8217;s dav\u00e6rende n\u00e6stformand Kristian Bernt, tog selvf\u00f8lgeligt under m\u00f8det referat. Desv\u00e6rre skrev Kristian referatet p\u00e5 et par t\u00f8mme paptallerkner &#8211; som han s\u00e5 efterf\u00f8lgende under den store vammel-tur i k\u00f8benhavns gader kom til at smide v\u00e6k&#8230;&#8230;&#8230;&#8230;&#8230;&#8230;&#8230; Dette er grunden til at vi ikke har et referat fra konventet &#8211; tilgeng\u00e6ld lover [&hellip;]<\/p>\n","protected":false},"author":1,"featured_media":0,"parent":3,"menu_order":4,"comment_status":"open","ping_status":"open","template":"","meta":{"footnotes":""},"_links":{"self":[{"href":"http:\/\/lh-ven.dk\/index.php?rest_route=\/wp\/v2\/pages\/37"}],"collection":[{"href":"http:\/\/lh-ven.dk\/index.php?rest_route=\/wp\/v2\/pages"}],"about":[{"href":"http:\/\/lh-ven.dk\/index.php?rest_route=\/wp\/v2\/types\/page"}],"author":[{"embeddable":true,"href":"http:\/\/lh-ven.dk\/index.php?rest_route=\/wp\/v2\/users\/1"}],"replies":[{"embeddable":true,"href":"http:\/\/lh-ven.dk\/index.php?rest_route=%2Fwp%2Fv2%2Fcomments&post=37"}],"version-history":[{"count":1,"href":"http:\/\/lh-ven.dk\/index.php?rest_route=\/wp\/v2\/pages\/37\/revisions"}],"predecessor-version":[{"id":238,"href":"http:\/\/lh-ven.dk\/index.php?rest_route=\/wp\/v2\/pages\/37\/revisions\/238"}],"up":[{"embeddable":true,"href":"http:\/\/lh-ven.dk\/index.php?rest_route=\/wp\/v2\/pages\/3"}],"wp:attachment":[{"href":"http:\/\/lh-ven.dk\/index.php?rest_route=%2Fwp%2Fv2%2Fmedia&parent=37"}],"curies":[{"name":"wp","href":"https:\/\/api.w.org\/{rel}","templated":true}]}}