{"id":38,"date":"2005-10-26T15:29:45","date_gmt":"2005-10-26T14:29:45","guid":{"rendered":"http:\/\/www.danholtjensen.dk\/lhven\/?page_id=38"},"modified":"2011-04-17T18:20:58","modified_gmt":"2011-04-17T17:20:58","slug":"referat-konvent-2003","status":"publish","type":"page","link":"http:\/\/lh-ven.dk\/?page_id=38","title":{"rendered":"Referat v. Konvent 2003"},"content":{"rendered":"<p>Referat af<br \/>\nLH&#8217;s Venners 13. konvent 2003<br \/>\nafholdt p\u00e5 Toga Vinstue<br \/>\nDa der f\u00f8rst lige skulle provianteres i baren, startede programmet en anelse forsinket med en uovertruffen velkomst af Pr\u00e6sident Karin Dinsen (KD eller bare K\u00e6leD\u00e6ggen)<\/p>\n<p>Pkt. 1 &#8211; Valg af dirigenter<br \/>\nTil dirigent blev Johnny Tang og Jacob Tietge traditionen tro indstillet. Jacob Tietge som alligevel var m\u00f8dt op overlod imidlertid tjansen til Steen V og Erling, der stod klar som suppleanter.<\/p>\n<p>SK\u00c5L<\/p>\n<p>Pkt. 2 &#8211; Valg af referent<br \/>\nReferent blev formanden for juniorklubben, LH, Mathias N\u00f8rvig der i mangel af bedre m\u00e5tte nedskrive h\u00e6ndelserne p\u00e5 6 paptallerkener.<\/p>\n<p>Pkt. 3 &#8211; Pr\u00e6sidentens beretning (- nu med stopur!)<br \/>\nSTOR APPLAUS<\/p>\n<p>SK\u00c5L<\/p>\n<p>K\u00e6leD\u00e6ggen udtrykte selv stor gl\u00e6de ved den skriftlige beretning og fortsatte den mundtlige beretning med at n\u00e6vne ting der er sket siden den skriftlige beretning blev udsendt.<\/p>\n<p>S\u00e5ledes opstemt kunne hun berette om de over 20 VENner der trodsede vejrguderne og hjalp til d. 1. maj i F\u00e6lledparken. Stor tak til alle sammen.<\/p>\n<p>Julefrokosten, en lille event for de der g\u00f8r en indsats i l\u00f8bet af \u00e5ret forl\u00f8b godt og samtidig kom der en stor opfordring til at hj\u00e6lpe i \u00e5rets l\u00f8b.<\/p>\n<p>SK\u00c5L<\/p>\n<p>Bowlingmesterskabet er blevet afholdt og Per Loft er k\u00e5ret som vinder. <\/p>\n<p>SPREDT APPLAUS<\/p>\n<p>LH\u2019s VENner &#8211; nu med s\u00f8sterorganisation!<\/p>\n<p>Mindfriends (under Mindscope) er blevet oprettet og VENnerne var med. Der var s\u00e5gar LIVE-transmission over nettet, s\u00e5 deeeeet!<\/p>\n<p>APPLAUS<\/p>\n<p>SK\u00c5L<\/p>\n<p>&#8220;Alle er lidt mor og far&#8221; filosoferede KD sig frem til. Derfor har VENnerne selvf\u00f8lgelig ogs\u00e5 et barn at tage sig af.<br \/>\nHvorvidt det var i Rum\u00e6nien (som f\u00f8r var Bulgarien) skal jeg lade v\u00e6re usagt, men Storian (formerly known af Maria\/LH\u2019s VENners tidligere barn) er flyttet hjem igen og beh\u00f8ver derfor ikke modtage tegninger fra Pr\u00e6sidiet.<br \/>\nDisse tegninger bedes i \u00f8vrigt fra nu af sendes til LH (R\u00e5dmandsgade 43) da vores nye v\u00e6gge er lidt bare.<br \/>\nDet nye barn hedder Petko Wazzup Karnov Vaskov \u2026 Han hedder Petko!<\/p>\n<p>SK\u00c5L<\/p>\n<p>&#8220;N\u00e6ste \u00e5r bliver sp\u00e6ndende med Jubil\u00e6umsplanl\u00e6gning for LH (som fylder 25 \u00e5r snart)&#8221;<\/p>\n<p>APPLAUS<\/p>\n<p>Bowlingklubben forts\u00e6tter ufortr\u00f8dent og s\u00e5ledes forventes Dartklubben og Formel 1-klubben ogs\u00e5 at genvinde fordums tids styrke.<\/p>\n<p>SK\u00c5L<\/p>\n<p>Afslutningsvis rundede Karin Dinsen af med at slutte beretningen sigende de sidste ord: &#8220;Husk at fremmede er VENner der ikke har betalt endnu&#8221;<\/p>\n<p>APPLAUS<\/p>\n<p>SK\u00c5L<\/p>\n<p>Digterklubben kunne imidlertid supplere med to af vor tids smukkeste digte:<\/p>\n<p>&#8220;Tiden g\u00e5r<br \/>\nTiden g\u00e5r<br \/>\nTiden g\u00e5r<br \/>\nTiden gik&#8221;<\/p>\n<p>Og fusionen af dansk lyrik og finsk ynde: &#8220;Yksi, kaksi, Puch Maxi&#8221;<\/p>\n<p>SK\u00c5L<\/p>\n<p>Rikke Zwisler &#8211; pr\u00e6sident for Mindfriends &#8211; takkede for hj\u00e6lpen. <\/p>\n<p>APPLAUS<\/p>\n<p>SK\u00c5L<\/p>\n<p>Beretningen blev godkendt!<\/p>\n<p>Pkt. 4 &#8211; \u00f8konomi \/v. Per Loft<br \/>\nSidste var der overskud p\u00e5 25.000 kr.<br \/>\nDet blev derfor besluttet at give en omgang \u00f8l\u2026<\/p>\n<p>SK\u00c5L<\/p>\n<p>Regnskabet blev rost for at det stemte.<\/p>\n<p>APPLAUS<\/p>\n<p>Der blev opfordret til at hj\u00e6lpe mere og samtidig informeret om at der budgetteres med 45.000 kr. til LH\u2019s jubil\u00e6um.<br \/>\nEgenkapitalen er 160.000 kr. og s\u00e5ledes kunne regnskabet godkendes.<\/p>\n<p>Pkt. 5 &#8211; kontingentfasts\u00e6ttelse<br \/>\nBestyrelsen indstillede til kontingent p\u00e5 50 kr. og det blev godkendt<\/p>\n<p>APPLAUS<\/p>\n<p>Pkt. 6 &#8211; Indkomne forslag<br \/>\nPunktet \u00e5bnedes\u2026 <\/p>\n<p>K\u00e6leD\u00e6ggen indstillede p\u00e5 bestyrelsens vegne at LH\u2019s VENner bliver st\u00f8tteforening for Mindfriends. Vedtaget!<\/p>\n<p>APPLAUS<\/p>\n<p>L\u00f8fberg ville gerne have endnu en vedt\u00e6gts\u00e6ndring da han mente at hans konvent hvert \u00e5r blev spoleret af Bo J\u00f8rgensen. Han mente derfor at Bo J\u00f8rgensen skulle fratages taleret de n\u00e6ste 3 \u00e5r.<br \/>\nForslaget blev forkastet!<\/p>\n<p>APPLAUS<\/p>\n<p>SK\u00c5L<\/p>\n<p>Herefter fulgte en kort kunstpause da Erling lige skulle have en refill p\u00e5 pilsen<\/p>\n<p>Pkt. 7 &#8211; K\u00e5ringer<br \/>\na) K\u00e5ret som Pr\u00e6sident blev Karin Dinsen<br \/>\nb) &#8212;&#8211;\/\/&#8212;&#8211; Vicepr\u00e6sident blev Helene Jensen<br \/>\nc) &#8212;&#8211;\/\/&#8212;&#8211; Indt\u00e6gtsadministrator blev Per Loft<br \/>\nd) &#8212;&#8211;\/\/&#8212;&#8211; Organisationssekret\u00e6r blev Kasper Kaufmann<br \/>\ne) F\u00f8rst farvel og tak til David, Christian, Peter og Allan<\/p>\n<p>Efter korridorsnak, Von Oosten-sk\u00e5l og stemmeopt\u00e6lling kunne vi, med 33 stemmeberettigede, sige velkommen i bestyrelsen til:<\/p>\n<p>Lisbeth Dinsen (28)<br \/>\nSteen V (28)<br \/>\nDan Holt (26)<br \/>\nFolket (23)<br \/>\nMorten Dixen (20)<br \/>\nChristian M\u00f8nsted (16)<\/p>\n<p>APPLAUS<\/p>\n<p>Top 3 over ikke-valgte var:<\/p>\n<p>Erling (12)<br \/>\nDaniela (10)<br \/>\nL\u00f8fberg (7)<\/p>\n<p>APPLAUS<\/p>\n<p>f) Revisorer blev Signe Andersen og Karen Schack med Erling som suppleant.<br \/>\ng) Internationale sekret\u00e6rer n\u00e5ede jeg ikke lige at fange hvem blev (Asbj\u00f8rn Christiansen m.fl. red.)<\/p>\n<p>Pkt. 8 &#8211; Eventuelt<br \/>\nKarin Dinsen AKA K\u00e6leD\u00e6ggen &#8211; tillykke til de valgte, tak til de afg\u00e5ede!<\/p>\n<p>APPLAUS<\/p>\n<p>Velkommen til Morten Buch S\u00f8rensen (MBS, den nye sekretariatsleder i LH)<\/p>\n<p>STOR APPLAUS<\/p>\n<p>MBS takkede og informerede om en ny klub, Pool-klubben (&#8220;for lange k\u00f8ller og h\u00e5rde st\u00f8d&#8221;)<\/p>\n<p>KD igen: Indsamling til Petko\u2026<\/p>\n<p>Dirigenterne opfordrede til at Petko blev omd\u00f8bt til Josef.<\/p>\n<p>Peter Andersen sagde bagefter noget p\u00e5 alt andet end dansk.<\/p>\n<p>\u00c6resmedlemmer:<\/p>\n<p>Karen Elisabeth (HL)<br \/>\nAnkerdal<\/p>\n<p>KD takkede alle (dirigenter, Jacob Tietge, deltagere p\u00e5 konventet)<\/p>\n<p>Helene Jensen afsl\u00f8rede at turen gik mod Tivoli<\/p>\n<p>APPLAUS<\/p>\n<p>Dirigenterne rundede af <\/p>\n<p>APPLAUS<\/p>\n","protected":false},"excerpt":{"rendered":"<p>Referat af LH&#8217;s Venners 13. konvent 2003 afholdt p\u00e5 Toga Vinstue Da der f\u00f8rst lige skulle provianteres i baren, startede programmet en anelse forsinket med en uovertruffen velkomst af Pr\u00e6sident Karin Dinsen (KD eller bare K\u00e6leD\u00e6ggen) Pkt. 1 &#8211; Valg af dirigenter Til dirigent blev Johnny Tang og Jacob Tietge traditionen tro indstillet. Jacob Tietge [&hellip;]<\/p>\n","protected":false},"author":1,"featured_media":0,"parent":3,"menu_order":6,"comment_status":"open","ping_status":"open","template":"","meta":{"footnotes":""},"_links":{"self":[{"href":"http:\/\/lh-ven.dk\/index.php?rest_route=\/wp\/v2\/pages\/38"}],"collection":[{"href":"http:\/\/lh-ven.dk\/index.php?rest_route=\/wp\/v2\/pages"}],"about":[{"href":"http:\/\/lh-ven.dk\/index.php?rest_route=\/wp\/v2\/types\/page"}],"author":[{"embeddable":true,"href":"http:\/\/lh-ven.dk\/index.php?rest_route=\/wp\/v2\/users\/1"}],"replies":[{"embeddable":true,"href":"http:\/\/lh-ven.dk\/index.php?rest_route=%2Fwp%2Fv2%2Fcomments&post=38"}],"version-history":[{"count":1,"href":"http:\/\/lh-ven.dk\/index.php?rest_route=\/wp\/v2\/pages\/38\/revisions"}],"predecessor-version":[{"id":240,"href":"http:\/\/lh-ven.dk\/index.php?rest_route=\/wp\/v2\/pages\/38\/revisions\/240"}],"up":[{"embeddable":true,"href":"http:\/\/lh-ven.dk\/index.php?rest_route=\/wp\/v2\/pages\/3"}],"wp:attachment":[{"href":"http:\/\/lh-ven.dk\/index.php?rest_route=%2Fwp%2Fv2%2Fmedia&parent=38"}],"curies":[{"name":"wp","href":"https:\/\/api.w.org\/{rel}","templated":true}]}}