{"id":73,"date":"2007-11-28T19:57:26","date_gmt":"2007-11-28T18:57:26","guid":{"rendered":"http:\/\/www.lh-ven.dk\/lhven\/?page_id=73"},"modified":"2011-04-17T17:50:59","modified_gmt":"2011-04-17T16:50:59","slug":"nyhedsbrev-november-2007","status":"publish","type":"page","link":"http:\/\/lh-ven.dk\/?page_id=73","title":{"rendered":"Nyhedsbrev 2007"},"content":{"rendered":"<h3>November 2007<\/h3>\n<p>Velkommen til endnu et nyhedsbrev fra LH\u2019s Venner. Vi ved at det har v\u00e6ret ventet med l\u00e6ngsel, s\u00e5 vi har gjort os gevaldigt umage. I dette nummer kan du bl.a. l\u00e6se om pr\u00e6sidentens meget dramatiske exit, vicepr\u00e6sidentens sidste \u00f8del\u00e6ggelse, dagbog fra juniorklubben og om de kommende arrangementer og begivenheder.<\/p>\n<p><strong>LH\u2019s Venners Konvent<\/strong><br \/>\nEn ulykkelig h\u00e6ndelse indtraf ved dette \u00e5rs konvent.. Vores h\u00f8jtelskede og \u00e6rede pr\u00e6sident, Karin Dinsen, afgik ved d\u00f8den.. Midtunder beretningen fik hun et ildebefindende \u2013 og kradsede a\u2019! Dog havde pr\u00e6sidiet v\u00e6ret forudseende og s\u00f8rget for en passende borgerbuket til lejligheden.<\/p>\n<p>\u2022 Pr\u00e6sident: Morten Dixen<br \/>\n\u2022 Vicepr\u00e6sident: Kasper Kaufmann Jacobsen<br \/>\n\u2022 Indt\u00e6gtsadministrator: Per Loft Rasmussen<br \/>\n\u2022 Organisationssekret\u00e6r: Cecilie Rasmussen<\/p>\n<p>Bestyrelse:<br \/>\n\u2022 Annette Svensson<br \/>\n\u2022 Karen Nilaus<br \/>\n\u2022 Katrine Stoica<br \/>\n\u2022 Heidi Rosenkilde<br \/>\n\u2022 Bodil Vang Jensen<br \/>\n\u2022 Josefine Bang<\/p>\n<p>Her m\u00e5tte Karen sande at hvis man skal v\u00e6re en sand stemmesluger, skal man v\u00e6re lidt mystisk og lade v\u00e6re med at dukke op, ligesom Annette<\/p>\n<p>Efter det sp\u00e6ndende-sp\u00e6ndende valg, hvor Mette Hartmeyer efterf\u00f8lgende udbr\u00f8d; &#8220;Hvor er det rart at se noget ligestilling i Vennernes bestyrelse!&#8221; \u2013 Eh, ja.. \u2013 var der arrangeret tur til Christiania. Traditionen tro skulle vicepr\u00e6sidenten sl\u00e5 noget ihjel (I husker sikkert havenissen der m\u00e5tte lade livet i vicepr\u00e6sidentens iver efter en minigolfsejr sidste \u00e5r), i \u00e5r gik det udover en tr\u00e6skulptur som nogle fyre havde brugt fire m\u00e5neder p\u00e5 at lave. Den fik et velanrettet karatespark af vores k\u00e6re Kaufmann, og s\u00e5 var den ikk\u2019 l\u00e6ngere. Pr\u00e6sidenten gjorde sit for at glatte tingene ud, og tilb\u00f8d fyrene en 200-kroneseddel for svie og smerte, og s\u00e5 var Vennerne ellers hurtigt ude af vagten! <\/p>\n<p><strong>Julebingo<\/strong><br \/>\nJulen sig n\u00e6rmer, og det vil LH\u2019s Venner jo heller ikke lade g\u00e5 ubem\u00e6rket hen! Derfor afholder vi d. 29. november JULEbingo p\u00e5 Toga Vinstue. Og det er selvf\u00f8lgelig med alt hvad dertil h\u00f8rer med julepr\u00e6mier, Von Osten og godt samv\u00e6r \ud83d\ude42<br \/>\nSom sagt; <\/p>\n<ul>Julebingo, torsdag d. 29. november, kl. 19.00 p\u00e5 Toga Vinstue<\/ul>\n<p>.<br \/>\nMedbring godt hum\u00f8r, og gerne andre gode venner som endnu ikke er blevet introduceret til Vennerne.. <\/p>\n<p><strong>VM i Bowling<\/strong><br \/>\nVennernes Mesterskaber i Bowling afholdes d. 12. december i DGI-byen. Bowling-klubben har ikke v\u00e6ret lige aktiv hele \u00e5ret, men d\u00e9t skal ikke afholde os fra at holde den afg\u00f8rende bowlingturnering \u2013 selvf\u00f8lgelig med en eftertragtet pr\u00e6mie p\u00e5 h\u00f8jkant! Derfor opfordres alle til at g\u00e5 i skarp tr\u00e6ning og melde sig til arrangementet hurtigst muligt! Tilmelding foreg\u00e5r til Per Loft p\u00e5 20 32 94 49 eller mail <a href=\"mailto:per@lh-ven.dk\">per@lh-ven.dk<\/a> senest torsdag d. 6. december.<br \/>\nSom sagt; <\/p>\n<ul>VM i Bowling, onsdag d. 12. december i DGI-byen kl. 19.00<\/ul>\n<p><strong>Jesus<\/strong><br \/>\nKarin Dinsen (ex-pr\u00e6sident) lovede jo h\u00f8jt og helligt lige inden hun kradsede af, at hun nok skulle s\u00f8rge for at skrive et brev til vores nye sponsorbarn; Jesus. Selvom man i princippet er afg\u00e5et ved d\u00f8den, skal man jo stadig holde sine l\u00f8fter, og det har Karin gjort. Brevet i sin fulde l\u00e6ngde kan ses p\u00e5 debatten, men her er et lille uddrag;<br \/>\n\u201cIt (Konventet, red.) was in many ways a very nice \u2013 and very fun \u2013 day. I held a speech and promised the members that I would write a letter to you and tell you a little bit about our organization and our members \u2013 in return they collected some money as a gift to you and your family. They all wanted me to say hello to you and to send their regards to your family as well.&#8221;<br \/>\nVi h\u00e5ber at vi snart h\u00f8rer fra vores lille sponsorbarn, s\u00e5 vi kan fort\u00e6lle jer alle hvordan k\u00e6re Jesus har det \ud83d\ude42<\/p>\n<p><strong>Hvor har Vennerne stj\u00e5let penge henne siden sidst?<\/strong><br \/>\n\u2022 <strong>1. maj<\/strong><br \/>\nJep, igen var Vennerne p\u00e5 pletten og klar til at hoppe i selvlysende veste og spr\u00f8de walkie-talkies! Ansvarlige Hr. Loft meldte om en stille og rolig dag.. Dog lyder rygtet, at Per Loft fik overdraget n\u00f8glen til \u00f8lkammeret den dag, s\u00e5 helt stille og roligt har det jo nok ikke v\u00e6ret \ud83d\ude42<br \/>\n\u2022 <strong>Jokums f\u00f8dselsdag<\/strong><br \/>\nEn fantastisk f\u00f8dselsdag, hvor Vennerne fik gjort s\u00e5 godt reklame for sig selv, at de fik endnu en aftale i hus, nemlig Jokums mors f\u00f8dselsdag.<br \/>\n\u2022 <strong>Lisbeths 60\u00e5rs (Jokum og Christians mor)<\/strong><br \/>\nHer blev Vennernes musikalske evner sat p\u00e5 en pr\u00f8ve. Lisbeth viste sig, at v\u00e6re meget engageret indenfor h\u00f8jskolekulturen, og ligeledes hendes omgangskreds. Derfor blev det til adskillige timers h\u00f8jskolesange og fl\u00f8jtespil, hvilket de g\u00e6ve svende Dixen, Loft og Steen ikke var s\u00e5 vant til. Loft og Steen fortrak sig til k\u00f8kkenet, til opvasken, mens Dixen holdt stand i baren.<br \/>\n\u2022 <strong>Signe Andersens f\u00f8dselsdag<\/strong><br \/>\nLoft, Steen, Karen og Karin havde velvilligt stillet op til denne tjans som indebar lidt mere fancy betjening i form af fadservering (ja, alts\u00e5, mad p\u00e5 fade.. Ikke &#8220;fad&#8221; som i fad\u00f8l, d\u00e9n disciplin er vi velbevandret i \u2013 n\u00e6rmest prof) og lignende. Dette havde Karen og Karin gode-gode evner indenfor, s\u00e5 de k\u00f8rte med klatten, og f\u00f8dselaren var eftersigende glad og tilfreds.<\/p>\n<p>Alt-i-alt har Vennerne siden sidst skovlet en masse penge sammen, men vi er altid ude efter flere &#8211; derfor husk, Vennerne st\u00e5r aldrig stille og vi er altid klar til hj\u00e6lpe til, for et par h\u00e5nd\u00f8rer. S\u00e5 har du et arrangement der godt kunne bruge et fad\u00f8lsanl\u00e6g eller nogle dygtige serveringsfolk, s\u00e5 kontakt pr\u00e6sidenten, Morten Dixen p\u00e5 2788 7700.<br \/>\n&#8220;Intet er for sm\u00e5t, og vi vil klare det skide godt!&#8221;<\/p>\n<p><strong>Sladder<\/strong><br \/>\n\u2022 Peter Andersen har f\u00e5et en unge!<br \/>\nBabyen er et velskabt pigebarn og har f\u00e5et navnet Sophie. Af de mere t\u00f8rre facts blev vidunderet f\u00f8dt den 20\/8, var 52 cm og vejede 3124 gram. \u2013 Stooort tillykke skal lyde herfra!<\/p>\n<p>\u2022 <strong>Kaufmann har friet og skal giftes d. 23. august!<\/strong><br \/>\nJa, sgu! Vores helt egen vicepr\u00e6sident har v\u00e6ret nede og f\u00e5 et beskidt kn\u00e6, og har spurgt sin undersk\u00f8nne k\u00e6reste, Mette, om hun ville f\u00f8lges med ham p\u00e5 livets lange, snoede vej \u2013 og pigen sagde sgu JA!<br \/>\nDatoen er sat til l\u00f8rdag d. 23. august 2008, kl. 12.30 i Lyngby Kirke, og Kaufmann har v\u00e6ret s\u00e5 letsindig, at invitere os alle med \u2013 s\u00e5 lad os da se at komme af sted!<br \/>\nVi h\u00e5ber i hvert fald alle, at I f\u00e5r en fantastisk dag, et flot bryllup og alt hvad dertil h\u00f8rer \u2013 Tillykke!<\/p>\n<p>\u2022 <strong>Seri\u00f8s sladder<\/strong><br \/>\nAf den mere seri\u00f8se sladder, kan n\u00e6vnes, at Daniella er stoppet som ungdomskonsulent i HK. \u2013 Hun er rykket ind p\u00e5 Sygeplejerskolen, hvor vi er helt overbeviste om at hun ogs\u00e5 vil ku slukke et par ildebrande og redde unge og voksne<br \/>\nMatias Bredde (gammel DEO\u2019er og formand for EEO) er lige blevet ansat som ungdomskonsulent i LO \u2013 Tillykke med det! \u2013 Og dermed ogs\u00e5 et farvel til Torben..<br \/>\nVi h\u00e5ber at samarbejdet vil forts\u00e6tte i samme gode stil med Matias bag roret.<\/p>\n<p><strong>Ungerne<\/strong><br \/>\nJuniorklubben, Landssammenslutning af Handelsskoleelever har valgt at \u00e6ndre p\u00e5 deres struktur, dels foranlediget af sekretariatsleder Shawn Kellys optagelse p\u00e5 statskundskab.<br \/>\nShawn stilling har f\u00e5et navnet sekretariatschef, derudover er Kristian Bernth ansat som regionskonsulent og der har v\u00e6ret planer om at ans\u00e6tte en kampagneleder \u2013 hvor fremskredne de planer er, vides dog ikke.<\/p>\n<p>Igen i \u00e5r har der v\u00e6ret intro-intro-kampagne, hvor Vennerne igen stillede med de kr\u00e6fter der var til r\u00e5dighed.<\/p>\n<p>D. 26.-28. oktober var der igen storm\u00f8de. I \u00e5r afholdtes det i Ish\u00f8j, hvor Vennerne stod klar med assistance. Fuldst\u00e6ndig eksklusivt bringer vi her Pr\u00e6sidentens Dagbog fra weekenden.<\/p>\n<p>Kort fortalt, s\u00e5 startede vi allerede <strong>torsdag<\/strong> med at f\u00e5 k\u00f8bt ind til den store weekend &#8211; eller det gjorde vores allesammens perker (Shawn) og Loft. Dette forl\u00f8b udm\u00e6rket.<br \/>\nSenere torsdag aften ankom undertegnede sammen med den nye Pr\u00e6sidentfrue (Natascha Dixen). Derefter gik det ellers l\u00f8s hele aftenen og natten med at stege burger i et k\u00f8kken hvor der ingen udsugning var! Ja, det var jo kun 320 b\u00f8ffer &#8211; det lugter jo ikke s\u00e6rligt meget.<br \/>\nI l\u00f8bet af denne aften fik vi tre, Loft, fruen og jeg drukket en kasse bajer og 1 flaske portvin (nationaldrikken i et Venner-k\u00f8kken).<\/p>\n<p>Allerede kl. 14:00 <strong>fredag<\/strong> ankom deltagerne til skolen, hvilket jo var meget sp\u00e6ndende, da der jo skulle komme 150 personer! Ja, alle de store tv stationer var der; TV2 News, DR2, TV3, TOP MODELS osv. Det var jo noget af en oplevelse.. eller.. det kunne det have blevet, for jeg tror der var nogle rumv\u00e6sen der havde tryllet de sidste 70 deltager v\u00e6k, for de var der i hvert fald ikke kl. 14:00.<br \/>\nNu til det sp\u00e6ndende; K\u00d8KKENET. Fru Dixen, Stoica, Loft og jeg var g\u00e5et i gang med aftensmaden, hvilket var let, da den var lavet torsdag aften. Vi brugte i stedet tiden til noget vin, \u00f8l og 2 flasker portvin. Derefter ankom Steen og s\u00e5 drak vi nogle flere \u00f8l.<br \/>\nMen, men, men, vores h\u00f8jt\u00e6rede bestyrelsesmedlemmer Josefine og Bodil kom ogs\u00e5 for at se hvor sjovt et storm\u00f8de kunne v\u00e6re, s\u00e5 dem sendte vi i baren hele fredagen. Kunne dog ikke rigtigt finde dem af og til&#8230;<br \/>\nMere husker jeg ikke fra denne dag.<\/p>\n<p><strong>L\u00f8rdag<\/strong>, starter som en l\u00f8rdag skal starte, med morgenv\u00e6kning kl. 07:00 &#8211; det siger jeg s\u00e5 aldrig ja til igen, det er jo umenneskeligt, men sjovt! \ud83d\ude42<br \/>\nDerefter en god kold bajer. Morgenmaden blev lavet og dagens indk\u00f8b blev foretaget af Loft og Steen V. Meget godt g\u00e5et uden en indk\u00f8bsseddel, den havde jeg jo nemlig glemt hjemme. De sidste tre \u00e5r har vi haft indk\u00f8bssedler med, og p\u00e5 en eller anden m\u00e5de er det altid lykkedes Loft at f\u00e5 k\u00f8bt et eller andet for meget eller for lidt. Men denne gang var der ikke for meget eller for lidt, eller noget der var k\u00f8bt forkert, s\u00e5 vi k\u00f8rer det p\u00e5 samme m\u00e5de n\u00e6ste \u00e5r.<br \/>\nAftenen gik, g\u00e6sterne fik god mad, PG\u2019erne fik som s\u00e6dvanligt heller ikke noget mad, det m\u00e5tte vente til s\u00f8ndag. Men s\u00e5 fik vi til geng\u00e6ld nogle bajer.<br \/>\nMen nu var det jo k\u00f8kkenfolkenes tur til at slappe lidt af, for Josefine og Bodil havde jo sagt ja til at st\u00e5 lidt i bar, og de ville ogs\u00e5 gerne lukke den &#8211; ingen problem. MEN, MEN, MEN, MEN! Hvor var de&#8230;? N\u00c5 JA, de var taget hjem! Meget har vi oplevet, men magen til fr\u00e6khed, har vi aldrig oplevet, og de gav ikke engang en farvelbajer, s\u00e5 de skylder i hvert fald en kvajebajer&#8230; ej, vent.. 100 kvajebajere m\u00e5 det v\u00e6re!<br \/>\nDet blev nat, vi stillede urene 1 time tilbage, det kunne ingen finde ud af, s\u00e5 dem der ikke sov, de br\u00e6kkede sig. Dem der ikke br\u00e6kkede sig, drak flere shots fra Shawn Kellys fantastiske bar, hvorefter de s\u00e5 br\u00e6kkede sig.<br \/>\nNat Nat.<\/p>\n<p><strong>S\u00f8ndag<\/strong> blev al mad fra hele weekenden blev serveret. Ja, de kan lige s\u00e5 godt l\u00e6re det; Spiser de ikke op, s\u00e5 f\u00e5r de det bare igen, spiser de heller ikke op der, f\u00e5r de det bare igen n\u00e6ste dag osv., osv.<br \/>\nKl. blev 20:00 og vi var klar til at forlade skolen igen, og endnu en weekend var slut.<\/p>\n<p>Fra Vennernes Bestyrelse skal afsluttende lyde et<br \/>\nGL\u00c6DELIGT JUL og et GODT TUB\u2019\u00c5R \ud83d\ude42<\/p>\n","protected":false},"excerpt":{"rendered":"<p>November 2007 Velkommen til endnu et nyhedsbrev fra LH\u2019s Venner. Vi ved at det har v\u00e6ret ventet med l\u00e6ngsel, s\u00e5 vi har gjort os gevaldigt umage. I dette nummer kan du bl.a. l\u00e6se om pr\u00e6sidentens meget dramatiske exit, vicepr\u00e6sidentens sidste \u00f8del\u00e6ggelse, dagbog fra juniorklubben og om de kommende arrangementer og begivenheder. LH\u2019s Venners Konvent En [&hellip;]<\/p>\n","protected":false},"author":1,"featured_media":0,"parent":4,"menu_order":2,"comment_status":"closed","ping_status":"closed","template":"","meta":{"footnotes":""},"_links":{"self":[{"href":"http:\/\/lh-ven.dk\/index.php?rest_route=\/wp\/v2\/pages\/73"}],"collection":[{"href":"http:\/\/lh-ven.dk\/index.php?rest_route=\/wp\/v2\/pages"}],"about":[{"href":"http:\/\/lh-ven.dk\/index.php?rest_route=\/wp\/v2\/types\/page"}],"author":[{"embeddable":true,"href":"http:\/\/lh-ven.dk\/index.php?rest_route=\/wp\/v2\/users\/1"}],"replies":[{"embeddable":true,"href":"http:\/\/lh-ven.dk\/index.php?rest_route=%2Fwp%2Fv2%2Fcomments&post=73"}],"version-history":[{"count":3,"href":"http:\/\/lh-ven.dk\/index.php?rest_route=\/wp\/v2\/pages\/73\/revisions"}],"predecessor-version":[{"id":218,"href":"http:\/\/lh-ven.dk\/index.php?rest_route=\/wp\/v2\/pages\/73\/revisions\/218"}],"up":[{"embeddable":true,"href":"http:\/\/lh-ven.dk\/index.php?rest_route=\/wp\/v2\/pages\/4"}],"wp:attachment":[{"href":"http:\/\/lh-ven.dk\/index.php?rest_route=%2Fwp%2Fv2%2Fmedia&parent=73"}],"curies":[{"name":"wp","href":"https:\/\/api.w.org\/{rel}","templated":true}]}}