{"id":102,"date":"2011-04-17T18:11:04","date_gmt":"2011-04-17T17:11:04","guid":{"rendered":"http:\/\/www.lh-ven.dk\/lhven\/?page_id=102"},"modified":"2012-04-23T16:50:18","modified_gmt":"2012-04-23T15:50:18","slug":"kontakt","status":"publish","type":"page","link":"https:\/\/lh-ven.dk\/?page_id=102","title":{"rendered":"Kontakt"},"content":{"rendered":"<p>Vi kan n\u00e5s p\u00e5 flg. email; lhsvenner@gmail.com<\/p>\n<p>Derudover er vi ogs\u00e5 nede med det her facebook;<\/p>\n<p><a href=\"http:\/\/www.facebook.com\/?ref=logo#!\/lhs.venner\">Facebook-profil<\/a> med l\u00f8bende opdateringer n\u00e5r vi er ude og lave sjov<\/p>\n<p><a href=\"http:\/\/www.facebook.com\/?ref=logo#!\/group.php?gid=24197851544\">Facebook-gruppe<\/a> hvor man bl.a. bliver inviteret med til konvent, bowling, petanque, Trivial Pursuit, banko, og meget, meget mere!<\/p>\n","protected":false},"excerpt":{"rendered":"<p>Vi kan n\u00e5s p\u00e5 flg. email; lhsvenner@gmail.com Derudover er vi ogs\u00e5 nede med det her facebook; Facebook-profil med l\u00f8bende opdateringer n\u00e5r vi er ude og lave sjov Facebook-gruppe hvor man bl.a. bliver inviteret med til konvent, bowling, petanque, Trivial Pursuit, banko, og meget, meget mere!<\/p>\n","protected":false},"author":1,"featured_media":0,"parent":0,"menu_order":9,"comment_status":"closed","ping_status":"closed","template":"","meta":{"footnotes":""},"_links":{"self":[{"href":"https:\/\/lh-ven.dk\/index.php?rest_route=\/wp\/v2\/pages\/102"}],"collection":[{"href":"https:\/\/lh-ven.dk\/index.php?rest_route=\/wp\/v2\/pages"}],"about":[{"href":"https:\/\/lh-ven.dk\/index.php?rest_route=\/wp\/v2\/types\/page"}],"author":[{"embeddable":true,"href":"https:\/\/lh-ven.dk\/index.php?rest_route=\/wp\/v2\/users\/1"}],"replies":[{"embeddable":true,"href":"https:\/\/lh-ven.dk\/index.php?rest_route=%2Fwp%2Fv2%2Fcomments&post=102"}],"version-history":[{"count":7,"href":"https:\/\/lh-ven.dk\/index.php?rest_route=\/wp\/v2\/pages\/102\/revisions"}],"predecessor-version":[{"id":291,"href":"https:\/\/lh-ven.dk\/index.php?rest_route=\/wp\/v2\/pages\/102\/revisions\/291"}],"wp:attachment":[{"href":"https:\/\/lh-ven.dk\/index.php?rest_route=%2Fwp%2Fv2%2Fmedia&parent=102"}],"curies":[{"name":"wp","href":"https:\/\/api.w.org\/{rel}","templated":true}]}}