{"id":18,"date":"2005-10-26T14:00:07","date_gmt":"2005-10-26T12:00:07","guid":{"rendered":"http:\/\/www.danholtjensen.dk\/lhven\/?page_id=18"},"modified":"2011-04-17T17:05:31","modified_gmt":"2011-04-17T16:05:31","slug":"links","status":"publish","type":"page","link":"https:\/\/lh-ven.dk\/?page_id=18","title":{"rendered":"Links"},"content":{"rendered":"<p><a href=\"http:\/\/www.handelselever.dk\"> Landssammenslutningen af Handelsskoleelever (LH)<\/a><br \/>\nVores k\u00e6re juniorers egen hjemmeside<\/p>\n<p><a href=\"http:\/\/www.studenter-rabatten.dk\"> Studenter rabatten<\/a><br \/>\nDK&#8217;s st\u00f8rste hjemmeside med rabatter til  studerende<\/p>\n<p><a href=\"http:\/\/www.eeo.dk\"> Erhvervsskolernes Elev Organisation (EEO)<\/a><br \/>\nLH&#8217;s s\u00f8sterorganisation for de tekniske skoler<\/p>\n<p><a href=\"http:\/\/www.Aktivister.dk\"> Aktivister.dk<\/a><br \/>\nAktivisthjemmeside for gamle DEO folk<\/p>\n<p><a href=\"http:\/\/www.lh-ven.dk\/index_old.htm\"> LH&#8217;s Venners gamle hjemmeside<\/a><br \/>\nDet siger vist sig selv..<\/p>\n","protected":false},"excerpt":{"rendered":"<p>Landssammenslutningen af Handelsskoleelever (LH) Vores k\u00e6re juniorers egen hjemmeside Studenter rabatten DK&#8217;s st\u00f8rste hjemmeside med rabatter til studerende Erhvervsskolernes Elev Organisation (EEO) LH&#8217;s s\u00f8sterorganisation for de tekniske skoler Aktivister.dk Aktivisthjemmeside for gamle DEO folk LH&#8217;s Venners gamle hjemmeside Det siger vist sig selv..<\/p>\n","protected":false},"author":1,"featured_media":0,"parent":0,"menu_order":7,"comment_status":"open","ping_status":"open","template":"","meta":{"footnotes":""},"_links":{"self":[{"href":"https:\/\/lh-ven.dk\/index.php?rest_route=\/wp\/v2\/pages\/18"}],"collection":[{"href":"https:\/\/lh-ven.dk\/index.php?rest_route=\/wp\/v2\/pages"}],"about":[{"href":"https:\/\/lh-ven.dk\/index.php?rest_route=\/wp\/v2\/types\/page"}],"author":[{"embeddable":true,"href":"https:\/\/lh-ven.dk\/index.php?rest_route=\/wp\/v2\/users\/1"}],"replies":[{"embeddable":true,"href":"https:\/\/lh-ven.dk\/index.php?rest_route=%2Fwp%2Fv2%2Fcomments&post=18"}],"version-history":[{"count":1,"href":"https:\/\/lh-ven.dk\/index.php?rest_route=\/wp\/v2\/pages\/18\/revisions"}],"predecessor-version":[{"id":186,"href":"https:\/\/lh-ven.dk\/index.php?rest_route=\/wp\/v2\/pages\/18\/revisions\/186"}],"wp:attachment":[{"href":"https:\/\/lh-ven.dk\/index.php?rest_route=%2Fwp%2Fv2%2Fmedia&parent=18"}],"curies":[{"name":"wp","href":"https:\/\/api.w.org\/{rel}","templated":true}]}}