{"id":3,"date":"2005-05-16T20:40:54","date_gmt":"2005-05-16T18:40:54","guid":{"rendered":"http:\/\/www.danholtjensen.dk\/lhven\/?page_id=3"},"modified":"2011-04-17T16:31:00","modified_gmt":"2011-04-17T15:31:00","slug":"om-lhs-venner","status":"publish","type":"page","link":"https:\/\/lh-ven.dk\/?page_id=3","title":{"rendered":"Om LH&#8217;s Venner"},"content":{"rendered":"<p>LH&#8217;s Venner blev stiftet i den 10. november 1990 som en st\u00f8tteforening til<a href=\"http:\/\/www.handelselever.dk\"> Landssammenslutningen af Handelsskoleelever (LH)<\/a> og har siden fungeret som s\u00e5dan.<\/p>\n<p>LH&#8217;s Venner er b\u00e5de en social og til tider ogs\u00e5 faglig forening, der dog har mest v\u00e6gt p\u00e5 det sociale i at holde kontakte mellem tidligere handelsskoleelever, med interesse for uddannelsespolitik og LH.<\/p>\n<p>LH&#8217;s Venner er simpelt bygget op med et \u00e5rligt <em>Konvent<\/em> i maj, som v\u00e6lger en bestyrelse og k\u00e5rer et pr\u00e6sidium. Pr\u00e6sidiet styrer til dagligt biksen, og best\u00e5r af en Pr\u00e6sident, en vicepr\u00e6sident, en indt\u00e6gtsadministrator og en organistionssekret\u00e6r. Pr\u00e6sidenten er valgt p\u00e5 livstid&#8230;.<\/p>\n<p>Mellem konventerne har LH&#8217;s Venner nogle klubber, som s\u00f8rger for l\u00f8bende aktiviteter. Der er alt fra Bowlingklub, Bankoklub til Petanqueklub, Trivia-klub og mange, mange flere mere eller <em>mindre<\/em> permanente klubber..<\/p>\n<p>Det koster 50 kr. \u00e5rligt at v\u00e6re medlem af LH&#8217;s Venner.<\/p>\n","protected":false},"excerpt":{"rendered":"<p>LH&#8217;s Venner blev stiftet i den 10. november 1990 som en st\u00f8tteforening til Landssammenslutningen af Handelsskoleelever (LH) og har siden fungeret som s\u00e5dan. LH&#8217;s Venner er b\u00e5de en social og til tider ogs\u00e5 faglig forening, der dog har mest v\u00e6gt p\u00e5 det sociale i at holde kontakte mellem tidligere handelsskoleelever, med interesse for uddannelsespolitik og [&hellip;]<\/p>\n","protected":false},"author":1,"featured_media":0,"parent":0,"menu_order":0,"comment_status":"open","ping_status":"open","template":"","meta":{"footnotes":""},"_links":{"self":[{"href":"https:\/\/lh-ven.dk\/index.php?rest_route=\/wp\/v2\/pages\/3"}],"collection":[{"href":"https:\/\/lh-ven.dk\/index.php?rest_route=\/wp\/v2\/pages"}],"about":[{"href":"https:\/\/lh-ven.dk\/index.php?rest_route=\/wp\/v2\/types\/page"}],"author":[{"embeddable":true,"href":"https:\/\/lh-ven.dk\/index.php?rest_route=\/wp\/v2\/users\/1"}],"replies":[{"embeddable":true,"href":"https:\/\/lh-ven.dk\/index.php?rest_route=%2Fwp%2Fv2%2Fcomments&post=3"}],"version-history":[{"count":2,"href":"https:\/\/lh-ven.dk\/index.php?rest_route=\/wp\/v2\/pages\/3\/revisions"}],"predecessor-version":[{"id":177,"href":"https:\/\/lh-ven.dk\/index.php?rest_route=\/wp\/v2\/pages\/3\/revisions\/177"}],"wp:attachment":[{"href":"https:\/\/lh-ven.dk\/index.php?rest_route=%2Fwp%2Fv2%2Fmedia&parent=3"}],"curies":[{"name":"wp","href":"https:\/\/api.w.org\/{rel}","templated":true}]}}