{"id":40,"date":"2005-10-26T16:13:24","date_gmt":"2005-10-26T14:13:24","guid":{"rendered":"http:\/\/www.danholtjensen.dk\/lhven\/?page_id=40"},"modified":"2007-03-19T22:07:04","modified_gmt":"2007-03-19T21:07:04","slug":"bowling-ranglisten","status":"publish","type":"page","link":"https:\/\/lh-ven.dk\/?page_id=40","title":{"rendered":"Rangliste pr. 5\/12 2006"},"content":{"rendered":"<p><\/p>\n<table border=\"0\" width=\"100%\">\n<tr>\n<td width=\"10%\" align=\"center\"><font face=\"Times New Roman\"><b>Plads<\/b><\/font><\/td>\n<td width=\"10%\" align=\"center\"><\/td>\n<td width=\"55%\"><font face=\"Times New Roman\"><b>Navn<\/b><\/font><\/td>\n<td width=\"15%\" align=\"right\"><font face=\"Times New Roman\"><b>Snit<\/b><\/font><\/td>\n<td width=\"10%\" align=\"right\"><\/td>\n<\/tr>\n<tr>\n<td align=\"center\"><font face=\"Times New Roman\">1<\/font><\/td>\n<td align=\"center\"><font face=\"Times New Roman\">(3)<\/font><\/td>\n<td>\n\t\t<font FACE=\"Times New Roman\">Per Loft <\/font><\/td>\n<td>\n\t\t<font FACE=\"Times New Roman\"><\/p>\n<p ALIGN=\"RIGHT\">147<\/p>\n<p><\/font><\/td>\n<td align=\"right\"><font face=\"Times New Roman\">&#8211;<\/font><\/td>\n<\/tr>\n<tr>\n<td align=\"center\"><font face=\"Times New Roman\">2<\/font><\/td>\n<td align=\"center\"><font face=\"Times New Roman\">(7)<\/font><\/td>\n<td>\n\t\t<font FACE=\"Times New Roman\">S\u00f8ren Hunsb\u00e6k<\/font><\/td>\n<td>\n\t\t<font FACE=\"Times New Roman\"><\/p>\n<p ALIGN=\"RIGHT\">143<\/p>\n<p><\/font><\/td>\n<td align=\"right\"><font face=\"Times New Roman\">+10<\/font><\/td>\n<\/tr>\n<tr>\n<td align=\"center\"><font face=\"Times New Roman\">3<\/font><\/td>\n<td align=\"center\"><font face=\"Times New Roman\">(4)<\/font><\/td>\n<td>\n\t\t<font FACE=\"Times New Roman\">Morten Dixen<\/font><\/td>\n<td>\n\t\t<font FACE=\"Times New Roman\"><\/p>\n<p ALIGN=\"RIGHT\">140<\/p>\n<p><\/font><\/td>\n<td align=\"right\"><font face=\"Times New Roman\">+3<\/font><\/td>\n<\/tr>\n<tr>\n<td align=\"center\"><font face=\"Times New Roman\">4<\/font><\/td>\n<td align=\"center\"><font face=\"Times New Roman\">(6)<\/font><\/td>\n<td><font FACE=\"Times New Roman\">Steen V Jensen<\/font><\/td>\n<td>\n\t\t<font FACE=\"Times New Roman\"><\/p>\n<p ALIGN=\"RIGHT\">139<\/p>\n<p><\/font><\/td>\n<td align=\"right\"><font face=\"Times New Roman\">+4<\/font><\/td>\n<\/tr>\n<tr>\n<td align=\"center\"><font face=\"Times New Roman\">5<\/font><\/td>\n<td align=\"center\"><font face=\"Times New Roman\">(5)<\/font><\/td>\n<td>\n\t\t<font FACE=\"Times New Roman\">Niels Hildebrand<\/font><\/td>\n<td>\n\t\t<font FACE=\"Times New Roman\"><\/p>\n<p ALIGN=\"RIGHT\">137<\/p>\n<p><\/font><\/td>\n<td align=\"right\">&nbsp;<\/td>\n<\/tr>\n<tr>\n<td align=\"center\"><font face=\"Times New Roman\">6<\/font><\/td>\n<td align=\"center\"><font face=\"Times New Roman\">(8)<\/font><\/td>\n<td>\n\t\t<font FACE=\"Times New Roman\">Christian M\u00f8nsted<\/font><\/td>\n<td>\n\t\t<font FACE=\"Times New Roman\"><\/p>\n<p ALIGN=\"RIGHT\">131<\/p>\n<p><\/font><\/td>\n<td align=\"right\"><font face=\"Times New Roman\">-1<\/font><\/td>\n<\/tr>\n<tr>\n<td align=\"center\"><font face=\"Times New Roman\">7<\/font><\/td>\n<td align=\"center\"><font face=\"Times New Roman\">(11)<\/font><\/td>\n<td>\n\t\t<font FACE=\"Times New Roman\">Bo J\u00f8rgensen<\/font><\/td>\n<td>\n\t\t<font FACE=\"Times New Roman\"><\/p>\n<p ALIGN=\"RIGHT\">128<\/p>\n<p><\/font><\/td>\n<td align=\"right\"><font face=\"Times New Roman\">+7<\/font><\/td>\n<\/tr>\n<tr>\n<td align=\"center\"><font face=\"Times New Roman\">8<\/font><\/td>\n<td align=\"center\"><font face=\"Times New Roman\">(12)<\/font><\/td>\n<td>\n\t\t<font FACE=\"Times New Roman\">Shawn Kelly<\/font><\/td>\n<td>\n\t\t<font FACE=\"Times New Roman\"><\/p>\n<p ALIGN=\"RIGHT\">118<\/p>\n<p><\/font><\/td>\n<td align=\"right\">&nbsp;<\/td>\n<\/tr>\n<tr>\n<td align=\"center\"><font face=\"Times New Roman\">9<\/font><\/td>\n<td align=\"center\"><font face=\"Times New Roman\">(9)<\/font><\/td>\n<td>\n\t\t<font FACE=\"Times New Roman\">Dan Holt<\/font><\/td>\n<td>\n\t\t<font FACE=\"Times New Roman\"><\/p>\n<p ALIGN=\"RIGHT\">117<\/p>\n<p><\/font><\/td>\n<td align=\"right\">&nbsp;<\/td>\n<\/tr>\n<tr>\n<td align=\"center\"><font face=\"Times New Roman\">10<\/font><\/td>\n<td align=\"center\"><font face=\"Times New Roman\">(14)<\/font><\/td>\n<td>\n\t\t<font FACE=\"Times New Roman\">Karin Dinsen<\/font><\/td>\n<td>\n\t\t<font FACE=\"Times New Roman\"><\/p>\n<p ALIGN=\"RIGHT\">106<\/p>\n<p><\/font><\/td>\n<td align=\"right\">&nbsp;<\/td>\n<\/tr>\n<tr>\n<td align=\"center\"><font face=\"Times New Roman\">11<\/font><\/td>\n<td align=\"center\"><font face=\"Times New Roman\">(15)<\/font><\/td>\n<td>\n\t\t<font FACE=\"Times New Roman\">Anders Friis Hansen<\/font><\/td>\n<td>\n\t\t<font FACE=\"Times New Roman\"><\/p>\n<p ALIGN=\"RIGHT\">106<\/p>\n<p><\/font><\/td>\n<td align=\"right\">&nbsp;<\/td>\n<\/tr>\n<tr>\n<td align=\"center\"><font face=\"Times New Roman\">12<\/font><\/td>\n<td align=\"center\"><font face=\"Times New Roman\">(16)<\/font><\/td>\n<td>\n\t\t<font FACE=\"Times New Roman\">Charlotte Hildebrand<\/font><\/td>\n<td>\n\t\t<font FACE=\"Times New Roman\"><\/p>\n<p ALIGN=\"RIGHT\">93<\/p>\n<p><\/font><\/td>\n<td align=\"right\">&nbsp;<\/td>\n<\/tr>\n<tr>\n<td align=\"center\"><font face=\"Times New Roman\">13<\/font><\/td>\n<td align=\"center\"><font face=\"Times New Roman\">(17)<\/font><\/td>\n<td>\n\t\t<font FACE=\"Times New Roman\">Heidi Rosenkilde<\/font><\/td>\n<td>\n\t\t<font FACE=\"Times New Roman\"><\/p>\n<p ALIGN=\"RIGHT\">75<\/p>\n<p><\/font><\/td>\n<td align=\"right\">&nbsp;<\/td>\n<\/tr>\n<\/table>\n","protected":false},"excerpt":{"rendered":"<p>Plads Navn Snit 1 (3) Per Loft 147 &#8211; 2 (7) S\u00f8ren Hunsb\u00e6k 143 +10 3 (4) Morten Dixen 140 +3 4 (6) Steen V Jensen 139 +4 5 (5) Niels Hildebrand 137 &nbsp; 6 (8) Christian M\u00f8nsted 131 -1 7 (11) Bo J\u00f8rgensen 128 +7 8 (12) Shawn Kelly 118 &nbsp; 9 (9) Dan [&hellip;]<\/p>\n","protected":false},"author":1,"featured_media":0,"parent":6,"menu_order":0,"comment_status":"closed","ping_status":"open","template":"","meta":{"footnotes":""},"_links":{"self":[{"href":"https:\/\/lh-ven.dk\/index.php?rest_route=\/wp\/v2\/pages\/40"}],"collection":[{"href":"https:\/\/lh-ven.dk\/index.php?rest_route=\/wp\/v2\/pages"}],"about":[{"href":"https:\/\/lh-ven.dk\/index.php?rest_route=\/wp\/v2\/types\/page"}],"author":[{"embeddable":true,"href":"https:\/\/lh-ven.dk\/index.php?rest_route=\/wp\/v2\/users\/1"}],"replies":[{"embeddable":true,"href":"https:\/\/lh-ven.dk\/index.php?rest_route=%2Fwp%2Fv2%2Fcomments&post=40"}],"version-history":[{"count":0,"href":"https:\/\/lh-ven.dk\/index.php?rest_route=\/wp\/v2\/pages\/40\/revisions"}],"up":[{"embeddable":true,"href":"https:\/\/lh-ven.dk\/index.php?rest_route=\/wp\/v2\/pages\/6"}],"wp:attachment":[{"href":"https:\/\/lh-ven.dk\/index.php?rest_route=%2Fwp%2Fv2%2Fmedia&parent=40"}],"curies":[{"name":"wp","href":"https:\/\/api.w.org\/{rel}","templated":true}]}}