{"id":46,"date":"2006-01-05T22:46:31","date_gmt":"2006-01-05T20:46:31","guid":{"rendered":"http:\/\/www.danholtjensen.dk\/lhven\/?page_id=46"},"modified":"2007-03-19T21:53:14","modified_gmt":"2007-03-19T20:53:14","slug":"spares-i-snit-pr-serie","status":"publish","type":"page","link":"https:\/\/lh-ven.dk\/?page_id=46","title":{"rendered":"Spares i snit pr. serie"},"content":{"rendered":"<p><\/p>\n<table border=\"0\" width=\"100%\">\n<tr>\n<td width=\"10%\" align=\"center\"><font face=\"Times New Roman\"><b>Plads<\/b><\/font><\/td>\n<td width=\"55%\"><font face=\"Times New Roman\"><b>Navn<\/b><\/font><\/td>\n<td width=\"15%\" align=\"right\"><b><font face=\"Times New Roman\">Snit<\/font><\/b><\/td>\n<\/tr>\n<tr>\n<td align=\"center\"><font face=\"Times New Roman\">1<\/font><\/td>\n<td><font FACE=\"Times New Roman\">Per Loft <\/font>\n\t\t<\/td>\n<td><font FACE=\"Times New Roman\"><\/p>\n<p ALIGN=\"RIGHT\">3,67<\/p>\n<p><\/font><\/td>\n<\/tr>\n<tr>\n<td align=\"center\"><font face=\"Times New Roman\">2<\/font><\/td>\n<td><font FACE=\"Times New Roman\">Christian M\u00f8nsted<\/font><\/td>\n<td><font FACE=\"Times New Roman\"><\/p>\n<p ALIGN=\"RIGHT\">3,45<\/p>\n<p><\/font><\/td>\n<\/tr>\n<tr>\n<td align=\"center\"><font face=\"Times New Roman\">3<\/font><\/td>\n<td>\n\t\t<font FACE=\"Times New Roman\">S\u00f8ren Hundsb\u00e6k<\/font><\/td>\n<td><font FACE=\"Times New Roman\"><\/p>\n<p ALIGN=\"RIGHT\">3,44<\/p>\n<p><\/font><\/td>\n<\/tr>\n<tr>\n<td align=\"center\"><font face=\"Times New Roman\">4<\/font><\/td>\n<td>\n\t\t<font FACE=\"Times New Roman\">Morten Dixen<\/font><\/td>\n<td><font FACE=\"Times New Roman\"><\/p>\n<p ALIGN=\"RIGHT\">3,00<\/p>\n<p><\/font><\/td>\n<\/tr>\n<tr>\n<td align=\"center\"><font face=\"Times New Roman\">5<\/font><\/td>\n<td>\n\t\t<font FACE=\"Times New Roman\">Niels Hildebrand<\/font><\/td>\n<td><font FACE=\"Times New Roman\"><\/p>\n<p ALIGN=\"RIGHT\">2,78<\/p>\n<p><\/font><\/td>\n<\/tr>\n<tr>\n<td align=\"center\"><font face=\"Times New Roman\">6<\/font><\/td>\n<td><font FACE=\"Times New Roman\">Steen V Jensen<\/font><\/td>\n<td><font FACE=\"Times New Roman\"><\/p>\n<p ALIGN=\"RIGHT\">2,75<\/p>\n<p><\/font><\/td>\n<\/tr>\n<tr>\n<td align=\"center\"><font face=\"Times New Roman\">7<\/font><\/td>\n<td><font FACE=\"Times New Roman\">Bo J\u00f8rgensen<\/font><\/td>\n<td><font FACE=\"Times New Roman\"><\/p>\n<p ALIGN=\"RIGHT\">2,38<\/p>\n<p><\/font><\/td>\n<\/tr>\n<tr>\n<td align=\"center\"><font face=\"Times New Roman\">8<\/font><\/td>\n<td>\n\t\t<font FACE=\"Times New Roman\">Shawn Kelly<\/font><\/td>\n<td><font FACE=\"Times New Roman\"><\/p>\n<p ALIGN=\"RIGHT\">1,64<\/p>\n<p><\/font><\/td>\n<\/tr>\n<tr>\n<td align=\"center\"><font face=\"Times New Roman\">9<\/font><\/td>\n<td><font FACE=\"Times New Roman\">Dan Holt<\/font><\/td>\n<td><font FACE=\"Times New Roman\"><\/p>\n<p ALIGN=\"RIGHT\">1,60<\/p>\n<p><\/font><\/td>\n<\/tr>\n<tr>\n<td align=\"center\"><font face=\"Times New Roman\">10<\/font><\/td>\n<td>\n\t\t<font FACE=\"Times New Roman\">Anders Friis Hansen<\/font><\/td>\n<td><font FACE=\"Times New Roman\"><\/p>\n<p ALIGN=\"RIGHT\">1,50<\/p>\n<p><\/font><\/td>\n<\/tr>\n<tr>\n<td align=\"center\"><font face=\"Times New Roman\">11<\/font><\/td>\n<td>\n\t\t<font FACE=\"Times New Roman\">Charlotte Hildebrand<\/font><\/td>\n<td><font FACE=\"Times New Roman\"><\/p>\n<p ALIGN=\"RIGHT\">1,44<\/p>\n<p><\/font><\/td>\n<\/tr>\n<tr>\n<td align=\"center\"><font face=\"Times New Roman\">12<\/font><\/td>\n<td>\n\t\t<font FACE=\"Times New Roman\">Karin Dinsen<\/font><\/td>\n<td><font FACE=\"Times New Roman\"><\/p>\n<p ALIGN=\"RIGHT\">1,17<\/p>\n<p><\/font><\/td>\n<\/tr>\n<tr>\n<td align=\"center\"><font face=\"Times New Roman\">13<\/font><\/td>\n<td>\n\t\t<font FACE=\"Times New Roman\">Heidi Rosenkilde<\/font><\/td>\n<td><font FACE=\"Times New Roman\"><\/p>\n<p ALIGN=\"RIGHT\">1,00<\/p>\n<p><\/font><\/td>\n<\/tr>\n<\/table>\n","protected":false},"excerpt":{"rendered":"<p>Plads Navn Snit 1 Per Loft 3,67 2 Christian M\u00f8nsted 3,45 3 S\u00f8ren Hundsb\u00e6k 3,44 4 Morten Dixen 3,00 5 Niels Hildebrand 2,78 6 Steen V Jensen 2,75 7 Bo J\u00f8rgensen 2,38 8 Shawn Kelly 1,64 9 Dan Holt 1,60 10 Anders Friis Hansen 1,50 11 Charlotte Hildebrand 1,44 12 Karin Dinsen 1,17 13 Heidi [&hellip;]<\/p>\n","protected":false},"author":1,"featured_media":0,"parent":6,"menu_order":0,"comment_status":"closed","ping_status":"closed","template":"","meta":{"footnotes":""},"_links":{"self":[{"href":"https:\/\/lh-ven.dk\/index.php?rest_route=\/wp\/v2\/pages\/46"}],"collection":[{"href":"https:\/\/lh-ven.dk\/index.php?rest_route=\/wp\/v2\/pages"}],"about":[{"href":"https:\/\/lh-ven.dk\/index.php?rest_route=\/wp\/v2\/types\/page"}],"author":[{"embeddable":true,"href":"https:\/\/lh-ven.dk\/index.php?rest_route=\/wp\/v2\/users\/1"}],"replies":[{"embeddable":true,"href":"https:\/\/lh-ven.dk\/index.php?rest_route=%2Fwp%2Fv2%2Fcomments&post=46"}],"version-history":[{"count":0,"href":"https:\/\/lh-ven.dk\/index.php?rest_route=\/wp\/v2\/pages\/46\/revisions"}],"up":[{"embeddable":true,"href":"https:\/\/lh-ven.dk\/index.php?rest_route=\/wp\/v2\/pages\/6"}],"wp:attachment":[{"href":"https:\/\/lh-ven.dk\/index.php?rest_route=%2Fwp%2Fv2%2Fmedia&parent=46"}],"curies":[{"name":"wp","href":"https:\/\/api.w.org\/{rel}","templated":true}]}}