{"id":48,"date":"2006-01-05T23:10:37","date_gmt":"2006-01-05T21:10:37","guid":{"rendered":"http:\/\/www.danholtjensen.dk\/lhven\/?page_id=48"},"modified":"2007-03-19T21:57:12","modified_gmt":"2007-03-19T20:57:12","slug":"spares-ialt","status":"publish","type":"page","link":"https:\/\/lh-ven.dk\/?page_id=48","title":{"rendered":"Spares ialt"},"content":{"rendered":"<p><\/p>\n<table border=\"0\" width=\"100%\">\n<tr>\n<td width=\"10%\" align=\"center\"><font face=\"Times New Roman\"><b>Plads<\/b><\/font><\/td>\n<td width=\"55%\"><font face=\"Times New Roman\"><b>Navn<\/b><\/font><\/td>\n<td width=\"15%\" align=\"right\"><b><font face=\"Times New Roman\">Ialt<\/font><\/b><\/td>\n<\/tr>\n<tr>\n<td align=\"center\"><font face=\"Times New Roman\">1<\/font><\/td>\n<td>\n\t\t<font FACE=\"Times New Roman\">Per Loft <\/font><\/td>\n<td><font FACE=\"Times New Roman\"><\/p>\n<p ALIGN=\"RIGHT\">187<\/p>\n<p><\/font><\/td>\n<\/tr>\n<tr>\n<td align=\"center\"><font face=\"Times New Roman\">2<\/font><\/td>\n<td>\n\t\t<font FACE=\"Times New Roman\">Christian M\u00f8nsted<\/font><\/td>\n<td><font FACE=\"Times New Roman\"><\/p>\n<p ALIGN=\"RIGHT\">107<\/p>\n<p><\/font><\/td>\n<\/tr>\n<tr>\n<td align=\"center\"><font face=\"Times New Roman\">3<\/font><\/td>\n<td>\n\t\t<font FACE=\"Times New Roman\">Steen V Jensen<\/font><\/td>\n<td><font FACE=\"Times New Roman\"><\/p>\n<p ALIGN=\"RIGHT\">99<\/p>\n<p><\/font><\/td>\n<\/tr>\n<tr>\n<td align=\"center\"><font face=\"Times New Roman\">4<\/font><\/td>\n<td>\n\t\t<font FACE=\"Times New Roman\">S\u00f8ren Hundsb\u00e6k<\/font><\/td>\n<td><font FACE=\"Times New Roman\"><\/p>\n<p ALIGN=\"RIGHT\">31<\/p>\n<p><\/font><\/td>\n<\/tr>\n<tr>\n<td align=\"center\"><font face=\"Times New Roman\">5<\/font><\/td>\n<td>\n\t\t<font FACE=\"Times New Roman\">Morten Dixen<\/font><\/td>\n<td><font FACE=\"Times New Roman\"><\/p>\n<p ALIGN=\"RIGHT\">30<\/p>\n<p><\/font><\/td>\n<\/tr>\n<tr>\n<td align=\"center\"><font face=\"Times New Roman\">6<\/font><\/td>\n<td>\n\t\t<font FACE=\"Times New Roman\">Niels Hildebrandt<\/font><\/td>\n<td><font FACE=\"Times New Roman\"><\/p>\n<p ALIGN=\"RIGHT\">25<\/p>\n<p><\/font><\/td>\n<\/tr>\n<tr>\n<td align=\"center\"><font face=\"Times New Roman\">7<\/font><\/td>\n<td>\n\t\t<font FACE=\"Times New Roman\">Bo J\u00f8rgensen<\/font><\/td>\n<td><font FACE=\"Times New Roman\"><\/p>\n<p ALIGN=\"RIGHT\">19<\/p>\n<p><\/font><\/td>\n<\/tr>\n<tr>\n<td align=\"center\"><font face=\"Times New Roman\">8<\/font><\/td>\n<td>\n\t\t<font FACE=\"Times New Roman\">Shawn Kelly<\/font><\/td>\n<td><font FACE=\"Times New Roman\"><\/p>\n<p ALIGN=\"RIGHT\">18<\/p>\n<p><\/font><\/td>\n<\/tr>\n<tr>\n<td align=\"center\"><font face=\"Times New Roman\">9<\/font><\/td>\n<td>\n\t\t<font FACE=\"Times New Roman\">Charlotte Hildebrand<\/font><\/td>\n<td><font FACE=\"Times New Roman\"><\/p>\n<p ALIGN=\"RIGHT\">13<\/p>\n<p><\/font><\/td>\n<\/tr>\n<tr>\n<td align=\"center\"><font face=\"Times New Roman\">10<\/font><\/td>\n<td>\n\t\t<font FACE=\"Times New Roman\">Anders Friis Hansen<\/font><\/td>\n<td><font FACE=\"Times New Roman\"><\/p>\n<p ALIGN=\"RIGHT\">9<\/p>\n<p><\/font><\/td>\n<\/tr>\n<tr>\n<td align=\"center\"><font face=\"Times New Roman\">11<\/font><\/td>\n<td>\n\t\t<font FACE=\"Times New Roman\">Dan Holt<\/font><\/td>\n<td><font FACE=\"Times New Roman\"><\/p>\n<p ALIGN=\"RIGHT\">8<\/p>\n<p><\/font><\/td>\n<\/tr>\n<tr>\n<td align=\"center\"><font face=\"Times New Roman\">12<\/font><\/td>\n<td>\n\t\t<font FACE=\"Times New Roman\">Karin Dinsen<\/font><\/td>\n<td><font FACE=\"Times New Roman\"><\/p>\n<p ALIGN=\"RIGHT\">7<\/p>\n<p><\/font><\/td>\n<\/tr>\n<tr>\n<td align=\"center\"><font face=\"Times New Roman\">13<\/font><\/td>\n<td>\n\t\t<font FACE=\"Times New Roman\">Heidi Rosenkilde<\/font><\/td>\n<td><font FACE=\"Times New Roman\"><\/p>\n<p ALIGN=\"RIGHT\">6<\/p>\n<p><\/font><\/td>\n<\/tr>\n<\/table>\n","protected":false},"excerpt":{"rendered":"<p>Plads Navn Ialt 1 Per Loft 187 2 Christian M\u00f8nsted 107 3 Steen V Jensen 99 4 S\u00f8ren Hundsb\u00e6k 31 5 Morten Dixen 30 6 Niels Hildebrandt 25 7 Bo J\u00f8rgensen 19 8 Shawn Kelly 18 9 Charlotte Hildebrand 13 10 Anders Friis Hansen 9 11 Dan Holt 8 12 Karin Dinsen 7 13 Heidi [&hellip;]<\/p>\n","protected":false},"author":1,"featured_media":0,"parent":6,"menu_order":0,"comment_status":"closed","ping_status":"closed","template":"","meta":{"footnotes":""},"_links":{"self":[{"href":"https:\/\/lh-ven.dk\/index.php?rest_route=\/wp\/v2\/pages\/48"}],"collection":[{"href":"https:\/\/lh-ven.dk\/index.php?rest_route=\/wp\/v2\/pages"}],"about":[{"href":"https:\/\/lh-ven.dk\/index.php?rest_route=\/wp\/v2\/types\/page"}],"author":[{"embeddable":true,"href":"https:\/\/lh-ven.dk\/index.php?rest_route=\/wp\/v2\/users\/1"}],"replies":[{"embeddable":true,"href":"https:\/\/lh-ven.dk\/index.php?rest_route=%2Fwp%2Fv2%2Fcomments&post=48"}],"version-history":[{"count":0,"href":"https:\/\/lh-ven.dk\/index.php?rest_route=\/wp\/v2\/pages\/48\/revisions"}],"up":[{"embeddable":true,"href":"https:\/\/lh-ven.dk\/index.php?rest_route=\/wp\/v2\/pages\/6"}],"wp:attachment":[{"href":"https:\/\/lh-ven.dk\/index.php?rest_route=%2Fwp%2Fv2%2Fmedia&parent=48"}],"curies":[{"name":"wp","href":"https:\/\/api.w.org\/{rel}","templated":true}]}}