{"id":50,"date":"2006-01-05T23:17:24","date_gmt":"2006-01-05T21:17:24","guid":{"rendered":"http:\/\/www.danholtjensen.dk\/lhven\/?page_id=50"},"modified":"2007-03-19T22:01:21","modified_gmt":"2007-03-19T21:01:21","slug":"h%c3%b8jeste-score-i-en-enkelt-serie","status":"publish","type":"page","link":"https:\/\/lh-ven.dk\/?page_id=50","title":{"rendered":"H\u00f8jeste score i en serie"},"content":{"rendered":"<p><\/p>\n<table border=\"0\" width=\"100%\">\n<tr>\n<td width=\"10%\" align=\"center\"><font face=\"Times New Roman\"><b>Plads<\/b><\/font><\/td>\n<td width=\"55%\"><font face=\"Times New Roman\"><b>Navn<\/b><\/font><\/td>\n<td width=\"15%\" align=\"right\"><b><font face=\"Times New Roman\">Point<\/font><\/b><\/td>\n<\/tr>\n<tr>\n<td align=\"center\"><font face=\"Times New Roman\">1<\/font><\/td>\n<td>\n\t\t<font FACE=\"Times New Roman\">Bo J\u00f8rgensen<\/font><\/td>\n<td><font FACE=\"Times New Roman\"><\/p>\n<p ALIGN=\"RIGHT\">187<\/p>\n<p><\/font><\/td>\n<\/tr>\n<tr>\n<td align=\"center\"><font face=\"Times New Roman\">2<\/font><\/td>\n<td>\n\t\t<font FACE=\"Times New Roman\">Steen V Jensen<\/font><\/td>\n<td><font FACE=\"Times New Roman\"><\/p>\n<p ALIGN=\"RIGHT\">181<\/p>\n<p><\/font><\/td>\n<\/tr>\n<tr>\n<td align=\"center\"><font face=\"Times New Roman\">3<\/font><\/td>\n<td>\n\t\t<font FACE=\"Times New Roman\">Niels Hildebrandt<\/font><\/td>\n<td><font FACE=\"Times New Roman\"><\/p>\n<p ALIGN=\"RIGHT\">180<\/p>\n<p><\/font><\/td>\n<\/tr>\n<tr>\n<td align=\"center\"><font face=\"Times New Roman\">4<\/font><\/td>\n<td>\n\t\t<font FACE=\"Times New Roman\">Per Loft <\/font><\/td>\n<td><font FACE=\"Times New Roman\"><\/p>\n<p ALIGN=\"RIGHT\">175<\/p>\n<p><\/font><\/td>\n<\/tr>\n<tr>\n<td align=\"center\"><font face=\"Times New Roman\">5<\/font><\/td>\n<td>\n\t\t<font FACE=\"Times New Roman\">Christian M\u00f8nsted<\/font><\/td>\n<td><font FACE=\"Times New Roman\"><\/p>\n<p ALIGN=\"RIGHT\">166<\/p>\n<p><\/font><\/td>\n<\/tr>\n<tr>\n<td align=\"center\"><font face=\"Times New Roman\">6<\/font><\/td>\n<td>\n\t\t<font FACE=\"Times New Roman\">Morten Dixen<\/font><\/td>\n<td><font FACE=\"Times New Roman\"><\/p>\n<p ALIGN=\"RIGHT\">164<\/p>\n<p><\/font><\/td>\n<\/tr>\n<tr>\n<td align=\"center\"><font face=\"Times New Roman\">7<\/font><\/td>\n<td>\n\t\t<font FACE=\"Times New Roman\">S\u00f8ren Hundsb\u00e6k<\/font><\/td>\n<td><font FACE=\"Times New Roman\"><\/p>\n<p ALIGN=\"RIGHT\">163<\/p>\n<p><\/font><\/td>\n<\/tr>\n<tr>\n<td align=\"center\"><font face=\"Times New Roman\">8<\/font><\/td>\n<td>\n\t\t<font FACE=\"Times New Roman\">Shawn Kelly<\/font><\/td>\n<td><font FACE=\"Times New Roman\"><\/p>\n<p ALIGN=\"RIGHT\">141<\/p>\n<p><\/font><\/td>\n<\/tr>\n<tr>\n<td align=\"center\"><font face=\"Times New Roman\">9<\/font><\/td>\n<td>\n\t\t<font FACE=\"Times New Roman\">Dan Holt<\/font><\/td>\n<td><font FACE=\"Times New Roman\"><\/p>\n<p ALIGN=\"RIGHT\">138<\/p>\n<p><\/font><\/td>\n<\/tr>\n<tr>\n<td align=\"center\"><font face=\"Times New Roman\">10<\/font><\/td>\n<td>\n\t\t<font FACE=\"Times New Roman\">Anders Friis Hansen<\/font><\/td>\n<td><font FACE=\"Times New Roman\"><\/p>\n<p ALIGN=\"RIGHT\">130<\/p>\n<p><\/font><\/td>\n<\/tr>\n<tr>\n<td align=\"center\"><font face=\"Times New Roman\">11<\/font><\/td>\n<td>\n\t\t<font FACE=\"Times New Roman\">Karin Dinsen<\/font><\/td>\n<td><font FACE=\"Times New Roman\"><\/p>\n<p ALIGN=\"RIGHT\">128<\/p>\n<p><\/font><\/td>\n<\/tr>\n<tr>\n<td align=\"center\"><font face=\"Times New Roman\">12<\/font><\/td>\n<td>\n\t\t<font FACE=\"Times New Roman\">Charlotte Hildebrand<\/font><\/td>\n<td><font FACE=\"Times New Roman\"><\/p>\n<p ALIGN=\"RIGHT\">116<\/p>\n<p><\/font><\/td>\n<\/tr>\n<tr>\n<td align=\"center\"><font face=\"Times New Roman\">13<\/font><\/td>\n<td>\n\t\t<font FACE=\"Times New Roman\">Heidi Rosenkilde<\/font><\/td>\n<td><font FACE=\"Times New Roman\"><\/p>\n<p ALIGN=\"RIGHT\">88<\/p>\n<p><\/font><\/td>\n<\/tr>\n<\/table>\n","protected":false},"excerpt":{"rendered":"<p>Plads Navn Point 1 Bo J\u00f8rgensen 187 2 Steen V Jensen 181 3 Niels Hildebrandt 180 4 Per Loft 175 5 Christian M\u00f8nsted 166 6 Morten Dixen 164 7 S\u00f8ren Hundsb\u00e6k 163 8 Shawn Kelly 141 9 Dan Holt 138 10 Anders Friis Hansen 130 11 Karin Dinsen 128 12 Charlotte Hildebrand 116 13 Heidi [&hellip;]<\/p>\n","protected":false},"author":1,"featured_media":0,"parent":6,"menu_order":0,"comment_status":"closed","ping_status":"closed","template":"","meta":{"footnotes":""},"_links":{"self":[{"href":"https:\/\/lh-ven.dk\/index.php?rest_route=\/wp\/v2\/pages\/50"}],"collection":[{"href":"https:\/\/lh-ven.dk\/index.php?rest_route=\/wp\/v2\/pages"}],"about":[{"href":"https:\/\/lh-ven.dk\/index.php?rest_route=\/wp\/v2\/types\/page"}],"author":[{"embeddable":true,"href":"https:\/\/lh-ven.dk\/index.php?rest_route=\/wp\/v2\/users\/1"}],"replies":[{"embeddable":true,"href":"https:\/\/lh-ven.dk\/index.php?rest_route=%2Fwp%2Fv2%2Fcomments&post=50"}],"version-history":[{"count":0,"href":"https:\/\/lh-ven.dk\/index.php?rest_route=\/wp\/v2\/pages\/50\/revisions"}],"up":[{"embeddable":true,"href":"https:\/\/lh-ven.dk\/index.php?rest_route=\/wp\/v2\/pages\/6"}],"wp:attachment":[{"href":"https:\/\/lh-ven.dk\/index.php?rest_route=%2Fwp%2Fv2%2Fmedia&parent=50"}],"curies":[{"name":"wp","href":"https:\/\/api.w.org\/{rel}","templated":true}]}}