{"id":82,"date":"2008-03-12T17:32:10","date_gmt":"2008-03-12T16:32:10","guid":{"rendered":"http:\/\/www.lh-ven.dk\/lhven\/?page_id=82"},"modified":"2012-04-23T16:49:30","modified_gmt":"2012-04-23T15:49:30","slug":"meld-mig-ind","status":"publish","type":"page","link":"https:\/\/lh-ven.dk\/?page_id=82","title":{"rendered":"<b>Meld mig ind!<\/b>"},"content":{"rendered":"<p>\tSkriv til os p\u00e5 facebook LH`s Venner eller p\u00e5 vores nye mail lhsvenner@gmail.com, og vi vil kontakte dig snarest for at tilf\u00f8je dig som medlem af Vennerne.<\/p>\n","protected":false},"excerpt":{"rendered":"<p>Skriv til os p\u00e5 facebook LH`s Venner eller p\u00e5 vores nye mail lhsvenner@gmail.com, og vi vil kontakte dig snarest for at tilf\u00f8je dig som medlem af Vennerne.<\/p>\n","protected":false},"author":1,"featured_media":0,"parent":0,"menu_order":8,"comment_status":"closed","ping_status":"closed","template":"","meta":{"footnotes":""},"_links":{"self":[{"href":"https:\/\/lh-ven.dk\/index.php?rest_route=\/wp\/v2\/pages\/82"}],"collection":[{"href":"https:\/\/lh-ven.dk\/index.php?rest_route=\/wp\/v2\/pages"}],"about":[{"href":"https:\/\/lh-ven.dk\/index.php?rest_route=\/wp\/v2\/types\/page"}],"author":[{"embeddable":true,"href":"https:\/\/lh-ven.dk\/index.php?rest_route=\/wp\/v2\/users\/1"}],"replies":[{"embeddable":true,"href":"https:\/\/lh-ven.dk\/index.php?rest_route=%2Fwp%2Fv2%2Fcomments&post=82"}],"version-history":[{"count":7,"href":"https:\/\/lh-ven.dk\/index.php?rest_route=\/wp\/v2\/pages\/82\/revisions"}],"predecessor-version":[{"id":290,"href":"https:\/\/lh-ven.dk\/index.php?rest_route=\/wp\/v2\/pages\/82\/revisions\/290"}],"wp:attachment":[{"href":"https:\/\/lh-ven.dk\/index.php?rest_route=%2Fwp%2Fv2%2Fmedia&parent=82"}],"curies":[{"name":"wp","href":"https:\/\/api.w.org\/{rel}","templated":true}]}}